{"id":1368,"date":"2021-07-09T11:24:20","date_gmt":"2021-07-09T09:24:20","guid":{"rendered":"https:\/\/elemelingua.com\/clone-of-learning-style-test\/"},"modified":"2021-11-01T15:11:41","modified_gmt":"2021-11-01T14:11:41","slug":"prueba-de-estilo-de-aprendizaje","status":"publish","type":"page","link":"https:\/\/elemelingua.com\/es\/prueba-de-estilo-de-aprendizaje\/","title":{"rendered":"Prueba de estilo de aprendizaje"},"content":{"rendered":"<p style=\"text-align: center;\"><strong>\u00bfCon qu\u00e9 <span style=\"color: rgb(127, 208, 51);\">e<\/span><span style=\"color: var(--tcb-skin-color-0);\">s<\/span><span style=\"color: rgb(224, 37, 71);\">t<\/span><span style=\"color: rgb(230, 140, 45);\">i<\/span><span style=\"color: rgb(127, 208, 51);\">l<\/span><span style=\"color: var(--tcb-skin-color-0);\">o<\/span> <span style=\"color: rgb(224, 37, 71);\">d<\/span><span style=\"color: rgb(230, 140, 45);\">e<\/span> <span style=\"color: rgb(127, 208, 51);\">a<\/span><span style=\"color: var(--tcb-skin-color-0);\">p<\/span><span style=\"color: rgb(224, 37, 71);\">r<\/span><span style=\"color: rgb(230, 140, 45);\">e<\/span><span style=\"color: rgb(127, 208, 51);\">n<\/span><span style=\"color: var(--tcb-skin-color-0);\">d<\/span><span style=\"color: rgb(224, 37, 71);\">i<\/span><span style=\"color: rgb(230, 140, 45);\">z<\/span><span style=\"color: rgb(127, 208, 51);\">a<\/span><span style=\"color: var(--tcb-skin-color-0);\">j<\/span><span style=\"color: rgb(224, 37, 71);\">e<\/span> te identificas?<span style=\"color: rgb(127, 208, 51);\"><\/span><\/strong><\/p>\n<p><span style=\"\"><a href=\"https:\/\/elemelingua.com\/wp-content\/uploads\/2020\/11\/elements-together.png\" target=\"_blank\" rel=\"noopener\"><img alt=\"\" data-id=\"607\" width=\"347\" data-init-width=\"1508\" height=\"313\" data-init-height=\"1360\" title=\"elements together\" src=\"\/\/elemelingua.com\/wp-content\/uploads\/2020\/11\/elements-together.png\" data-width=\"347\" data-height=\"313\" data-link-wrap=\"true\" style=\"\" ml-d=\"-1\" mt-d=\"0\" center-v-d=\"true\" ml-m=\"-2.9810000000000514\" loading=\"lazy\"><\/a><\/span><\/p>\n<p style=\"\">A continuaci\u00f3n, encontrar\u00e1s nuestra <em>Prueba de estilo de aprendizaje<\/em>. Compl\u00e9talo para averiguar cu\u00e1l es tu <strong>estilo de aprendizaje<\/strong> y cu\u00e1l es la mejor manera para que aprendas un idioma. Adem\u00e1s, tambi\u00e9n hemos escrito un art\u00edculo sobre los diferentes estilos de aprendizaje al que puedes acceder <a href=\"https:\/\/elemelingua.com\/es\/cual-es-la-mejor-forma-de-aprender-un-idioma\/\" target=\"_blank\" rel=\"noopener\"><strong>aqu\u00ed<\/strong><\/a>.<\/p>\n","protected":false},"excerpt":{"rendered":"<p>\u00bfCon qu\u00e9 estilo de aprendizaje te identificas? A continuaci\u00f3n, encontrar\u00e1s nuestra Prueba de estilo de aprendizaje. Compl\u00e9talo para averiguar cu\u00e1l es tu estilo de aprendizaje y cu\u00e1l es la mejor manera para que aprendas un idioma. Adem\u00e1s, tambi\u00e9n hemos escrito un art\u00edculo sobre los diferentes estilos de aprendizaje al que puedes acceder aqu\u00ed.<\/p>\n","protected":false},"author":1,"featured_media":616,"parent":0,"menu_order":0,"comment_status":"closed","ping_status":"closed","template":"","meta":{"spay_email":""},"_links":{"self":[{"href":"https:\/\/elemelingua.com\/es\/wp-json\/wp\/v2\/pages\/1368"}],"collection":[{"href":"https:\/\/elemelingua.com\/es\/wp-json\/wp\/v2\/pages"}],"about":[{"href":"https:\/\/elemelingua.com\/es\/wp-json\/wp\/v2\/types\/page"}],"author":[{"embeddable":true,"href":"https:\/\/elemelingua.com\/es\/wp-json\/wp\/v2\/users\/1"}],"replies":[{"embeddable":true,"href":"https:\/\/elemelingua.com\/es\/wp-json\/wp\/v2\/comments?post=1368"}],"version-history":[{"count":8,"href":"https:\/\/elemelingua.com\/es\/wp-json\/wp\/v2\/pages\/1368\/revisions"}],"predecessor-version":[{"id":3881,"href":"https:\/\/elemelingua.com\/es\/wp-json\/wp\/v2\/pages\/1368\/revisions\/3881"}],"wp:featuredmedia":[{"embeddable":true,"href":"https:\/\/elemelingua.com\/es\/wp-json\/wp\/v2\/media\/616"}],"wp:attachment":[{"href":"https:\/\/elemelingua.com\/es\/wp-json\/wp\/v2\/media?parent=1368"}],"curies":[{"name":"wp","href":"https:\/\/api.w.org\/{rel}","templated":true}]}}