{"id":1481,"date":"2021-07-12T15:15:52","date_gmt":"2021-07-12T13:15:52","guid":{"rendered":"https:\/\/elemelingua.com\/clone-of-learning-method\/"},"modified":"2021-08-31T16:04:47","modified_gmt":"2021-08-31T14:04:47","slug":"el-metodo-de-aprendizaje","status":"publish","type":"page","link":"https:\/\/elemelingua.com\/es\/el-metodo-de-aprendizaje\/","title":{"rendered":"El m\u00e9todo de aprendizaje"},"content":{"rendered":"<h1 style=\"text-align: center;\"><strong>El m\u00e9todo de aprendizaje de <span style=\"color: var(--tcb-skin-color-0);\">E<\/span><span style=\"color: rgb(230, 140, 45);\">l<\/span><span style=\"color: rgb(127, 208, 51);\">e<\/span><span style=\"color: rgb(224, 37, 71);\">m<\/span><span style=\"color: var(--tcb-skin-color-0);\">e<\/span><span style=\"color: rgb(230, 140, 45);\">l<\/span><span style=\"color: rgb(127, 208, 51);\">i<\/span><span style=\"color: rgb(224, 37, 71);\">n<\/span><span style=\"color: var(--tcb-skin-color-0);\">g<\/span><span style=\"color: rgb(230, 140, 45);\">u<\/span><span style=\"color: rgb(127, 208, 51);\">a<\/span><\/strong><\/h1>\n<h6 style=\"\"><strong>Nuestro m\u00e9todo de aprendizaje est\u00e1 compuesto por 5 pilares clave:<\/strong><\/h6>\n<p><span style=\"\"><a href=\"https:\/\/elemelingua.com\/wp-content\/uploads\/2021\/07\/words.png\" target=\"_blank\" rel=\"noopener\"><img alt=\"\" data-id=\"1461\" width=\"244\" data-init-width=\"500\" height=\"244\" data-init-height=\"500\" title=\"words\" src=\"https:\/\/elemelingua.com\/wp-content\/uploads\/2021\/07\/words.png\" data-width=\"244\" data-height=\"244\" data-link-wrap=\"true\" style=\"\" mt-d=\"-6.992000000000004\" center-v-d=\"false\" mt-t=\"-6.979200000000006\" mt-m=\"-1.3149999999999977\" ml-m=\"0\" loading=\"lazy\"><\/a><\/span><\/p>\n<h2 style=\"\"><strong><strong>Aprender<\/strong> <span style=\"color: rgb(224, 37, 71);\">frases<\/span> en vez de palabras<\/strong><\/h2>\n<p style=\"\">A trav\u00e9s de nuestro m\u00e9todo no aprendemos palabras sueltas. Aprendemos las <strong><span style=\"color: rgb(224, 37, 71);\">estructuras<\/span><\/strong> y las palabras m\u00e1s comunes de las <strong><span style=\"color: rgb(224, 37, 71);\">oraciones<\/span><\/strong> mediante <strong><span style=\"color: rgb(224, 37, 71);\">tarjetas<\/span><\/strong>.<\/p>\n<p><span style=\"\"><a href=\"https:\/\/elemelingua.com\/wp-content\/uploads\/2021\/07\/zywioly.png\" target=\"_blank\" rel=\"noopener\"><img alt=\"\" data-id=\"1415\" width=\"244\" data-init-width=\"500\" height=\"244\" data-init-height=\"500\" title=\"zywioly\" src=\"https:\/\/elemelingua.com\/wp-content\/uploads\/2021\/07\/zywioly.png\" data-width=\"244\" data-height=\"244\" data-link-wrap=\"true\" style=\"\" mt-d=\"0\" center-v-d=\"false\" mt-m=\"0\" loading=\"lazy\"><\/a><\/span><\/p>\n<h2 style=\"\"><strong>Cuatro&nbsp;<span style=\"color: rgb(230, 140, 45);\"><strong>estilos de aprendizaje<\/strong><\/span><\/strong><\/h2>\n<p style=\"\">Nuestros cursos est\u00e1n adaptados a los 4 estilos de aprendizaje con el fin de ofrecer una <strong><span style=\"color: rgb(230, 140, 45);\">mejor experiencia de aprendizaje<\/span><\/strong>. Empezamos escuchando y leyendo para despu\u00e9s poder pasar a la escritura y al di\u00e1logo.<\/p>\n<ul>\n<li style=\"\"><span><a href=\"https:\/\/elemelingua.com\/es\/categoria\/cinco-pilares\/estilos-de-aprendizaje\/\" style=\"outline: none;\">Haz clic aqu\u00ed para aprender m\u00e1s sobre los estilos de aprendizaje<\/a><\/span><\/li>\n<li style=\"\"><span><a href=\"https:\/\/elemelingua.com\/es\/prueba-de-estilo-de-aprendizaje\/\" style=\"outline: none;\">Haz clic aqu\u00ed para realizar nuestro test y comprobar cu\u00e1l es tu estilo de aprendizaje<\/a><\/span><\/li>\n<\/ul>\n<p><span style=\"\"><a href=\"https:\/\/elemelingua.com\/wp-content\/uploads\/2021\/07\/intelligence.png\" target=\"_blank\" rel=\"noopener\"><img alt=\"\" data-id=\"1450\" width=\"244\" data-init-width=\"500\" height=\"244\" data-init-height=\"500\" title=\"intelligence\" src=\"https:\/\/elemelingua.com\/wp-content\/uploads\/2021\/07\/intelligence.png\" data-width=\"244\" data-height=\"244\" data-link-wrap=\"true\" style=\"\" mt-d=\"0\" center-v-d=\"false\" ml-d=\"-0.8507000000000033\" mt-m=\"-1.3939999999999486\" mt-t=\"0\" loading=\"lazy\"><\/a><\/span><\/p>\n<h2 style=\"color: var(--tcb-skin-color-3)  !important; --tcb-applied-color:var$(--tcb-skin-color-3)  !important;\"><strong><span style=\"color: var(--tcb-skin-color-0);\">Inteligencia<\/span> artificial<\/strong><\/h2>\n<p style=\"\">Nuestros cursos se encuentran en <strong><span style=\"color: var(--tcb-skin-color-0);\">Globott<\/span><\/strong>, una aplicaci\u00f3n personalizada que recuerda c\u00f3mo aprendemos y planifica la programaci\u00f3n de repeticiones de tarjetas de cada estudiante en funci\u00f3n de su comportamiento (<strong><span style=\"color: var(--tcb-skin-color-0);\">repetici\u00f3n espaciada<\/span><\/strong>).<\/p>\n<p><span style=\"\"><a href=\"https:\/\/elemelingua.com\/wp-content\/uploads\/2021\/07\/social.png\" target=\"_blank\" rel=\"noopener\"><img alt=\"\" data-id=\"1438\" width=\"244\" data-init-width=\"500\" height=\"244\" data-init-height=\"500\" title=\"social\" src=\"https:\/\/elemelingua.com\/wp-content\/uploads\/2021\/07\/social.png\" data-width=\"244\" data-height=\"244\" data-link-wrap=\"true\" style=\"\" mt-d=\"-6.979000000000013\" center-v-d=\"false\" mt-m=\"-2.630999999999972\" mt-t=\"-6.99199999999999\" ml-d=\"0\" loading=\"lazy\"><\/a><\/span><\/p>\n<h2 style=\"color: var(--tcb-skin-color-3)  !important; --tcb-applied-color:var$(--tcb-skin-color-3)  !important;\"><strong><span style=\"color: var(--tcb-skin-color-3);\"><strong>Aprendizaje <\/strong><\/span><span style=\"color: rgb(127, 208, 51);\">social<\/span>&nbsp;<\/strong><\/h2>\n<p style=\"\">Aprender junto a <strong><span style=\"color: rgb(127, 208, 51);\">otros estudiantes<\/span><\/strong> y <strong><span style=\"color: rgb(127, 208, 51);\">profesores<\/span><\/strong> nos ayuda a aprender m\u00e1s r\u00e1pido y de manera m\u00e1s efectiva.<\/p>\n<p><span style=\"\"><a href=\"https:\/\/elemelingua.com\/wp-content\/uploads\/2021\/07\/gamification-1.png\" target=\"_blank\" rel=\"noopener\"><img alt=\"\" data-id=\"1426\" width=\"244\" data-init-width=\"500\" height=\"244\" data-init-height=\"500\" title=\"gamification\" src=\"https:\/\/elemelingua.com\/wp-content\/uploads\/2021\/07\/gamification-1.png\" data-width=\"244\" data-height=\"244\" data-link-wrap=\"true\" style=\"\" mt-d=\"0\" center-v-d=\"false\" mt-m=\"0\" ml-d=\"0\" loading=\"lazy\"><\/a><\/span><\/p>\n<h2 style=\"color: var(--tcb-skin-color-3)  !important; --tcb-applied-color:var$(--tcb-skin-color-3)  !important;\"><strong><strong>Motivaci\u00f3n a trav\u00e9s de la<\/strong> <span style=\"color: rgb(230, 140, 45);\"><strong>gamificaci\u00f3n<\/strong><\/span><\/strong><\/h2>\n<p style=\"\">A trav\u00e9s de la gamificaci\u00f3n, a\u00f1adimos diferentes elementos que<span style=\"color: rgb(230, 140, 45);\">&nbsp;<\/span><strong><span style=\"color: rgb(230, 140, 45);\">aumentan la motivaci\u00f3n<\/span><\/strong> y construyen buenos<strong><span style=\"color: rgb(230, 140, 45);\"> h\u00e1bitos de aprendizaje<\/span><\/strong>. Gracias a esto, nuestros estudiantes aprenden de media 4-5 d\u00edas por semana.<\/p>\n","protected":false},"excerpt":{"rendered":"<p>El m\u00e9todo de aprendizaje de Elemelingua Nuestro m\u00e9todo de aprendizaje est\u00e1 compuesto por 5 pilares clave: Aprender frases en vez de palabras A trav\u00e9s de nuestro m\u00e9todo no aprendemos palabras sueltas. Aprendemos las estructuras y las palabras m\u00e1s comunes de las oraciones mediante tarjetas. Cuatro&nbsp;estilos de aprendizaje Nuestros cursos est\u00e1n adaptados a los 4 estilos [&hellip;]<\/p>\n","protected":false},"author":1,"featured_media":1470,"parent":0,"menu_order":0,"comment_status":"closed","ping_status":"closed","template":"","meta":{"spay_email":""},"_links":{"self":[{"href":"https:\/\/elemelingua.com\/es\/wp-json\/wp\/v2\/pages\/1481"}],"collection":[{"href":"https:\/\/elemelingua.com\/es\/wp-json\/wp\/v2\/pages"}],"about":[{"href":"https:\/\/elemelingua.com\/es\/wp-json\/wp\/v2\/types\/page"}],"author":[{"embeddable":true,"href":"https:\/\/elemelingua.com\/es\/wp-json\/wp\/v2\/users\/1"}],"replies":[{"embeddable":true,"href":"https:\/\/elemelingua.com\/es\/wp-json\/wp\/v2\/comments?post=1481"}],"version-history":[{"count":7,"href":"https:\/\/elemelingua.com\/es\/wp-json\/wp\/v2\/pages\/1481\/revisions"}],"predecessor-version":[{"id":2259,"href":"https:\/\/elemelingua.com\/es\/wp-json\/wp\/v2\/pages\/1481\/revisions\/2259"}],"wp:featuredmedia":[{"embeddable":true,"href":"https:\/\/elemelingua.com\/es\/wp-json\/wp\/v2\/media\/1470"}],"wp:attachment":[{"href":"https:\/\/elemelingua.com\/es\/wp-json\/wp\/v2\/media?parent=1481"}],"curies":[{"name":"wp","href":"https:\/\/api.w.org\/{rel}","templated":true}]}}