{"id":1798,"date":"2021-07-29T10:32:46","date_gmt":"2021-07-29T08:32:46","guid":{"rendered":"https:\/\/elemelingua.com\/clone-of-tu-estilo-es-aire\/"},"modified":"2021-07-29T10:34:39","modified_gmt":"2021-07-29T08:34:39","slug":"tu-estilo-es-fuego","status":"publish","type":"page","link":"https:\/\/elemelingua.com\/es\/tu-estilo-es-fuego\/","title":{"rendered":"Tu estilo es FUEGO"},"content":{"rendered":"<h2 style=\"text-align: center;\"><span style=\"font-weight: normal;\">Tu estilo es&nbsp;<\/span><span style=\"color: var(--tcb-color-1);\">F<\/span><span style=\"color: rgb(230, 140, 45);\">U<\/span><span style=\"color: rgb(127, 208, 51);\">E<\/span><span style=\"color: rgb(224, 37, 71);\">G<\/span><span style=\"color: var(--tcb-color-1);\">O<\/span><span style=\"font-weight: normal;\">!<\/span><\/h2>\n<p><span><a href=\"https:\/\/elemelingua.com\/wp-content\/uploads\/2020\/10\/Ogien\u0301-2.png\" target=\"_blank\" rel=\"noopener\"><img alt=\"\" data-id=\"444\" width=\"395\" data-init-width=\"1313\" height=\"580\" data-init-height=\"1927\" title=\"Ogien\u0301-2\" src=\"https:\/\/elemelingua.com\/wp-content\/uploads\/2020\/10\/Ogien\u0301-2.png\" data-width=\"395\" data-height=\"580\" data-link-wrap=\"true\" ml-d=\"0\" style=\"\" loading=\"lazy\"><\/a><\/span><\/p>\n<p style=\"text-align: center;\"><span>\u00bfTe gustar\u00eda recibir por e-mail un mini curso en el que te explicar\u00e9 c\u00f3mo deber\u00edas aprender siendo <strong>FUEGO<\/strong>?En caso de ser as\u00ed, por favor, a continuaci\u00f3n selecciona el nivel de idioma e inscr\u00edbete al mini curso.<\/span><\/p>\n","protected":false},"excerpt":{"rendered":"<p>Tu estilo es&nbsp;FUEGO! \u00bfTe gustar\u00eda recibir por e-mail un mini curso en el que te explicar\u00e9 c\u00f3mo deber\u00edas aprender siendo FUEGO?En caso de ser as\u00ed, por favor, a continuaci\u00f3n selecciona el nivel de idioma e inscr\u00edbete al mini curso.<\/p>\n","protected":false},"author":1,"featured_media":0,"parent":0,"menu_order":0,"comment_status":"closed","ping_status":"closed","template":"","meta":{"spay_email":""},"_links":{"self":[{"href":"https:\/\/elemelingua.com\/es\/wp-json\/wp\/v2\/pages\/1798"}],"collection":[{"href":"https:\/\/elemelingua.com\/es\/wp-json\/wp\/v2\/pages"}],"about":[{"href":"https:\/\/elemelingua.com\/es\/wp-json\/wp\/v2\/types\/page"}],"author":[{"embeddable":true,"href":"https:\/\/elemelingua.com\/es\/wp-json\/wp\/v2\/users\/1"}],"replies":[{"embeddable":true,"href":"https:\/\/elemelingua.com\/es\/wp-json\/wp\/v2\/comments?post=1798"}],"version-history":[{"count":4,"href":"https:\/\/elemelingua.com\/es\/wp-json\/wp\/v2\/pages\/1798\/revisions"}],"predecessor-version":[{"id":1804,"href":"https:\/\/elemelingua.com\/es\/wp-json\/wp\/v2\/pages\/1798\/revisions\/1804"}],"wp:attachment":[{"href":"https:\/\/elemelingua.com\/es\/wp-json\/wp\/v2\/media?parent=1798"}],"curies":[{"name":"wp","href":"https:\/\/api.w.org\/{rel}","templated":true}]}}