{"id":1801,"date":"2021-07-29T10:34:11","date_gmt":"2021-07-29T08:34:11","guid":{"rendered":"https:\/\/elemelingua.com\/clone-of-tu-estilo-es-fuego\/"},"modified":"2021-07-29T10:35:37","modified_gmt":"2021-07-29T08:35:37","slug":"tu-estilo-es-tierra","status":"publish","type":"page","link":"https:\/\/elemelingua.com\/es\/tu-estilo-es-tierra\/","title":{"rendered":"Tu estilo es TIERRA"},"content":{"rendered":"<h2 style=\"text-align: center;\"><span style=\"font-weight: normal;\">Tu estilo es&nbsp;<\/span><span style=\"color: var(--tcb-color-1);\">T<\/span><span style=\"color: rgb(230, 140, 45);\">I<\/span><span style=\"color: rgb(127, 208, 51);\">E<\/span><span style=\"color: rgb(224, 37, 71);\">R<\/span><span style=\"color: var(--tcb-color-1);\">R<\/span><span style=\"color: rgb(230, 140, 45);\">A<\/span><span style=\"font-weight: normal;\">!<\/span><\/h2>\n<p><span><a href=\"https:\/\/elemelingua.com\/wp-content\/uploads\/2020\/10\/Ziemia-pozy-2-1.png\" target=\"_blank\" rel=\"noopener\"><img alt=\"\" data-id=\"562\" width=\"395\" data-init-width=\"1688\" height=\"437\" data-init-height=\"1865\" title=\"Ziemia - pozy-2\" loading=\"lazy\" src=\"https:\/\/elemelingua.com\/wp-content\/uploads\/2020\/10\/Ziemia-pozy-2-1.png\" data-width=\"395\" data-height=\"437\" data-link-wrap=\"true\" ml-d=\"0\" style=\"\"><\/a><\/span><\/p>\n<p style=\"text-align: center;\"><span>\u00bfTe gustar\u00eda recibir por e-mail un mini curso en el que te explicar\u00e9 c\u00f3mo deber\u00edas aprender siendo <strong>TIERRA<\/strong>?En caso de ser as\u00ed, por favor, a continuaci\u00f3n selecciona el nivel de idioma e inscr\u00edbete al mini curso.<\/span><\/p>\n","protected":false},"excerpt":{"rendered":"<p>Tu estilo es&nbsp;TIERRA! \u00bfTe gustar\u00eda recibir por e-mail un mini curso en el que te explicar\u00e9 c\u00f3mo deber\u00edas aprender siendo TIERRA?En caso de ser as\u00ed, por favor, a continuaci\u00f3n selecciona el nivel de idioma e inscr\u00edbete al mini curso.<\/p>\n","protected":false},"author":1,"featured_media":0,"parent":0,"menu_order":0,"comment_status":"closed","ping_status":"closed","template":"","meta":{"spay_email":""},"_links":{"self":[{"href":"https:\/\/elemelingua.com\/es\/wp-json\/wp\/v2\/pages\/1801"}],"collection":[{"href":"https:\/\/elemelingua.com\/es\/wp-json\/wp\/v2\/pages"}],"about":[{"href":"https:\/\/elemelingua.com\/es\/wp-json\/wp\/v2\/types\/page"}],"author":[{"embeddable":true,"href":"https:\/\/elemelingua.com\/es\/wp-json\/wp\/v2\/users\/1"}],"replies":[{"embeddable":true,"href":"https:\/\/elemelingua.com\/es\/wp-json\/wp\/v2\/comments?post=1801"}],"version-history":[{"count":2,"href":"https:\/\/elemelingua.com\/es\/wp-json\/wp\/v2\/pages\/1801\/revisions"}],"predecessor-version":[{"id":1805,"href":"https:\/\/elemelingua.com\/es\/wp-json\/wp\/v2\/pages\/1801\/revisions\/1805"}],"wp:attachment":[{"href":"https:\/\/elemelingua.com\/es\/wp-json\/wp\/v2\/media?parent=1801"}],"curies":[{"name":"wp","href":"https:\/\/api.w.org\/{rel}","templated":true}]}}