{"id":1809,"date":"2021-07-29T10:37:33","date_gmt":"2021-07-29T08:37:33","guid":{"rendered":"https:\/\/elemelingua.com\/clone-of-testimonials\/"},"modified":"2021-09-23T15:39:32","modified_gmt":"2021-09-23T13:39:32","slug":"testimonios","status":"publish","type":"page","link":"https:\/\/elemelingua.com\/es\/testimonios\/","title":{"rendered":"Testimonios"},"content":{"rendered":"<p style=\"text-align: left;\"><span style=\"\"><b><b>Testimonios de los alumnos<\/b><\/b><\/span><\/p>\n<p><span style=\"font-family: Raleway; color: var(--tcb-skin-color-3); font-weight: 400;\"><\/span><\/p>\n<h4>Vivo en un lugar donde el franc\u00e9s es el segundo idioma. Finalmente me atrevo a hablarlo<\/h4>\n<p><p><span style=\"font-weight: 400;\">No ten\u00eda el coraje para hablar. Todav\u00eda estaba estudiando en escuelas de idiomas utilizando los m\u00e9todos cl\u00e1sicos y estaba en un camino negro. El destino me llev\u00f3 a Suiza, donde incluso un trabajador o un limpiador hablan por lo menos 3 idiomas de manera fluida. Estaba avergonzada porque no sab\u00eda hablar ninguno de ellos. El m\u00e9todo de este curso me ha permitido entender conversaciones mucho m\u00e1s r\u00e1pido. Antes, siempre ten\u00eda que imaginarme en mi cabeza una frase como si estuviera escrita y, despu\u00e9s, finalmente la soltaba con todos los posibles errores que se pudieran cometer. Estaba aprendiendo dos idiomas al mismo tiempo. Alem\u00e1n, que lo he estado aprendiendo durante 3 a\u00f1os (actualmente tengo 55 a\u00f1os), y franc\u00e9s. Ahora, tras este curso, empiezo a hablar con valent\u00eda y correctamente. Sin pensar de manera consciente, hay palabras que no he usado antes (dentro del alcance del curso, claro). En cuanto al franc\u00e9s, mientras veo pel\u00edculas en este idioma, capto muchas palabras e incluso entiendo oraciones simples. Vivo en un lugar donde el franc\u00e9s es el segundo idioma. Finalmente me atrevo a hablarlo. \u00a1Gracias!<\/span><\/p>\n<\/p>\n<p><img src=\"http:\/\/elemelingua.com\/wp-content\/plugins\/thrive-ovation\/admin\/img\/tvo-no-photo.png\" alt=\"profile-pic\"><span>Beata Mieszkowska \ud83c\uddeb\ud83c\uddf7<\/span><\/p>\n<h4>La intensidad y efectividad del curso online han tenido un nivel muy alto<\/h4>\n<p><p><span style=\"font-weight: 400;\">La \u00faltima vez que asist\u00ed a una clase de ingl\u00e9s me di cuenta de que el profesor no hablaba en ingl\u00e9s con los alumnos as\u00ed que dej\u00e9 las clases. \u00bfQu\u00e9 hizo que te apuntaras al curso? En primer lugar, la experiencia de Konrad y el m\u00e9todo pol\u00edglota en la ense\u00f1anza de cualquier idioma. Por experiencia propia conozco algunos m\u00e9todos pol\u00edglotas ya que he aprendido polaco a un nivel avanzado. Durante el curso pude practicar polaco e ingl\u00e9s \ud83d\ude42 Me ha gustado todo pero lo que m\u00e1s me ha gustado ha sido mi pronunciaci\u00f3n y la melod\u00eda de las frases cuando hablo. Gracias a las tarjetas ha sido posible entender la pronunciaci\u00f3n. El trabajo diario con las tarjetas (hasta de 2 horas) significaba que incluso mientras dorm\u00eda escuchaba ingl\u00e9s varias veces. La intensidad y efectividad del curso online han tenido un nivel muy alto. Estoy muy contenta y ya he comprado el primer m\u00f3dulo  del curso intermedio. Puedo ver que lo que antes era dif\u00edcil ahora puede ser f\u00e1cil. <\/span><\/p>\n<\/p>\n<p><img src=\"http:\/\/elemelingua.com\/wp-content\/plugins\/thrive-ovation\/admin\/img\/tvo-no-photo.png\" alt=\"profile-pic\"><span>Tetiana Pajo\u0142 \ud83c\uddec\ud83c\udde7\ud83c\uddfa\ud83c\uddf8<\/span><\/p>\n<h4>Este es el mejor curso en el que he participado<\/h4>\n<p>\n<h4><span style=\"font-weight: 400;\">Qu\u00e9 dio lugar a que me apuntara al curso: verdaderamente Konrad, quien me convenci\u00f3 con sus logros de que sabe c\u00f3mo hacer que el curso sea eficaz. <\/span><\/h4>\n<h4><span style=\"font-weight: 400;\">Qu\u00e9 es lo que m\u00e1s me ha gustado del curso: el hecho de que todos los d\u00edas estaba en contacto con el idioma. El hecho de que al principio escuch\u00e1bamos mucho y nos familiariz\u00e1bamos con el lenguaje. Las \u201cislas\u201d tambi\u00e9n fueron una gran idea.<\/span><\/h4>\n<h4><span style=\"font-weight: 400;\">C\u00f3mo eval\u00fao los resultados obtenidos del aprendizaje: creo que he aprendido mucho, especialmente en cuanto a la escucha refiere. Esto es importante si aprendemos el idioma en nuestro pa\u00eds, como en mi caso, que viviendo en Polonia, normalmente no tengo contacto con el ingl\u00e9s. La aplicaci\u00f3n de repetici\u00f3n diaria tambi\u00e9n es una gran idea. Antes no conoc\u00eda la aplicaci\u00f3n y ahora, en cambio, no puedo pensar en una herramienta mejor. La supervisi\u00f3n diaria a\u00f1adiendo frases nuevas es una gran motivaci\u00f3n ya que incrementa el nivel del material que procesamos. Este es el mejor curso en el que he participado. No hab\u00eda palabras sueltas sacadas de contexto, las cuales solo duran un tiempo en la cabeza y, al final, hay que terminar aprendi\u00e9ndolas de nuevo. El sistema del curso funcionaba de tal manera que, a lo largo de todo el curso, sent\u00eda un constante apoyo y motivaci\u00f3n por parte de los administradores; los cuales han creado una atm\u00f3sfera \u00fanica.<\/span><\/h4>\n<\/p>\n<p><img src=\"http:\/\/elemelingua.com\/wp-content\/plugins\/thrive-ovation\/admin\/img\/tvo-no-photo.png\" alt=\"profile-pic\"><span>Alina \ud83c\uddec\ud83c\udde7\ud83c\uddfa\ud83c\uddf8<\/span><\/p>\n<h4>Definitivamente he mejorado mi pronunciaci\u00f3n<\/h4>\n<p>\n<h4><span style=\"font-weight: 400;\">Tengo la impresi\u00f3n de que la mayor parte de mi vida ha sido una constante aventura con el ingl\u00e9s. Lo he intentado muchas veces y he tratado de buscar nuevos m\u00e9todos. Estaba desanimada porque me faltaba motivaci\u00f3n, regularidad y, sobre todo, ten\u00eda un problema de entendimiento y un gran bloqueo a la hora de hablar. Vi que mi hijo hablaba un ingl\u00e9s excelente y me sent\u00ed un poco est\u00fapida por haber malgastado tantos a\u00f1os. Estaba buscando un curso que, por encima de todo, me obligara a estudiar diariamente y de manera activa. Por una parte, sab\u00eda que ser\u00eda estudio en grupo pero, por otra parte, me daba la comodidad de trabajar en el idioma de forma independiente en cualquier parte y a cualquier hora. Adem\u00e1s, tambi\u00e9n me di cuenta de que todo el mundo necesita un enfoque individual y verse a una misma a trav\u00e9s del prisma de los elementos es la clave del \u00e9xito. Creo que la competici\u00f3n entre grupos y el conseguir puntos es genial. \u00a1Son una buena medida y una buena motivaci\u00f3n para el aprendizaje! Por cierto, se pueden hacer nuevos amigos muy agradables. Otra de las ventajas de este curso es el apoyo mutuo entre los participantes. <\/span><\/h4>\n<h4><span style=\"font-weight: 400;\">\u00bfQu\u00e9 ha cambiado tras 3 meses de estudio? Lo primero de todo, para m\u00ed ahora es m\u00e1s f\u00e1cil entender lo que oigo y eso es lo que realmente quer\u00eda. Definitivamente he mejorado mi pronunciaci\u00f3n. Tambi\u00e9n espero que mis respuestas a las preguntas ya no se reduzcan a un breve s\u00ed o no sino a dos o tres frases :-). \u00a1El tiempo dir\u00e1 cu\u00e1nto he logrado y he empezado a hablar!<\/span><\/h4>\n<\/p>\n<p><img src=\"http:\/\/elemelingua.com\/wp-content\/plugins\/thrive-ovation\/admin\/img\/tvo-no-photo.png\" alt=\"profile-pic\"><span>Beata Stencel-R\u00f3wie\u0144ska \ud83c\uddec\ud83c\udde7\ud83c\uddfa\ud83c\uddf8<\/span><\/p>\n<h4>Recomiendo este curso a todos los que quieran aprender el idioma de manera pr\u00e1ctica<\/h4>\n<p><p><span style=\"font-weight: 400;\">\u00bfCu\u00e1les eran tus problemas para aprender idiomas antes de apuntarte a nuestro curso? No disponer de las herramientas apropiadas. Adem\u00e1s, el continuo cambio de horario de trabajo me hac\u00eda imposible aprender a horas establecidas. El hecho de que Konrad hable 14 idiomas me anim\u00f3 a apuntarme al curso; adem\u00e1s, llegu\u00e9 a la conclusi\u00f3n de que si \u00e9l sabe tantos idiomas, tiene que saber c\u00f3mo aprenderlos. Efectivamente, no me ha decepcionado, me ha gustado el hecho de que el curso fuera muy intenso, estudi\u00e1bamos todos los d\u00edas y utiliz\u00e1bamos repeticiones a intervalos, las cuales fueron de gran ayuda porque, gracias a esas repeticiones, no olvid\u00e1bamos lo que hab\u00edamos aprendido. Aprendimos frases y estructuras completas en lugar de palabras sueltas, estoy muy contenta. De hecho, tras estos 3 meses de aprendizaje, puedo ver un gran progreso y soy capaz de construir frases en espa\u00f1ol. Ya me he inscrito al siguiente nivel del curso porque realmente funciona. El curso requiere trabajo diario y disciplina pero da resultados. Recomiendo este curso a todos los que quieran aprender el idioma de manera pr\u00e1ctica. <\/span><\/p>\n<\/p>\n<p><img src=\"http:\/\/elemelingua.com\/wp-content\/plugins\/thrive-ovation\/admin\/img\/tvo-no-photo.png\" alt=\"profile-pic\"><span>Zuzanna Magnucka \ud83c\uddea\ud83c\uddf8<\/span><\/p>\n<h4>Pod\u00eda utilizar la aplicaci\u00f3n en mi m\u00f3vil en cualquier momento<\/h4>\n<p><p><span style=\"font-weight: 400;\">\u00bfCu\u00e1l era mi mayor problema antes de apuntarme al curso? La falta de buenos materiales para estudiar holand\u00e9s.<\/span><\/p>\n<p><span style=\"font-weight: 400;\">\u00bfQu\u00e9 hizo que me apuntara al curso? Para m\u00ed, Konrad parec\u00eda muy competente porque, si sabe tantos idiomas, definitivamente sabe c\u00f3mo aprenderlos. As\u00ed que este curso que \u00e9l ha creado tiene que ser eficaz. Adem\u00e1s, me anim\u00f3 el poder utilizar la aplicaci\u00f3n en el m\u00f3vil.<\/span><\/p>\n<p><span style=\"font-weight: 400;\">\u00bfQu\u00e9 es lo que m\u00e1s me ha gustado del curso? Las frases est\u00e1n actualizadas, son las que se utilizan en el d\u00eda a d\u00eda. Pod\u00eda utilizar la aplicaci\u00f3n en mi tel\u00e9fono en cualquier momento, por ejemplo, mientras esperaba en la cola del autob\u00fas. Pod\u00eda realizar preguntas sobre cada tarjeta y obtener la respuesta en 24 horas. <\/span><\/p>\n<p><span style=\"font-weight: 400;\">\u00bfC\u00f3mo eval\u00fao los resultados obtenidos del aprendizaje tras 3 meses? Teniendo en cuenta que nunca antes hab\u00eda tenido contacto con el holand\u00e9s, creo que he construido una base s\u00f3lida para poder continuar aprendiendo. <\/span><\/p>\n<\/p>\n<p><img src=\"http:\/\/elemelingua.com\/wp-content\/plugins\/thrive-ovation\/admin\/img\/tvo-no-photo.png\" alt=\"profile-pic\"><span>Marta \ud83c\uddf3\ud83c\uddf1<\/span><\/p>\n<h4>Ahora me parece que todo est\u00e1 bien ordenado en mi cabeza<\/h4>\n<p><p><span style=\"font-weight: 400;\">\u00bfCu\u00e1les eran tus problemas con el aprendizaje del idioma antes de apuntarte a nuestro curso? Ten\u00eda problemas con el aprendizaje diario. Incluso si pasaba algo de tiempo aprendiendo, sent\u00eda que no avanzaba. <\/span><\/p>\n<p><span style=\"font-weight: 400;\">\u00bfQu\u00e9 hizo que te apuntaras a nuestro curso? La disposici\u00f3n de intentar algo nuevo \u2013 cualquier m\u00e9todo que pudiera ayudarme.<\/span><\/p>\n<p><span style=\"font-weight: 400;\">\u00bfQu\u00e9 es lo que te ha gustado del curso? Aprender construcciones \u00fatiles y espec\u00edficas que son sencillas de utilizar en el extranjero.<\/span><\/p>\n<p><span style=\"font-weight: 400;\">\u00bfC\u00f3mo eval\u00faas los resultados obtenidos del aprendizaje? Estoy muy contento. Ahora me parece que todo est\u00e1 bien ordenado en mi cabeza. No me centr\u00e9 en aprender vocabulario mediante palabras individuales. La manera de aprender me motiv\u00f3 a estar activo todos los d\u00edas. <\/span><\/p>\n<\/p>\n<p><img src=\"http:\/\/elemelingua.com\/wp-content\/plugins\/thrive-ovation\/admin\/img\/tvo-no-photo.png\" alt=\"profile-pic\"><span>Krzysztof \ud83c\uddee\ud83c\uddf9<\/span><\/p>\n<h4>Me gusta la facilidad con la que las nuevas palabras y frases \u00abse meten en tu cabeza\u00bb<\/h4>\n<p><p><span style=\"font-weight: 400;\">\u00bfCu\u00e1les eran tus problemas con el aprendizaje de idiomas antes de apuntarte a nuestro curso? Nunca antes hab\u00eda aprendido italiano a pesar de que quer\u00eda (siempre me han gustado Italia y el italiano). Sin embargo, carec\u00eda de la motivaci\u00f3n para empezar. No quer\u00eda apuntarme a un curso a tiempo completo porque aquellos a los que hab\u00eda asistido antes nunca me dieron los resultados que esperaba. Siempre faltaba un acercamiento pr\u00e1ctico a la gram\u00e1tica y me dec\u00edan que aprendiera muchas palabras.<\/span><\/p>\n<p><span style=\"font-weight: 400;\">\u00bfQu\u00e9 hizo que te apuntaras a este curso? Quer\u00eda probar un m\u00e9todo completamente diferente a los que hab\u00eda encontrado (y probado) hasta ahora. <\/span><\/p>\n<p><span style=\"font-weight: 400;\">\u00bfQu\u00e9 es lo que m\u00e1s te ha gustado del curso? La facilidad con la que las nuevas palabras y frases \u201cse meten en tu cabeza\u201d. Tambi\u00e9n me ha gustado mucho la simplicidad de las explicaciones gramaticales.<\/span><\/p>\n<p><span style=\"font-weight: 400;\">\u00bfC\u00f3mo eval\u00fao los resultados obtenidos del aprendizaje? Son incre\u00edbles. Todav\u00eda no he terminado todas las tarjetas y ya puedo comunicarme con los italianos en cuestiones b\u00e1sicas.<\/span><\/p>\n<\/p>\n<p><img src=\"http:\/\/elemelingua.com\/wp-content\/plugins\/thrive-ovation\/admin\/img\/tvo-no-photo.png\" alt=\"profile-pic\"><span>Renata \ud83c\uddee\ud83c\uddf9<\/span><\/p>\n<h4>Me ha gustado saber qu\u00e9 hacer cada semana, lo cual me ha ayudado mucho a desarrollar regularidad<\/h4>\n<p><p><span style=\"font-weight: 400;\">\u00bfCu\u00e1l era mi mayor desaf\u00edo antes de apuntarme al curso? Primeramente, mi problema era ser sistem\u00e1tica. Por lo general, terminaba estudiando de manera regular durante un m\u00e1ximo de 2 semanas y, despu\u00e9s, mi aprendizaje se perd\u00eda en alguna parte. Otra cuesti\u00f3n que me confund\u00eda era seleccionar el m\u00e9todo apropiado. Le\u00ed muchos art\u00edculos (en polaco y en ingl\u00e9s) sobre c\u00f3mo organizar el aprendizaje de la mejor manera y llegaba un momento en el que ya no sab\u00eda qu\u00e9 era realmente efectivo y que no. Como resultado de ello, empezaba a estudiar un poco acorde a un m\u00e9todo, despu\u00e9s acorde a otro y al final terminaba hablando de forma rid\u00edcula y dejando de aprender el idioma. <\/span><\/p>\n<p><span style=\"font-weight: 400;\">\u00bfQu\u00e9 hizo que me apuntara al curso? Finalmente quer\u00eda empezar a estudiar un idioma de manera regular as\u00ed que decid\u00ed apuntarme a este curso y as\u00ed, tal vez, podr\u00eda conseguirlo. Adem\u00e1s, quer\u00eda confrontar lo que hab\u00eda le\u00eddo sobre los m\u00e9todos de aprendizaje con la realidad y \u201cmi propia experiencia\u201d con el m\u00e9todo de aprendizaje propuesto. <\/span><\/p>\n<p><span style=\"font-weight: 400;\">\u00bfQu\u00e9 es lo que m\u00e1s me ha gustado del curso? Me ha gustado saber qu\u00e9 hacer cada semana, lo cual me ha ayudado mucho a desarrollar regularidad. Esto a su vez ha significado que me he dado cuenta de que la f\u00f3rmula de aprendizaje propuesta realmente funciona. Es m\u00e1s, estoy encantada con el hecho de que no hubiera que aprender informaci\u00f3n innecesaria, solo cosas espec\u00edficas. En mi opini\u00f3n, este curso te permite aprender principalmente el lenguaje que se utiliza a diario, que creo que es lo m\u00e1s importante para la mayor\u00eda de la gente.<\/span><\/p>\n<p><span style=\"font-weight: 400;\">\u00bfC\u00f3mo eval\u00fao los resultados obtenidos del aprendizaje? Creo que he aprendido mucho en un tiempo relativamente corto. Creo que soy capaz de lidiar con la comprensi\u00f3n general de un texto o una oraci\u00f3n. Gracias al curso tambi\u00e9n me es m\u00e1s sencillo crear oraciones largas. En general, le recomiendo el curso a todo el mundo y, especialmente, a las personas que creen que no tienen talento para aprender idiomas. Este curso desmiente ese mito y muestra que no es verdad, con este curso cualquiera puede aprender un idioma extranjero. <\/span><\/p>\n<\/p>\n<p><img src=\"http:\/\/elemelingua.com\/wp-content\/plugins\/thrive-ovation\/admin\/img\/tvo-no-photo.png\" alt=\"profile-pic\"><span>Justyna \ud83c\uddee\ud83c\uddf9<\/span><\/p>\n<h4>Cuando estoy en contacto con noruegos ya entiendo muchas palabras y frases, \u00a1Finalmente he intentado hablar!<\/h4>\n<p><p><span style=\"font-weight: 400;\">Quer\u00eda aprender los conceptos b\u00e1sicos de noruego pero, debido a mi estilo de vida, quer\u00eda aprender de forma remota y ser sistem\u00e1tica al mismo tiempo. No fue dif\u00edcil tomar la decisi\u00f3n de apuntarme a este curso porque ya hab\u00eda participado en el curso de ingl\u00e9s y estaba muy contenta con los resultados obtenidos. Lo que m\u00e1s me ha gustado ha sido que las tareas que ten\u00edamos que realizar no eran dif\u00edciles pero nos \u201cobligaban\u201d a estar activos y ser sistem\u00e1ticos cada d\u00eda as\u00ed como a colaborar en grupo. Al mismo tiempo, ten\u00edamos el apoyo de los instructores del curso y recib\u00edamos constantemente respuestas a todas las preguntas que nos surg\u00edan. Ahora el noruego es un idioma menos \u201cextra\u00f1o\u201d para m\u00ed, cuando estoy en contacto con noruegos ya entiendo muchas palabras y frases, \u00a1finalmente he intentado hablar! S\u00e9 que todav\u00eda me queda mucho por aprender pero, por suerte, incluso despu\u00e9s de haber completado el curso, tengo acceso a todos los materiales y depende de m\u00ed c\u00f3mo utilizarlos. <\/span><\/p>\n<\/p>\n<p><img src=\"http:\/\/elemelingua.com\/wp-content\/plugins\/thrive-ovation\/admin\/img\/tvo-no-photo.png\" alt=\"profile-pic\"><span>Hanna \ud83c\uddf3\ud83c\uddf4<\/span><\/p>\n<h4>Me ha gustado el hecho de que yo decid\u00eda cu\u00e1ndo aprender<\/h4>\n<p>\n<h4><span style=\"font-weight: 400;\">\u00bfCu\u00e1l era mi mayor desaf\u00edo antes de apuntarme al curso? Los problemas a la hora de hablar y entender en ingl\u00e9s. <\/span><\/h4>\n<h4><span style=\"font-weight: 400;\">\u00bfQu\u00e9 hizo que me apuntara al curso? Principalmente el hecho de que podr\u00eda aprender ingl\u00e9s pr\u00e1cticamente en cualquier sitio y que el curso se ense\u00f1aba principalmente a trav\u00e9s del habla y la escucha. <\/span><\/h4>\n<h4><span style=\"font-weight: 400;\">\u00bfQu\u00e9 es lo que m\u00e1s me ha gustado del curso? El hecho de que yo decid\u00eda cu\u00e1ndo aprender y de que todos los d\u00edas estaba motivada por conseguir m\u00e1s puntos y por donar dinero a una organizaci\u00f3n ben\u00e9fica. De verdad me ha gustado mucho aprender oraciones completas y no palabras sueltas. <\/span><\/h4>\n<h4><span style=\"font-weight: 400;\">\u00bfC\u00f3mo eval\u00fao los resultados obtenidos del aprendizaje? Creo que he progresado mucho en el aprendizaje y ya no tengo miedo de hablar ingl\u00e9s.<\/span><\/h4>\n<\/p>\n<p><img src=\"http:\/\/elemelingua.com\/wp-content\/plugins\/thrive-ovation\/admin\/img\/tvo-no-photo.png\" alt=\"profile-pic\"><span>Barbara \ud83c\uddec\ud83c\udde7\ud83c\uddfa\ud83c\uddf8<\/span><\/p>\n<h4>Me gusta la libertad de poder aprender cuando quiera<\/h4>\n<p>\n<h4><span style=\"font-weight: 400;\">\u00bfCu\u00e1l era mi mayor desaf\u00edo antes de apuntarme al curso? Ten\u00eda enormes barreras a la hora de hablar, no pod\u00eda formar ni una simple oraci\u00f3n. <\/span><\/h4>\n<h4><span style=\"font-weight: 400;\">\u00bfQu\u00e9 hizo que me apuntara al curso? La disposici\u00f3n para romper esas barreras y ser capaz de contestar preguntas en ingl\u00e9s. <\/span><\/h4>\n<h4><span style=\"font-weight: 400;\">\u00bfQu\u00e9 es lo que m\u00e1s me ha gustado del curso? La libertad para poder aprender cuando quiera. No hay horarios fijos, se puede realizar el curso a cualquier hora del d\u00eda. <\/span><\/h4>\n<h4><span style=\"font-weight: 400;\">\u00bfC\u00f3mo eval\u00fao los resultados obtenidos del aprendizaje? Puedo entender mucho y tambi\u00e9n puedo responder preguntas sencillas sin dudar. <\/span><\/h4>\n<\/p>\n<p><img src=\"http:\/\/elemelingua.com\/wp-content\/plugins\/thrive-ovation\/admin\/img\/tvo-no-photo.png\" alt=\"profile-pic\"><span>Aneta \ud83c\uddec\ud83c\udde7\ud83c\uddfa\ud83c\uddf8<\/span><\/p>\n","protected":false},"excerpt":{"rendered":"<p>Testimonios de los alumnos Vivo en un lugar donde el franc\u00e9s es el segundo idioma. Finalmente me atrevo a hablarlo No ten\u00eda el coraje para hablar. Todav\u00eda estaba estudiando en escuelas de idiomas utilizando los m\u00e9todos cl\u00e1sicos y estaba en un camino negro. El destino me llev\u00f3 a Suiza, donde incluso un trabajador o un [&hellip;]<\/p>\n","protected":false},"author":1,"featured_media":0,"parent":0,"menu_order":0,"comment_status":"closed","ping_status":"closed","template":"","meta":{"spay_email":""},"_links":{"self":[{"href":"https:\/\/elemelingua.com\/es\/wp-json\/wp\/v2\/pages\/1809"}],"collection":[{"href":"https:\/\/elemelingua.com\/es\/wp-json\/wp\/v2\/pages"}],"about":[{"href":"https:\/\/elemelingua.com\/es\/wp-json\/wp\/v2\/types\/page"}],"author":[{"embeddable":true,"href":"https:\/\/elemelingua.com\/es\/wp-json\/wp\/v2\/users\/1"}],"replies":[{"embeddable":true,"href":"https:\/\/elemelingua.com\/es\/wp-json\/wp\/v2\/comments?post=1809"}],"version-history":[{"count":4,"href":"https:\/\/elemelingua.com\/es\/wp-json\/wp\/v2\/pages\/1809\/revisions"}],"predecessor-version":[{"id":2581,"href":"https:\/\/elemelingua.com\/es\/wp-json\/wp\/v2\/pages\/1809\/revisions\/2581"}],"wp:attachment":[{"href":"https:\/\/elemelingua.com\/es\/wp-json\/wp\/v2\/media?parent=1809"}],"curies":[{"name":"wp","href":"https:\/\/api.w.org\/{rel}","templated":true}]}}