{"id":2562,"date":"2021-09-22T20:15:25","date_gmt":"2021-09-22T18:15:25","guid":{"rendered":"https:\/\/elemelingua.com\/clone-of-homepage\/"},"modified":"2024-08-13T13:23:44","modified_gmt":"2024-08-13T11:23:44","slug":"inicio","status":"publish","type":"page","link":"https:\/\/elemelingua.com\/es\/","title":{"rendered":"Inicio"},"content":{"rendered":"<p style=\"\"><span><span><span><span><span><span><span><strong><span><span><span><span><span><span><span>\u00a1<span style=\"--tcb-applied-color: var$(--tcb-color-1) !important; color: var(--tcb-color-1) !important;\">A<\/span><\/span><span>p<\/span><span>r<\/span><span>e<\/span><span>n<\/span><span>d<\/span><span>a&nbsp;<\/span><span>i<\/span><span>d<\/span><span>i<\/span><span>o<\/span><span>m<\/span><span>a<\/span><span>s<\/span><\/span><\/span><\/span><\/span><\/span><\/span><\/strong><\/span><\/span><\/span><\/span><\/span><\/span><\/span><\/p>\n<p style=\"\"><span><span><span><span><span><span><strong><span><span><span><span>a tu manera!<\/span><\/span><\/span><\/span><\/strong><\/span><\/span><\/span><\/span><\/span><\/span><\/p>\n<p style=\"color: var(--tcb-color-3) !important; --tcb-applied-color: var$(--tcb-color-3) !important;\"><strong><span><span>\u00a1Comienza a entender y hablar un nuevo idioma r\u00e1pidamente!<\/span><\/span><\/strong><\/p>\n<p style=\"color: var(--tcb-color-3) !important; --tcb-applied-color: var$(--tcb-color-3) !important;\"><strong><span><span>Solo sigue el m\u00e9todo Elemelingua, creado por Konrad JvD, un pol\u00edglota polaco que fue evaluado en sus habilidades en 14 idiomas en el programa de televisi\u00f3n \u00abThe Brain\u00bb.<\/span><\/span><\/strong><\/p>\n<h2 style=\"text-align: center;\">El M\u00e9todo Elemelingua<\/h2>\n<ul>\n<li style=\"\"><span style=\"\" data-aspect-ratio-default=\"0\" data-aspect-ratio=\"16:9\">Utilizando investigaciones sobre c\u00f3mo los<strong> principales especialistas en idiomas del mundo<\/strong> aprenden lenguas, el <strong>m\u00e9todo Elemelingua<\/strong> fue creado por <strong>Konrad JvD<\/strong> para ayudar a aquellos que han tenido dificultades para aprender un idioma.<\/span><\/li>\n<li style=\"\"><span style=\"\" data-aspect-ratio-default=\"0\" data-aspect-ratio=\"16:9\">Los <strong>a\u00f1os de experiencia e investigaci\u00f3n en el aprendizaje de idiomas<\/strong> de Konrad han sido refinados e integrados en nuestros cursos para el beneficio de todos los estudiantes de idiomas.<\/span><\/li>\n<li><span data-aspect-ratio-default=\"0\" data-aspect-ratio=\"16:9\" style=\"\">Como resultado, <strong>hemos podido ayudar a m\u00e1s de <span data-attr-id=\"19\" data-extra_key=\"4\" data-option-inline=\"1\" data-shortcode=\"thrive_global_fields\" data-shortcode-name=\"[Website] Students\">15.000<\/span> estudiantes<\/strong> a lograr finalmente su sue\u00f1o de hablar y poder entender un idioma extranjero <strong>en meses, \u00a1no en a\u00f1os<\/strong>!<\/span><\/li>\n<li><span data-aspect-ratio-default=\"0\" data-aspect-ratio=\"16:9\" style=\"\">\u00a1Somos un equipo de personas apasionadas que aman aprender idiomas y que quieren ayudar a otros a alcanzar este objetivo tambi\u00e9n!<\/span><\/li>\n<\/ul>\n<h2 style=\"text-align: center;\">\u00bfQu\u00e9 nos hace diferentes?<\/h2>\n<p><span><a href=\"https:\/\/elemelingua.com\/wp-content\/uploads\/2023\/10\/01-words-1.png\" target=\"_blank\" rel=\"noopener\"><img alt=\"\" data-id=\"8792\" width=\"166\" data-init-width=\"1080\" height=\"166\" data-init-height=\"1080\" title=\"01-words\" src=\"https:\/\/elemelingua.com\/wp-content\/uploads\/2023\/10\/01-words-1.png\" data-link-wrap=\"true\" data-width=\"166\" data-height=\"166\" style=\"aspect-ratio: auto 1080 \/ 1080;\" loading=\"lazy\"><\/a><\/span><\/p>\n<p style=\"text-align: center;\"><strong>Aprendes oraciones, no palabras<\/strong><\/p>\n<p style=\"text-align: center;\">\u00bfQuieres saber el secreto? La mejor manera de aprender vocabulario no es aprender palabras. En vez de eso, deber\u00edas aprender oraciones. Es por eso que no encontrar\u00e1s listas de palabras para memorizar en nuestros cursos. Tenemos un enfoque m\u00e1s eficiente: solo aprender\u00e1s a trav\u00e9s de oraciones. De esta manera, memorizar\u00e1s palabras nuevas y aprender\u00e1s como usarlas en las estructuras de oraciones correctas.<\/p>\n<p><span><a href=\"https:\/\/elemelingua.com\/wp-content\/uploads\/2023\/10\/02-styles-1.png\" target=\"_blank\" rel=\"noopener\"><img alt=\"\" data-id=\"8803\" width=\"166\" data-init-width=\"1080\" height=\"166\" data-init-height=\"1080\" title=\"02-styles\" src=\"https:\/\/elemelingua.com\/wp-content\/uploads\/2023\/10\/02-styles-1.png\" data-link-wrap=\"true\" data-width=\"166\" data-height=\"166\" style=\"aspect-ratio: auto 1080 \/ 1080;\" loading=\"lazy\"><\/a><\/span><\/p>\n<p style=\"text-align: center; color: var(--tcb-color-1) !important; --tcb-applied-color: var$(--tcb-color-1) !important;\"><strong><strong>Aprendes de acuerdo a tu Estilo de Aprendizaje<\/strong><\/strong><\/p>\n<p style=\"text-align: center;\">Cada uno de nosotros representa uno de los cuatro estilos de aprendizaje: agua, tierra, viento y fuego. Quiz\u00e1s odias la gram\u00e1tica, o tal vez te encante; un buen curso deber\u00eda adaptarse a los cuatro estilos de aprendizaje. Con este m\u00e9todo, aprender\u00e1s a tu manera y no carecer\u00e1s de nada. Encontrar\u00e1s este m\u00e9todo adaptado en nuestros cursos.<\/p>\n<p><span><a href=\"https:\/\/elemelingua.com\/wp-content\/uploads\/2023\/10\/03-flex-1.png\" target=\"_blank\" rel=\"noopener\"><img alt=\"\" data-id=\"8814\" width=\"166\" data-init-width=\"1080\" height=\"166\" data-init-height=\"1080\" title=\"03-flex\" src=\"https:\/\/elemelingua.com\/wp-content\/uploads\/2023\/10\/03-flex-1.png\" data-link-wrap=\"true\" data-width=\"166\" data-height=\"166\" style=\"aspect-ratio: auto 1080 \/ 1080;\" loading=\"lazy\"><\/a><\/span><\/p>\n<p style=\"text-align: center; color: rgb(230, 140, 45) !important; --tcb-applied-color: rgb(230, 140, 45) !important;\"><strong>Aprendes cuando y donde quieras<\/strong><\/p>\n<p style=\"text-align: center;\">No creemos que ir a clase una vez a la semana sea la soluci\u00f3n m\u00e1s adecuada y efectiva para aprender un idioma r\u00e1pidamente. El <strong>aprendizaje diario<\/strong> es importante, pero necesita ser flexible. Por eso, con nosotros, puedes aprender en cualquier momento y en cualquier lugar.<\/p>\n<p><span><a href=\"https:\/\/elemelingua.com\/wp-content\/uploads\/2023\/10\/04-brain-1.png\" target=\"_blank\" rel=\"noopener\"><img alt=\"\" data-id=\"8825\" width=\"166\" data-init-width=\"1080\" height=\"166\" data-init-height=\"1080\" title=\"04-brain\" src=\"https:\/\/elemelingua.com\/wp-content\/uploads\/2023\/10\/04-brain-1.png\" data-link-wrap=\"true\" data-width=\"166\" data-height=\"166\" style=\"aspect-ratio: auto 1080 \/ 1080;\" loading=\"lazy\"><\/a><\/span><\/p>\n<p style=\"text-align: center; color: rgb(127, 208, 51) !important; --tcb-applied-color: rgb(127, 208, 51) !important;\"><strong>Aprendes como le gusta a tu cerebro<\/strong><\/p>\n<p style=\"text-align: center;\">Tu cerebro puede aprender cualquier idioma. Pero, para hacerlo, deber\u00edas aprender de la manera que a tu cerebro le gusta. Konrad ha pasado a\u00f1os investigando c\u00f3mo aprende el cerebro y junto con nuestro equipo lo adapt\u00f3 a nuestros cursos. Tu cerebro se estimular\u00e1 de la manera correcta, as\u00ed que ver\u00e1s resultados en meses, \u00a1no en a\u00f1os!<\/p>\n<p><span><a href=\"https:\/\/elemelingua.com\/wp-content\/uploads\/2023\/10\/05-support-1.png\" target=\"_blank\" rel=\"noopener\"><img alt=\"\" data-id=\"8836\" width=\"166\" data-init-width=\"1080\" height=\"166\" data-init-height=\"1080\" title=\"05-support\" src=\"https:\/\/elemelingua.com\/wp-content\/uploads\/2023\/10\/05-support-1.png\" data-link-wrap=\"true\" data-width=\"166\" data-height=\"166\" style=\"aspect-ratio: auto 1080 \/ 1080;\" loading=\"lazy\"><\/a><\/span><\/p>\n<p style=\"text-align: center; color: rgb(224, 37, 71) !important; --tcb-applied-color: rgb(224, 37, 71) !important;\"><strong>Recibes apoyo todo el tiempo<\/strong><\/p>\n<p style=\"text-align: center;\">\u00bfA veces te sientes perdido al aprender un nuevo idioma? No te preocupes. No estar\u00e1s solo. Recibes el completo apoyo de nuestro equipo de profesores y especialistas en idiomas. \u00bfTerminaciones confusas? \u00bfEstructuras extra\u00f1as? Estamos aqu\u00ed para ayudarte. Puedes hacer preguntas en cualquier momento, \u00a1porque queremos que alcances tu objetivo con \u00e9xito!<\/p>\n<p><span><a href=\"https:\/\/elemelingua.com\/wp-content\/uploads\/2023\/10\/06-students-2.png\" target=\"_blank\" rel=\"noopener\"><img alt=\"\" data-id=\"8891\" width=\"230\" data-init-width=\"1080\" height=\"230\" data-init-height=\"1080\" title=\"06-students\" src=\"https:\/\/elemelingua.com\/wp-content\/uploads\/2023\/10\/06-students-2.png\" data-link-wrap=\"true\" data-width=\"230\" data-height=\"230\" style=\"aspect-ratio: auto 1080 \/ 1080;\" loading=\"lazy\"><\/a><\/span><\/p>\n<p style=\"text-align: center;\"><strong>Tenemos m\u00e1s de <span style=\"--tcb-applied-color: var$(--tcb-skin-color-3) !important; color: var(--tcb-skin-color-3) !important;\">15,000<\/span> estudiantes<\/strong><\/p>\n<p><span><a href=\"https:\/\/elemelingua.com\/wp-content\/uploads\/2023\/10\/07-calendar-1.png\" target=\"_blank\" rel=\"noopener\"><img alt=\"\" data-id=\"8858\" width=\"230\" data-init-width=\"1080\" height=\"230\" data-init-height=\"1080\" title=\"07-calendar\" src=\"https:\/\/elemelingua.com\/wp-content\/uploads\/2023\/10\/07-calendar-1.png\" data-link-wrap=\"true\" data-width=\"230\" data-height=\"230\" style=\"aspect-ratio: auto 1080 \/ 1080;\" loading=\"lazy\"><\/a><\/span><\/p>\n<p style=\"text-align: center;\"><strong><span><span style=\"--tcb-applied-color: var$(--tcb-skin-color-5) !important; color: var(--tcb-skin-color-5) !important;\">El <\/span><span data-attr-id=\"42\" data-extra_key=\"4\" data-option-inline=\"1\" data-shortcode=\"thrive_global_fields\" data-shortcode-name=\"[Website] Percentage Learning\">81<\/span>%<\/span> <span style=\"--tcb-applied-color: var$(--tcb-skin-color-5) !important; color: var(--tcb-skin-color-5) !important;\">de los estudiantes<\/span> aprenden m\u00e1s de 5 d\u00edas a la semana&nbsp;<\/strong><\/p>\n<p><span><a href=\"https:\/\/elemelingua.com\/wp-content\/uploads\/2023\/10\/08-globe-2.png\" target=\"_blank\" rel=\"noopener\"><img alt=\"\" data-id=\"8869\" width=\"297\" data-init-width=\"1080\" height=\"297\" data-init-height=\"1080\" title=\"08-globe\" src=\"https:\/\/elemelingua.com\/wp-content\/uploads\/2023\/10\/08-globe-2.png\" data-link-wrap=\"true\" data-width=\"297\" data-height=\"297\" style=\"aspect-ratio: auto 1080 \/ 1080;\" loading=\"lazy\"><\/a><\/span><\/p>\n<p><strong>Tenemos estudiantes de <span>50 pa\u00edses<\/span><\/strong><\/p>\n<p><span><a href=\"https:\/\/elemelingua.com\/wp-content\/uploads\/2023\/10\/09-charity-1.png\" target=\"_blank\" rel=\"noopener\"><img alt=\"\" data-id=\"8880\" width=\"297\" data-init-width=\"1080\" height=\"297\" data-init-height=\"1080\" title=\"09-charity\" src=\"https:\/\/elemelingua.com\/wp-content\/uploads\/2023\/10\/09-charity-1.png\" data-link-wrap=\"true\" data-width=\"297\" data-height=\"297\" style=\"aspect-ratio: auto 1080 \/ 1080;\" loading=\"lazy\"><\/a><\/span><\/p>\n<p style=\"text-align: center;\"><strong><span style=\"--tcb-applied-color: var$(--tcb-skin-color-3) !important; color: var(--tcb-skin-color-3) !important;\">\u20ac15,000.00<\/span> donados a caridad al a\u00f1o<\/strong><\/p>\n<h2 style=\"text-align: center;\">\u00bfQu\u00e9 dicen nuestros estudiantes?<\/h2>\n<h2 style=\"text-align: center;\">S\u00edguenos aqu\u00ed:<\/h2>\n<p><a href=\"https:\/\/www.facebook.com\/ElemelinguaEspanaAmericaLatina\" target=\"_blank\" rel=\"nofollow noopener\" data-dynamic-link=\"thrive_global_fields_url\" data-shortcode-id=\"25\" data-id=\"icon-link\"><span> <\/span><\/a><a href=\"https:\/\/www.instagram.com\/elemelingua.es\/\" target=\"_blank\" rel=\"nofollow noopener\" data-dynamic-link=\"thrive_global_fields_url\" data-shortcode-id=\"28\" data-id=\"icon-link\"><span> <\/span><\/a><a href=\"https:\/\/www.youtube.com\/channel\/UCmgWXti2X_9qjIoqU2wcmlA\" target=\"_blank\" rel=\"nofollow noopener\" data-dynamic-link=\"thrive_global_fields_url\" data-shortcode-id=\"yt\" data-id=\"icon-youtube\"><span>                     <\/span><\/a><a href=\"https:\/\/www.linkedin.com\/company\/elemelingua\/\" target=\"_blank\" rel=\"nofollow noopener\" data-id=\"icon-linkedin\"><span>                     <\/span><\/a><\/p>\n","protected":false},"excerpt":{"rendered":"<p>\u00a1Aprenda&nbsp;idiomas a tu manera! \u00a1Comienza a entender y hablar un nuevo idioma r\u00e1pidamente! Solo sigue el m\u00e9todo Elemelingua, creado por Konrad JvD, un pol\u00edglota polaco que fue evaluado en sus habilidades en 14 idiomas en el programa de televisi\u00f3n \u00abThe Brain\u00bb. El M\u00e9todo Elemelingua Utilizando investigaciones sobre c\u00f3mo los principales especialistas en idiomas del mundo [&hellip;]<\/p>\n","protected":false},"author":1,"featured_media":2197,"parent":0,"menu_order":0,"comment_status":"closed","ping_status":"closed","template":"","meta":{"spay_email":""},"_links":{"self":[{"href":"https:\/\/elemelingua.com\/es\/wp-json\/wp\/v2\/pages\/2562"}],"collection":[{"href":"https:\/\/elemelingua.com\/es\/wp-json\/wp\/v2\/pages"}],"about":[{"href":"https:\/\/elemelingua.com\/es\/wp-json\/wp\/v2\/types\/page"}],"author":[{"embeddable":true,"href":"https:\/\/elemelingua.com\/es\/wp-json\/wp\/v2\/users\/1"}],"replies":[{"embeddable":true,"href":"https:\/\/elemelingua.com\/es\/wp-json\/wp\/v2\/comments?post=2562"}],"version-history":[{"count":123,"href":"https:\/\/elemelingua.com\/es\/wp-json\/wp\/v2\/pages\/2562\/revisions"}],"predecessor-version":[{"id":10366,"href":"https:\/\/elemelingua.com\/es\/wp-json\/wp\/v2\/pages\/2562\/revisions\/10366"}],"wp:featuredmedia":[{"embeddable":true,"href":"https:\/\/elemelingua.com\/es\/wp-json\/wp\/v2\/media\/2197"}],"wp:attachment":[{"href":"https:\/\/elemelingua.com\/es\/wp-json\/wp\/v2\/media?parent=2562"}],"curies":[{"name":"wp","href":"https:\/\/api.w.org\/{rel}","templated":true}]}}