{"id":4157,"date":"2021-11-29T10:12:59","date_gmt":"2021-11-29T09:12:59","guid":{"rendered":"https:\/\/elemelingua.com\/clone-of-online-beginner-polish-course\/"},"modified":"2024-08-01T11:58:21","modified_gmt":"2024-08-01T09:58:21","slug":"curso-de-ingles-online-para-principiantes","status":"publish","type":"page","link":"https:\/\/elemelingua.com\/es\/curso-de-ingles-online-para-principiantes\/","title":{"rendered":"Curso de ingl\u00e9s online para principiantes"},"content":{"rendered":"<h1 style=\"text-align: center;\">Curso de ingl\u00e9s online para principiantes<\/h1>\n<p><span><img alt=\"\" data-id=\"4448\" width=\"230\" data-init-width=\"1080\" height=\"408\" data-init-height=\"1920\" title=\"enus_es2\" src=\"https:\/\/elemelingua.com\/wp-content\/uploads\/2022\/01\/enus_es2.png\" data-width=\"230\" data-height=\"408\" data-link-wrap=\"true\" style=\"\" loading=\"lazy\"><\/span><\/p>\n<p><strong>Este curso de <span style=\"color: rgb(224, 37, 71);\">ingl\u00e9s para principiantes<\/span> es el adecuado para ti si: <\/strong><\/p>\n<ul>\n<li style=\"\"><span><strong>Vives en un pa\u00eds angloparlante. <\/strong>A veces te sientes perdido porque no hablas el idioma, por lo que no puedes resolver tus asuntos cotidianos. Sin embargo, ya no quieres sentir que dependes de la ayuda de alguien.<strong>&nbsp;<\/strong><\/span><\/li>\n<li style=\"\"><span><strong>Tu pareja habla ingl\u00e9s <\/strong>y, finalmente, \u00a1te gustar\u00eda entender a su familia!<\/span><\/li>\n<li style=\"\"><span>Quiz\u00e1s,<strong> intentaste realizar un curso de ingl\u00e9s<\/strong> en una escuela de idiomas pero no te funcion\u00f3. \u00a1Los <em>phrasal verbs<\/em> te abrumaron!&nbsp;<\/span><\/li>\n<li style=\"\"><span>Te encanta <strong>viajar<\/strong> y quieres poder <strong>comunicarte<\/strong> con gente de otras culturas.<\/span><\/li>\n<\/ul>\n<h3 style=\"text-align: center;\">Si alguna de las situaciones mencionadas habla de ti, \u00a1no dudes en apuntarte a nuestro curso de ingl\u00e9s para principiantes!<\/h3>\n<h3 style=\"text-align: center;\"><span style=\"font-weight: normal;\">* Si quieres probar nuestro curso, escoge el <\/span><span style=\"color: var(--tcb-color-1);\">periodo de prueba gratuito<\/span><span style=\"font-weight: normal;\"> de una semana.<\/span><\/h3>\n<h4 style=\"text-align: center;\">\u00a1Date prisa! El registro para el siguiente curso de ingl\u00e9s para principiantes se cerrar\u00e1 el <span data-attr-id=\"31\" data-extra_key=\"5\" data-option-inline=\"1\" data-shortcode=\"thrive_global_fields\" data-shortcode-name=\"[Dates] Sign up ES\" style=\"color: var(--tcb-color-1)  !important; --tcb-applied-color:var$(--tcb-color-1)  !important;\">30 de abril de 2023<\/span>&nbsp;<\/h4>\n<h4 style=\"text-align: center;\"><span style=\"font-weight: normal;\">\u00a1Recuerda! Puedes escoger el <\/span><span style=\"color: var(--tcb-color-1);\">periodo de prueba gratuito<\/span><span style=\"font-weight: normal;\"> de una semana si quieres probar nuestro curso.<\/span><\/h4>\n","protected":false},"excerpt":{"rendered":"<p>Curso de ingl\u00e9s online para principiantes Este curso de ingl\u00e9s para principiantes es el adecuado para ti si: Vives en un pa\u00eds angloparlante. A veces te sientes perdido porque no hablas el idioma, por lo que no puedes resolver tus asuntos cotidianos. Sin embargo, ya no quieres sentir que dependes de la ayuda de alguien.&nbsp; [&hellip;]<\/p>\n","protected":false},"author":11,"featured_media":7880,"parent":0,"menu_order":0,"comment_status":"closed","ping_status":"closed","template":"","meta":{"spay_email":""},"_links":{"self":[{"href":"https:\/\/elemelingua.com\/es\/wp-json\/wp\/v2\/pages\/4157"}],"collection":[{"href":"https:\/\/elemelingua.com\/es\/wp-json\/wp\/v2\/pages"}],"about":[{"href":"https:\/\/elemelingua.com\/es\/wp-json\/wp\/v2\/types\/page"}],"author":[{"embeddable":true,"href":"https:\/\/elemelingua.com\/es\/wp-json\/wp\/v2\/users\/11"}],"replies":[{"embeddable":true,"href":"https:\/\/elemelingua.com\/es\/wp-json\/wp\/v2\/comments?post=4157"}],"version-history":[{"count":44,"href":"https:\/\/elemelingua.com\/es\/wp-json\/wp\/v2\/pages\/4157\/revisions"}],"predecessor-version":[{"id":9748,"href":"https:\/\/elemelingua.com\/es\/wp-json\/wp\/v2\/pages\/4157\/revisions\/9748"}],"wp:featuredmedia":[{"embeddable":true,"href":"https:\/\/elemelingua.com\/es\/wp-json\/wp\/v2\/media\/7880"}],"wp:attachment":[{"href":"https:\/\/elemelingua.com\/es\/wp-json\/wp\/v2\/media?parent=4157"}],"curies":[{"name":"wp","href":"https:\/\/api.w.org\/{rel}","templated":true}]}}