{"id":4285,"date":"2021-12-14T10:59:48","date_gmt":"2021-12-14T09:59:48","guid":{"rendered":"https:\/\/elemelingua.com\/?post_type=product&#038;p=4285"},"modified":"2025-02-07T11:04:54","modified_gmt":"2025-02-07T10:04:54","slug":"ingles-para-principiantes","status":"publish","type":"product","link":"https:\/\/elemelingua.com\/es\/producto\/ingles-para-principiantes\/","title":{"rendered":"Ingl\u00e9s para principiantes"},"content":{"rendered":"<p>\u00bfQuieres empezar a aprender ingl\u00e9s pero no sabes c\u00f3mo hacerlo? \u00a1Estamos aqu\u00ed para ayudarte! Hemos hecho todo el trabajo de organizar el curso por ti, \u00a1para que puedas centrarte solamente en aprender! \u00a1Ap\u00fantate a nuestro curso de ingl\u00e9s para principiantes y empieza a hablar ya!<\/p>\n<ul>\n<li>La nueva temporada para el curso de<strong> ingl\u00e9s para principiantes<\/strong> empezar\u00e1:: &#8212;<\/li>\n<li>Plazo de inscripci\u00f3n: &#8212;<\/li>\n<li>Curso disponible para: <strong><span style=\"color: #e68c2d;\">hispanohablantes<\/span><\/strong><\/li>\n<\/ul>\n<p><a href=\"https:\/\/elemelingua.com\/wp-content\/uploads\/2021\/10\/globott-attention.png\"><img loading=\"lazy\" title=\"globott-attention\" src=\"https:\/\/elemelingua.com\/wp-content\/uploads\/2021\/10\/globott-attention.png\" alt=\"\" width=\"81\" height=\"101\" data-id=\"3483\" data-init-width=\"213\" data-init-height=\"266\" data-width=\"81\" data-height=\"101\" data-link-wrap=\"true\" \/><\/a><\/p>\n<ul>\n<li><strong>\u00a1No dejes la inscripci\u00f3n a nuestro <span style=\"color: var(--tcb-color-1);\">curso de ingl\u00e9s para principiantes<\/span> para el \u00faltimo minuto! <\/strong><\/li>\n<li>\n<p dir=\"ltr\"><strong>Una vez cerrado el plazo de inscripci\u00f3n, ya no ser\u00e1 posible a\u00f1adir a m\u00e1s\u00a0<\/strong><strong>personas a la lista de participantes.<\/strong><\/p>\n<\/li>\n<\/ul>\n<h1>Tarifas<\/h1>\n<ul>\n<li>Nuestro curso de 3 meses para <strong>principiantes de ingl\u00e9s<\/strong> solo cuesta 30<strong>0 euros.<\/strong><\/li>\n<li>Tambi\u00e9n puedes realizar el pago en 3 plazos de <strong>50 euros<\/strong> cada uno o puedes pagar el curso completo y obtener un mes gratis (pagar\u00e1s entonces <strong>250 EUR<\/strong>)<\/li>\n<li>Puedes pagar en cualquiera de las monedas disponibles <strong>(EUR, USD, GBP, PLN, BRL)<\/strong>. Utiliza el icono de la derecha para cambiar la moneda a la que sea m\u00e1s conveniente para ti.<\/li>\n<li><strong>El precio base est\u00e1 en euros. <\/strong>Cuando selecciones otra moneda, el precio se actualizar\u00e1 en base al tipo de cambio actual.<strong>\u00a0<\/strong><\/li>\n<\/ul>\n<h1>Opciones de pago<\/h1>\n<ul>\n<li><strong>Tarjeta de d\u00e9bito o cr\u00e9dito <\/strong>(para procesar todos los pagos de manera segura, utilizamos el proveedor de pago internacional <strong>Stripe<\/strong>)<\/li>\n<li><strong>PayPal<\/strong><\/li>\n<li><strong>Google Pay<\/strong><\/li>\n<li><strong>Apple Pay<\/strong><\/li>\n<li><strong>Pasarelas de pago locales <\/strong>(disponible en algunos pa\u00edses y para algunas monedas)<strong>\u00a0<\/strong><\/li>\n<\/ul>\n<h1>\u00bfC\u00f3mo funciona el proceso de inscripci\u00f3n?<\/h1>\n<ul>\n<li>Una vez realizado el pago, recibir\u00e1s un e-mail de confirmaci\u00f3n para confirmar tu pedido. Este correo tambi\u00e9n supondr\u00e1 la confirmaci\u00f3n de tu reserva.<\/li>\n<li>El curso empezar\u00e1 el \u00a0pero recibir\u00e1s las primeras instrucciones por e-mail una vez que el plazo de inscripci\u00f3n se haya cerrado (-).<\/li>\n<li>Recibir\u00e1s todos los accesos y se te asignar\u00e1 a tu grupo de estudio entre el &#8212; y el &#8211;.<\/li>\n<li>En caso de que tengas alguna duda o problema, por favor, cont\u00e1ctanos por e-mail a <strong><span data-attr-id=\"5\" data-extra_key=\"1\" data-option-inline=\"1\" data-shortcode=\"thrive_global_fields\" data-shortcode-name=\"[Company] Email address\">info@elemelingua.com<\/span><\/strong><\/li>\n<\/ul>\n<h1>Preguntas m\u00e1s frecuentes (FAQ)<\/h1>\n","protected":false},"excerpt":{"rendered":"<p>\u00bfQuieres empezar a aprender ingl\u00e9s pero no sabes c\u00f3mo hacerlo? \u00a1Estamos aqu\u00ed para ayudarte! Hemos hecho todo el trabajo de organizar el curso por ti, \u00a1para que puedas centrarte solamente en aprender! \u00a1Ap\u00fantate a nuestro curso de ingl\u00e9s para principiantes y empieza a hablar ya! La nueva temporada para el curso de ingl\u00e9s para principiantes [&hellip;]<\/p>\n","protected":false},"featured_media":9582,"comment_status":"open","ping_status":"closed","template":"","meta":{"spay_email":""},"product_cat":[245,264,257],"product_tag":[],"_links":{"self":[{"href":"https:\/\/elemelingua.com\/es\/wp-json\/wp\/v2\/product\/4285"}],"collection":[{"href":"https:\/\/elemelingua.com\/es\/wp-json\/wp\/v2\/product"}],"about":[{"href":"https:\/\/elemelingua.com\/es\/wp-json\/wp\/v2\/types\/product"}],"replies":[{"embeddable":true,"href":"https:\/\/elemelingua.com\/es\/wp-json\/wp\/v2\/comments?post=4285"}],"wp:featuredmedia":[{"embeddable":true,"href":"https:\/\/elemelingua.com\/es\/wp-json\/wp\/v2\/media\/9582"}],"wp:attachment":[{"href":"https:\/\/elemelingua.com\/es\/wp-json\/wp\/v2\/media?parent=4285"}],"wp:term":[{"taxonomy":"product_cat","embeddable":true,"href":"https:\/\/elemelingua.com\/es\/wp-json\/wp\/v2\/product_cat?post=4285"},{"taxonomy":"product_tag","embeddable":true,"href":"https:\/\/elemelingua.com\/es\/wp-json\/wp\/v2\/product_tag?post=4285"}],"curies":[{"name":"wp","href":"https:\/\/api.w.org\/{rel}","templated":true}]}}