{"id":2107,"date":"2021-08-25T16:30:07","date_gmt":"2021-08-25T14:30:07","guid":{"rendered":"https:\/\/elemelingua.com\/clone-of-learning-method\/"},"modified":"2021-09-23T12:52:23","modified_gmt":"2021-09-23T10:52:23","slug":"metoda-nauki","status":"publish","type":"page","link":"https:\/\/elemelingua.com\/pl\/metoda-nauki\/","title":{"rendered":"Metoda nauki"},"content":{"rendered":"<h1 style=\"text-align: center;\"><strong>Metoda nauki&nbsp;<span style=\"color: var(--tcb-skin-color-0);\">E<\/span><span style=\"color: rgb(230, 140, 45);\">l<\/span><span style=\"color: rgb(127, 208, 51);\">e<\/span><span style=\"color: rgb(224, 37, 71);\">m<\/span><span style=\"color: var(--tcb-skin-color-0);\">e<\/span><span style=\"color: rgb(230, 140, 45);\">l<\/span><span style=\"color: rgb(127, 208, 51);\">i<\/span><span style=\"color: rgb(224, 37, 71);\">n<\/span><span style=\"color: var(--tcb-skin-color-0);\">g<\/span><span style=\"color: rgb(230, 140, 45);\">u<\/span><span style=\"color: rgb(127, 208, 51);\">a<\/span><\/strong><\/h1>\n<h6 style=\"\"><strong>Nasza metoda nauki sk\u0142ada si\u0119 z 5 kluczowych filar\u00f3w:<\/strong><\/h6>\n<p><span style=\"\"><a href=\"https:\/\/elemelingua.com\/wp-content\/uploads\/2021\/07\/words.png\" target=\"_blank\" rel=\"noopener\"><img alt=\"\" data-id=\"1461\" width=\"244\" data-init-width=\"500\" height=\"244\" data-init-height=\"500\" title=\"words\" src=\"https:\/\/elemelingua.com\/wp-content\/uploads\/2021\/07\/words.png\" data-width=\"244\" data-height=\"244\" data-link-wrap=\"true\" style=\"\" mt-d=\"-6.992000000000004\" center-v-d=\"false\" mt-t=\"-6.979200000000006\" mt-m=\"-1.3149999999999977\" ml-m=\"0\" loading=\"lazy\"><\/a><\/span><\/p>\n<h2 style=\"\"><strong>Nauka&nbsp;<span style=\"color: rgb(224, 37, 71);\">zda\u0144<\/span> a nie s\u0142\u00f3wek<\/strong><\/h2>\n<p>Korzystaj\u0105c z naszej metody, nie wkuwasz pojedynczych s\u0142\u00f3wek. Uczysz si\u0119 najcz\u0119stszych <strong><span style=\"color: rgb(224, 37, 71);\">struktur<\/span><\/strong> i s\u0142\u00f3w w&nbsp;<strong><span style=\"color: rgb(224, 37, 71);\">zdaniach<\/span><\/strong> za pomoc\u0105&nbsp;<strong><span style=\"color: rgb(224, 37, 71);\">fiszek<\/span><\/strong>.<\/p>\n<p><span style=\"\"><a href=\"https:\/\/elemelingua.com\/wp-content\/uploads\/2021\/07\/zywioly.png\" target=\"_blank\" rel=\"noopener\"><img alt=\"\" data-id=\"1415\" width=\"244\" data-init-width=\"500\" height=\"244\" data-init-height=\"500\" title=\"zywioly\" src=\"https:\/\/elemelingua.com\/wp-content\/uploads\/2021\/07\/zywioly.png\" data-width=\"244\" data-height=\"244\" data-link-wrap=\"true\" style=\"\" mt-d=\"0\" center-v-d=\"false\" mt-m=\"0\" loading=\"lazy\"><\/a><\/span><\/p>\n<h2 style=\"\"><strong>Cztery&nbsp;<span style=\"color: rgb(230, 140, 45);\">style nauki<\/span><\/strong><\/h2>\n<p>Nasze kursy s\u0105 dostosowane do czterech styl\u00f3w nauki, aby zagwarantowa\u0107 uczniom <strong><span style=\"color: rgb(230, 140, 45);\">lepsze do\u015bwiadczenie w trakcie nauki<\/span><\/strong>. Zaczynasz od s\u0142uchania, czytania, a dopiero p\u00f3\u017aniej przechodzisz do pisania i m\u00f3wienia.<\/p>\n<ul>\n<li style=\"\"><span style=\"\"><a href=\"https:\/\/elemelingua.com\/pl\/kategoria\/piec-filarow\/style-uczenia-sie\/\" style=\"outline: none;\">Kliknij tutaj i dowiedz si\u0119 wi\u0119cej o stylach uczenia si\u0119<\/a><\/span><\/li>\n<li style=\"\"><span style=\"\"><a href=\"https:\/\/elemelingua.com\/pl\/test-stylu-uczenia-sie\/\" style=\"outline: none;\">Kliknij tutaj i zr\u00f3b test, by dowiedzie\u0107 si\u0119, jaki jest Tw\u00f3j styl<\/a><\/span><\/li>\n<\/ul>\n<p><span style=\"\"><a href=\"https:\/\/elemelingua.com\/wp-content\/uploads\/2021\/07\/intelligence.png\" target=\"_blank\" rel=\"noopener\"><img alt=\"\" data-id=\"1450\" width=\"244\" data-init-width=\"500\" height=\"244\" data-init-height=\"500\" title=\"intelligence\" src=\"https:\/\/elemelingua.com\/wp-content\/uploads\/2021\/07\/intelligence.png\" data-width=\"244\" data-height=\"244\" data-link-wrap=\"true\" style=\"\" mt-d=\"0\" center-v-d=\"false\" ml-d=\"-0.8507000000000033\" mt-m=\"-1.3939999999999486\" mt-t=\"0\" loading=\"lazy\"><\/a><\/span><\/p>\n<h2 style=\"color: var(--tcb-skin-color-3)  !important; --tcb-applied-color:var$(--tcb-skin-color-3)  !important;\"><strong>Sztuczna&nbsp;<span style=\"color: var(--tcb-skin-color-0);\">inteligencja<\/span><\/strong><\/h2>\n<p style=\"\">Nasze kursy odbywaj\u0105 si\u0119 w <strong><span style=\"color: var(--tcb-skin-color-0);\">Globocie<\/span><\/strong>, stworzonej przez nas aplikacji, kt\u00f3ra zapami\u0119tuje, jak si\u0119 uczysz i planuje powt\u00f3rki fiszek w oparciu o to, co robisz (<strong><span style=\"color: var(--tcb-skin-color-0);\">powt\u00f3rki interwa\u0142owe<\/span><\/strong>).<\/p>\n<p><span style=\"\"><a href=\"https:\/\/elemelingua.com\/wp-content\/uploads\/2021\/07\/social.png\" target=\"_blank\" rel=\"noopener\"><img alt=\"\" data-id=\"1438\" width=\"244\" data-init-width=\"500\" height=\"244\" data-init-height=\"500\" title=\"social\" src=\"https:\/\/elemelingua.com\/wp-content\/uploads\/2021\/07\/social.png\" data-width=\"244\" data-height=\"244\" data-link-wrap=\"true\" style=\"\" mt-d=\"-6.979000000000013\" center-v-d=\"false\" mt-m=\"-2.630999999999972\" mt-t=\"-6.99199999999999\" ml-d=\"0\" loading=\"lazy\"><\/a><\/span><\/p>\n<h2 style=\"color: var(--tcb-skin-color-3)  !important; --tcb-applied-color:var$(--tcb-skin-color-3)  !important;\"><strong><span style=\"color: rgb(127, 208, 51);\">Wsp\u00f3lna<\/span> nauka<\/strong><\/h2>\n<p>Wsp\u00f3lna nauka z <strong><span style=\"color: rgb(127, 208, 51);\">innymi uczniami<\/span><\/strong> i<span style=\"color: rgb(127, 208, 51);\">&nbsp;<\/span><strong><span style=\"color: rgb(127, 208, 51);\">nauczycielami<\/span><\/strong> pomaga Ci uczy\u0107 si\u0119 szybciej i w spos\u00f3b bardziej efektywny.<\/p>\n<p><span style=\"\"><a href=\"https:\/\/elemelingua.com\/wp-content\/uploads\/2021\/07\/gamification-1.png\" target=\"_blank\" rel=\"noopener\"><img alt=\"\" data-id=\"1426\" width=\"244\" data-init-width=\"500\" height=\"244\" data-init-height=\"500\" title=\"gamification\" src=\"https:\/\/elemelingua.com\/wp-content\/uploads\/2021\/07\/gamification-1.png\" data-width=\"244\" data-height=\"244\" data-link-wrap=\"true\" style=\"\" mt-d=\"0\" center-v-d=\"false\" mt-m=\"0\" ml-d=\"0\" loading=\"lazy\"><\/a><\/span><\/p>\n<h2 style=\"color: var(--tcb-skin-color-3)  !important; --tcb-applied-color:var$(--tcb-skin-color-3)  !important;\"><strong>Motywacja poprzez&nbsp;<span style=\"color: rgb(230, 140, 45);\">grywalizacj\u0119<\/span><\/strong><\/h2>\n<p style=\"\">Dodajemy r\u00f3\u017cne elementy, kt\u00f3re <strong><span style=\"color: rgb(230, 140, 45);\">zwi\u0119kszaj\u0105 motywacj\u0119<\/span><\/strong> i buduj\u0105 dobre <strong><span style=\"color: rgb(230, 140, 45);\">przyzwyczajenia w nauce<\/span><\/strong>, poprzez grywalizacj\u0119. Dzi\u0119ki temu nasi uczniowie ucz\u0105 si\u0119 \u015brednio 4-5 dni w tygodniu.<\/p>\n","protected":false},"excerpt":{"rendered":"<p>Metoda nauki&nbsp;Elemelingua Nasza metoda nauki sk\u0142ada si\u0119 z 5 kluczowych filar\u00f3w: Nauka&nbsp;zda\u0144 a nie s\u0142\u00f3wek Korzystaj\u0105c z naszej metody, nie wkuwasz pojedynczych s\u0142\u00f3wek. Uczysz si\u0119 najcz\u0119stszych struktur i s\u0142\u00f3w w&nbsp;zdaniach za pomoc\u0105&nbsp;fiszek. Cztery&nbsp;style nauki Nasze kursy s\u0105 dostosowane do czterech styl\u00f3w nauki, aby zagwarantowa\u0107 uczniom lepsze do\u015bwiadczenie w trakcie nauki. Zaczynasz od s\u0142uchania, czytania, a [&hellip;]<\/p>\n","protected":false},"author":1,"featured_media":1467,"parent":0,"menu_order":0,"comment_status":"closed","ping_status":"closed","template":"","meta":{"spay_email":""},"_links":{"self":[{"href":"https:\/\/elemelingua.com\/pl\/wp-json\/wp\/v2\/pages\/2107"}],"collection":[{"href":"https:\/\/elemelingua.com\/pl\/wp-json\/wp\/v2\/pages"}],"about":[{"href":"https:\/\/elemelingua.com\/pl\/wp-json\/wp\/v2\/types\/page"}],"author":[{"embeddable":true,"href":"https:\/\/elemelingua.com\/pl\/wp-json\/wp\/v2\/users\/1"}],"replies":[{"embeddable":true,"href":"https:\/\/elemelingua.com\/pl\/wp-json\/wp\/v2\/comments?post=2107"}],"version-history":[{"count":4,"href":"https:\/\/elemelingua.com\/pl\/wp-json\/wp\/v2\/pages\/2107\/revisions"}],"predecessor-version":[{"id":2576,"href":"https:\/\/elemelingua.com\/pl\/wp-json\/wp\/v2\/pages\/2107\/revisions\/2576"}],"wp:featuredmedia":[{"embeddable":true,"href":"https:\/\/elemelingua.com\/pl\/wp-json\/wp\/v2\/media\/1467"}],"wp:attachment":[{"href":"https:\/\/elemelingua.com\/pl\/wp-json\/wp\/v2\/media?parent=2107"}],"curies":[{"name":"wp","href":"https:\/\/api.w.org\/{rel}","templated":true}]}}