{"id":2335,"date":"2021-09-15T12:17:05","date_gmt":"2021-09-15T10:17:05","guid":{"rendered":"https:\/\/elemelingua.com\/?page_id=2335"},"modified":"2023-03-01T09:36:58","modified_gmt":"2023-03-01T08:36:58","slug":"o-nas","status":"publish","type":"page","link":"https:\/\/elemelingua.com\/pl\/o-nas\/","title":{"rendered":"O nas"},"content":{"rendered":"<h1>Historia Elemelingua<\/h1>\n<h2>2018<\/h2>\n<ul>\n<li><span>W kwietniu wystartowali\u015bmy z pierwszym sezonem naszych kurs\u00f3w on-line dla Polak\u00f3w na stronie <a href=\"https:\/\/www.sekretypoliglotow.pl\/\" style=\"outline: none;\">sekretypoliglotow.pl<\/a>. Na kursach&nbsp;<strong>hiszpa\u0144skiego&nbsp;<img alt=\"\ud83c\uddea\ud83c\uddf8\" src=\"https:\/\/s.w.org\/images\/core\/emoji\/13.0.1\/svg\/1f1ea-1f1f8.svg\" loading=\"lazy\"><\/strong> i <strong>francuskiego&nbsp;<img alt=\"\ud83c\uddeb\ud83c\uddf7\" src=\"https:\/\/s.w.org\/images\/core\/emoji\/13.0.1\/svg\/1f1eb-1f1f7.svg\" loading=\"lazy\">&nbsp;<\/strong>dla pocz\u0105tkuj\u0105cych uczy\u0142o si\u0119 \u0142\u0105cznie 138 uczni\u00f3w.&nbsp;<\/span><\/li>\n<li><span>Dodali\u015bmy <strong>brytyjski angielski&nbsp;<img alt=\"\ud83c\uddec\ud83c\udde7\" src=\"https:\/\/s.w.org\/images\/core\/emoji\/13.0.1\/svg\/1f1ec-1f1e7.svg\" loading=\"lazy\"><\/strong><span style=\"font-weight: normal;\">,<\/span><strong>&nbsp;ameryka\u0144ski angielski&nbsp;<img alt=\"\ud83c\uddfa\ud83c\uddf8\" src=\"https:\/\/s.w.org\/images\/core\/emoji\/13.0.1\/svg\/1f1fa-1f1f8.svg\" loading=\"lazy\"><\/strong>, <strong>niemiecki&nbsp;<img alt=\"\ud83c\udde9\ud83c\uddea\" src=\"https:\/\/s.w.org\/images\/core\/emoji\/13.0.1\/svg\/1f1e9-1f1ea.svg\" loading=\"lazy\">&nbsp;<\/strong>i <strong>w\u0142oski<\/strong><img alt=\"\ud83c\uddee\ud83c\uddf9\" src=\"https:\/\/s.w.org\/images\/core\/emoji\/13.0.1\/svg\/1f1ee-1f1f9.svg\" loading=\"lazy\">&nbsp;zosta\u0142y dodane w drugim sezonie, w kt\u00f3rym wzi\u0119\u0142o udzia\u0142 245 uczni\u00f3w.<\/span><\/li>\n<li><span>W 2018 pomogli\u015bmy <strong>383 uczniom&nbsp;<\/strong>w nauce nowych j\u0119zyk\u00f3w.<\/span><\/li>\n<\/ul>\n<h2>2019<\/h2>\n<ul>\n<li><span>Dodali\u015bmy trzy kolejne j\u0119zyki: <strong>portugalski brazylijski<\/strong><img role=\"img\" alt=\"\ud83c\udde7\ud83c\uddf7\" src=\"https:\/\/s.w.org\/images\/core\/emoji\/13.1.0\/svg\/1f1e7-1f1f7.svg\" loading=\"lazy\">, <strong>rosyjski&nbsp;<\/strong><img role=\"img\" alt=\"\ud83c\uddf7\ud83c\uddfa\" src=\"https:\/\/s.w.org\/images\/core\/emoji\/13.0.1\/svg\/1f1f7-1f1fa.svg\" loading=\"lazy\">&nbsp;i <strong>szwedzki&nbsp;<img role=\"img\" alt=\"\ud83c\uddf8\ud83c\uddea\" src=\"https:\/\/s.w.org\/images\/core\/emoji\/13.0.1\/svg\/1f1f8-1f1ea.svg\" loading=\"lazy\"><\/strong>.<\/span><\/li>\n<li><span>Wystartowa\u0142a nasza aplikacja <em>Globott<\/em>.<\/span><\/li>\n<li><span>Jako \u017ce nasze kursy dla pocz\u0105tkuj\u0105cych cieszy\u0142y si\u0119 ogromnym zainteresowaniem, uruchomili\u015bmy kursy dla&nbsp;<strong>\u015brednio zaawansowanych<\/strong>.<\/span><\/li>\n<li><span>W 2019 pomogli\u015bmy <strong>482 uczniom<\/strong> w nauce nowych j\u0119zyk\u00f3w.<\/span><\/li>\n<\/ul>\n<h2>2020<\/h2>\n<ul>\n<li><span style=\"\">Dodali\u015bmy 6 nowych j\u0119zyk\u00f3w: <strong>portugalski w wersji europejskiej&nbsp;<img alt=\"\ud83c\uddf5\ud83c\uddf9\" src=\"https:\/\/s.w.org\/images\/core\/emoji\/13.0.1\/svg\/1f1f5-1f1f9.svg\" loading=\"lazy\"><\/strong>,&nbsp;<strong>w\u0119gierski&nbsp;<img alt=\"\ud83c\udded\ud83c\uddfa\" src=\"https:\/\/s.w.org\/images\/core\/emoji\/13.0.1\/svg\/1f1ed-1f1fa.svg\" loading=\"lazy\"><\/strong>,&nbsp;<strong>norweski&nbsp;<img alt=\"\ud83c\uddf3\ud83c\uddf4\" src=\"https:\/\/s.w.org\/images\/core\/emoji\/13.0.1\/svg\/1f1f3-1f1f4.svg\" loading=\"lazy\"><\/strong>,&nbsp;<strong>niderlandzki&nbsp;<img alt=\"\ud83c\uddf3\ud83c\uddf1\" src=\"https:\/\/s.w.org\/images\/core\/emoji\/13.0.1\/svg\/1f1f3-1f1f1.svg\" loading=\"lazy\"><\/strong>, <strong>h<\/strong><strong>indi <img role=\"img\" alt=\"\ud83c\uddee\ud83c\uddf3\" src=\"https:\/\/s.w.org\/images\/core\/emoji\/13.0.1\/svg\/1f1ee-1f1f3.svg\" loading=\"lazy\">&nbsp;<\/strong>oraz <strong>perski&nbsp;<img role=\"img\" alt=\"\ud83c\uddee\ud83c\uddf7\" src=\"https:\/\/s.w.org\/images\/core\/emoji\/13.0.1\/svg\/1f1ee-1f1f7.svg\" loading=\"lazy\"><\/strong>.<\/span><\/li>\n<li><span style=\"\">Ze wzgl\u0119du na du\u017ce zainteresowanie kursami zacz\u0119li\u015bmy startowa\u0107 z nowymi sezonami kurs\u00f3w co miesi\u0105c, a nie raz na kwarta\u0142, jak robili\u015bmy to wcze\u015bniej.<\/span><\/li>\n<li><span style=\"\">Rozpocz\u0119li\u015bmy prac\u0119 nad rebrandingiem z &nbsp;<em>Sekrety Poliglot\u00f3w<\/em> na&nbsp;<em>Elemelingua<\/em>, aby m\u00f3c zacz\u0105\u0107 oferowa\u0107 kursy j\u0119zykowe na ca\u0142ym \u015bwiecie..<\/span><\/li>\n<li><span style=\"\">W 2020 pomogli\u015bmy <strong>1060 uczniom<\/strong> w nauce nowych j\u0119zyk\u00f3w.<\/span><\/li>\n<\/ul>\n<h2>2021<\/h2>\n<ul>\n<li><span>Uruchomili\u015bmy kursy&nbsp;<strong>japo\u0144skiego&nbsp;<img role=\"img\" alt=\"\ud83c\uddef\ud83c\uddf5\" src=\"https:\/\/s.w.org\/images\/core\/emoji\/13.0.1\/svg\/1f1ef-1f1f5.svg\" loading=\"lazy\">&nbsp;<\/strong>i <strong>chi\u0144skiego (mandary\u0144skiego)<\/strong><img role=\"img\" alt=\"\ud83c\udde8\ud83c\uddf3\" src=\"https:\/\/s.w.org\/images\/core\/emoji\/13.0.1\/svg\/1f1e8-1f1f3.svg\" loading=\"lazy\">&nbsp;dla Polak\u00f3w.<\/span><\/li>\n<li><span>Wystartowa\u0142a nasza strona <a href=\"https:\/\/elemelingua.com\/\" style=\"outline: none;\"><span style=\"text-decoration: underline;\">Elemelingua.com<\/span><\/a>, dost\u0119pna po <strong>angielsku<\/strong>, <strong>hiszpa\u0144sku<\/strong>, <strong>polsku<\/strong> i <strong>portugalsku (w wersji brazylijskiej)<\/strong>.<\/span><\/li>\n<li><span>W listopadzie uruchomili\u015bmy I edycj\u0119 naszego kursu j\u0119zyka <strong>polskiego <img role=\"img\" alt=\"\ud83c\uddf5\ud83c\uddf1\" src=\"https:\/\/s.w.org\/images\/core\/emoji\/13.1.0\/svg\/1f1f5-1f1f1.svg\" loading=\"lazy\">&nbsp;dla pocz\u0105tkuj\u0105cych<\/strong> dla os\u00f3b angloj\u0119zycznych z ponad 40 uczniami!<\/span><\/li>\n<li><span>W 2021 pomogli\u015bmy ponad <strong>2000 uczniom<\/strong> w nauce nowych j\u0119zyk\u00f3w.<\/span><\/li>\n<\/ul>\n<h2>2022<\/h2>\n<ul>\n<li><span>Dla os\u00f3b m\u00f3wi\u0105cych po angielsku uruchomili\u015bmy kursy <strong>hiszpa\u0144skiego<\/strong><img role=\"img\" alt=\"\ud83c\uddea\ud83c\uddf8\" src=\"https:\/\/s.w.org\/images\/core\/emoji\/13.1.0\/svg\/1f1ea-1f1f8.svg\">, <strong>portugalskiego w wersji brazylijskiej<\/strong><img role=\"img\" alt=\"\ud83c\udde7\ud83c\uddf7\" src=\"https:\/\/s.w.org\/images\/core\/emoji\/13.1.0\/svg\/1f1e7-1f1f7.svg\">&nbsp;i <strong>francuskiego<\/strong> <img role=\"img\" alt=\"\ud83c\uddeb\ud83c\uddf7\" src=\"https:\/\/s.w.org\/images\/core\/emoji\/13.1.0\/svg\/1f1eb-1f1f7.svg\">.<\/span><\/li>\n<li><span>Dla os\u00f3b m\u00f3wi\u0105cych po polsku uruchomili\u015bmy kursy <strong>tureckiego<\/strong><img role=\"img\" alt=\"\ud83c\uddf9\ud83c\uddf7\" src=\"https:\/\/s.w.org\/images\/core\/emoji\/13.1.0\/svg\/1f1f9-1f1f7.svg\">, <strong>czeskiego<\/strong><img role=\"img\" alt=\"\ud83c\udde8\ud83c\uddff\" src=\"https:\/\/s.w.org\/images\/core\/emoji\/13.1.0\/svg\/1f1e8-1f1ff.svg\">, <strong>du\u0144skiego<\/strong><img role=\"img\" alt=\"\ud83c\udde9\ud83c\uddf0\" src=\"https:\/\/s.w.org\/images\/core\/emoji\/13.1.0\/svg\/1f1e9-1f1f0.svg\">, <strong>ukrai\u0144skiego<\/strong><img role=\"img\" alt=\"\ud83c\uddfa\ud83c\udde6\" src=\"https:\/\/s.w.org\/images\/core\/emoji\/13.1.0\/svg\/1f1fa-1f1e6.svg\">.<\/span><\/li>\n<li><span>Dla os\u00f3b m\u00f3wi\u0105cych po portugalsku uruchomili\u015bmy kursy j\u0119zyka <strong>angielskiego<\/strong><img role=\"img\" alt=\"\ud83c\uddfa\ud83c\uddf8\" src=\"https:\/\/s.w.org\/images\/core\/emoji\/13.1.0\/svg\/1f1fa-1f1f8.svg\"><img role=\"img\" alt=\"\ud83c\uddec\ud83c\udde7\" src=\"https:\/\/s.w.org\/images\/core\/emoji\/13.1.0\/svg\/1f1ec-1f1e7.svg\">, <strong>francuskiego<\/strong><img role=\"img\" alt=\"\ud83c\uddeb\ud83c\uddf7\" src=\"https:\/\/s.w.org\/images\/core\/emoji\/13.1.0\/svg\/1f1eb-1f1f7.svg\">&nbsp;i <strong>niemieckiego<\/strong><img role=\"img\" alt=\"\ud83c\udde9\ud83c\uddea\" src=\"https:\/\/s.w.org\/images\/core\/emoji\/13.1.0\/svg\/1f1e9-1f1ea.svg\">.<\/span><\/li>\n<li><span>Dla os\u00f3b m\u00f3wi\u0105cych po hiszpa\u0144sku uruchomili\u015bmy kurs j\u0119zyka angielskiego <img role=\"img\" alt=\"\ud83c\uddfa\ud83c\uddf8\" src=\"https:\/\/s.w.org\/images\/core\/emoji\/13.1.0\/svg\/1f1fa-1f1f8.svg\"><img role=\"img\" alt=\"\ud83c\uddec\ud83c\udde7\" src=\"https:\/\/s.w.org\/images\/core\/emoji\/13.1.0\/svg\/1f1ec-1f1e7.svg\">.<\/span><\/li>\n<li><span>W 2022 roku pomogli\u015bmy ponad <strong>5800 uczniom<\/strong> w nauce nowych j\u0119zyk\u00f3w.<\/span><\/li>\n<\/ul>\n<h2>2023<\/h2>\n<ul>\n<li><span>Dla os\u00f3b m\u00f3wi\u0105cych po polsku uruchomili\u015bmy kursy <strong>greckiego<\/strong> <img alt=\"\ud83c\uddec\ud83c\uddf7\" src=\"https:\/\/s.w.org\/images\/core\/emoji\/13.1.0\/svg\/1f1ec-1f1f7.svg\">&nbsp;i <strong>chorwackiego<\/strong> <img alt=\"\ud83c\udded\ud83c\uddf7\" src=\"https:\/\/s.w.org\/images\/core\/emoji\/13.1.0\/svg\/1f1ed-1f1f7.svg\">.<\/span><\/li>\n<li><span>Od naszego pierwszego sezonu w 2018 roku pomogli\u015bmy ponad <strong>8800 uczniom<\/strong> w nauce nowych j\u0119zyk\u00f3w!<\/span><\/li>\n<\/ul>\n","protected":false},"excerpt":{"rendered":"<p>Historia Elemelingua 2018 W kwietniu wystartowali\u015bmy z pierwszym sezonem naszych kurs\u00f3w on-line dla Polak\u00f3w na stronie sekretypoliglotow.pl. Na kursach&nbsp;hiszpa\u0144skiego&nbsp; i francuskiego&nbsp;&nbsp;dla pocz\u0105tkuj\u0105cych uczy\u0142o si\u0119 \u0142\u0105cznie 138 uczni\u00f3w.&nbsp; Dodali\u015bmy brytyjski angielski&nbsp;,&nbsp;ameryka\u0144ski angielski&nbsp;, niemiecki&nbsp;&nbsp;i w\u0142oski&nbsp;zosta\u0142y dodane w drugim sezonie, w kt\u00f3rym wzi\u0119\u0142o udzia\u0142 245 uczni\u00f3w. W 2018 pomogli\u015bmy 383 uczniom&nbsp;w nauce nowych j\u0119zyk\u00f3w. 2019 Dodali\u015bmy trzy kolejne [&hellip;]<\/p>\n","protected":false},"author":1,"featured_media":0,"parent":0,"menu_order":0,"comment_status":"closed","ping_status":"closed","template":"","meta":{"spay_email":""},"_links":{"self":[{"href":"https:\/\/elemelingua.com\/pl\/wp-json\/wp\/v2\/pages\/2335"}],"collection":[{"href":"https:\/\/elemelingua.com\/pl\/wp-json\/wp\/v2\/pages"}],"about":[{"href":"https:\/\/elemelingua.com\/pl\/wp-json\/wp\/v2\/types\/page"}],"author":[{"embeddable":true,"href":"https:\/\/elemelingua.com\/pl\/wp-json\/wp\/v2\/users\/1"}],"replies":[{"embeddable":true,"href":"https:\/\/elemelingua.com\/pl\/wp-json\/wp\/v2\/comments?post=2335"}],"version-history":[{"count":22,"href":"https:\/\/elemelingua.com\/pl\/wp-json\/wp\/v2\/pages\/2335\/revisions"}],"predecessor-version":[{"id":6629,"href":"https:\/\/elemelingua.com\/pl\/wp-json\/wp\/v2\/pages\/2335\/revisions\/6629"}],"wp:attachment":[{"href":"https:\/\/elemelingua.com\/pl\/wp-json\/wp\/v2\/media?parent=2335"}],"curies":[{"name":"wp","href":"https:\/\/api.w.org\/{rel}","templated":true}]}}