{"id":2357,"date":"2021-09-15T12:55:03","date_gmt":"2021-09-15T10:55:03","guid":{"rendered":"https:\/\/elemelingua.com\/clone-of-learning-style-test\/"},"modified":"2021-11-01T15:02:17","modified_gmt":"2021-11-01T14:02:17","slug":"test-stylu-uczenia-sie","status":"publish","type":"page","link":"https:\/\/elemelingua.com\/pl\/test-stylu-uczenia-sie\/","title":{"rendered":"Test stylu uczenia si\u0119"},"content":{"rendered":"<p style=\"text-align: center;\"><strong>Jaki jest Tw\u00f3j&nbsp;<span style=\"color: rgb(127, 208, 51);\">s<\/span><span style=\"color: var(--tcb-skin-color-0);\">t<\/span><span style=\"color: rgb(224, 37, 71);\">y<\/span><span style=\"color: rgb(230, 140, 45);\">l&nbsp;<\/span><span style=\"color: rgb(127, 208, 51);\">u<\/span><span style=\"color: var(--tcb-skin-color-0);\">c<\/span><span style=\"color: rgb(224, 37, 71);\">z<\/span><span style=\"color: rgb(230, 140, 45);\">e<\/span><span style=\"color: rgb(127, 208, 51);\">n<\/span><span style=\"color: var(--tcb-skin-color-0);\">i<\/span><span style=\"color: rgb(224, 37, 71);\">a&nbsp;<\/span><span style=\"color: rgb(230, 140, 45);\">s<\/span><span style=\"color: rgb(127, 208, 51);\">i<\/span><span style=\"color: var(--tcb-color-1);\">\u0119<\/span><span style=\"color: rgb(224, 37, 71);\"><\/span><span style=\"color: var(--tcb-skin-color-4);\">?<\/span><\/strong><\/p>\n<p><span style=\"\"><a href=\"https:\/\/elemelingua.com\/wp-content\/uploads\/2020\/11\/elements-together.png\" target=\"_blank\" rel=\"noopener\"><img alt=\"\" data-id=\"607\" width=\"347\" data-init-width=\"1508\" height=\"313\" data-init-height=\"1360\" title=\"elements together\" src=\"\/\/elemelingua.com\/wp-content\/uploads\/2020\/11\/elements-together.png\" data-width=\"347\" data-height=\"313\" data-link-wrap=\"true\" style=\"\" ml-d=\"-1\" mt-d=\"0\" center-v-d=\"true\" ml-m=\"-2.9810000000000514\" loading=\"lazy\"><\/a><\/span><\/p>\n<p style=\"\">Poni\u017cej znajdziesz nasz test dotycz\u0105cy <em>stylu nauki j\u0119zyka<\/em>. Wype\u0142nij go, aby dowiedzie\u0107 si\u0119, jaki jest <strong>Tw\u00f3j styl uczenia si\u0119<\/strong> i najlepsza metoda, kt\u00f3rej mo\u017cesz u\u017cy\u0107, by pozna\u0107 nowy j\u0119zyk. Przygotowali\u015bmy te\u017c artyku\u0142 o r\u00f3\u017cnych stylach nauki, do kt\u00f3rego mo\u017cna uzyska\u0107 dost\u0119p <a href=\"https:\/\/elemelingua.com\/pl\/jaki-jest-najlepszy-sposob-by-nauczyc-sie-jezyka\/\" target=\"_blank\" style=\"outline: none;\" rel=\"noopener\"><strong>tutaj<\/strong><\/a>.<\/p>\n","protected":false},"excerpt":{"rendered":"<p>Jaki jest Tw\u00f3j&nbsp;styl&nbsp;uczenia&nbsp;si\u0119? Poni\u017cej znajdziesz nasz test dotycz\u0105cy stylu nauki j\u0119zyka. Wype\u0142nij go, aby dowiedzie\u0107 si\u0119, jaki jest Tw\u00f3j styl uczenia si\u0119 i najlepsza metoda, kt\u00f3rej mo\u017cesz u\u017cy\u0107, by pozna\u0107 nowy j\u0119zyk. Przygotowali\u015bmy te\u017c artyku\u0142 o r\u00f3\u017cnych stylach nauki, do kt\u00f3rego mo\u017cna uzyska\u0107 dost\u0119p tutaj.<\/p>\n","protected":false},"author":1,"featured_media":613,"parent":0,"menu_order":0,"comment_status":"closed","ping_status":"closed","template":"","meta":{"spay_email":""},"_links":{"self":[{"href":"https:\/\/elemelingua.com\/pl\/wp-json\/wp\/v2\/pages\/2357"}],"collection":[{"href":"https:\/\/elemelingua.com\/pl\/wp-json\/wp\/v2\/pages"}],"about":[{"href":"https:\/\/elemelingua.com\/pl\/wp-json\/wp\/v2\/types\/page"}],"author":[{"embeddable":true,"href":"https:\/\/elemelingua.com\/pl\/wp-json\/wp\/v2\/users\/1"}],"replies":[{"embeddable":true,"href":"https:\/\/elemelingua.com\/pl\/wp-json\/wp\/v2\/comments?post=2357"}],"version-history":[{"count":4,"href":"https:\/\/elemelingua.com\/pl\/wp-json\/wp\/v2\/pages\/2357\/revisions"}],"predecessor-version":[{"id":3880,"href":"https:\/\/elemelingua.com\/pl\/wp-json\/wp\/v2\/pages\/2357\/revisions\/3880"}],"wp:featuredmedia":[{"embeddable":true,"href":"https:\/\/elemelingua.com\/pl\/wp-json\/wp\/v2\/media\/613"}],"wp:attachment":[{"href":"https:\/\/elemelingua.com\/pl\/wp-json\/wp\/v2\/media?parent=2357"}],"curies":[{"name":"wp","href":"https:\/\/api.w.org\/{rel}","templated":true}]}}