{"id":2395,"date":"2021-09-16T12:36:50","date_gmt":"2021-09-16T10:36:50","guid":{"rendered":"https:\/\/elemelingua.com\/clone-of-your-style-is-earth\/"},"modified":"2021-09-22T17:24:57","modified_gmt":"2021-09-22T15:24:57","slug":"twoj-styl-to-ziemia","status":"publish","type":"page","link":"https:\/\/elemelingua.com\/pl\/twoj-styl-to-ziemia\/","title":{"rendered":"Tw\u00f3j styl to ZIEMIA!"},"content":{"rendered":"<h2 style=\"text-align: center;\"><span style=\"font-weight: normal;\">Tw\u00f3j styl to&nbsp;<\/span><span style=\"color: var(--tcb-color-1);\">Z<\/span><span style=\"color: rgb(230, 140, 45);\">I<\/span><span style=\"color: rgb(127, 208, 51);\">E<\/span><span style=\"color: rgb(224, 37, 71);\">M<\/span><span style=\"color: var(--tcb-color-1);\">I<\/span><span style=\"color: rgb(127, 208, 51);\">A<\/span><span style=\"font-weight: normal;\">!<\/span><\/h2>\n<p><span><a href=\"https:\/\/elemelingua.com\/wp-content\/uploads\/2020\/10\/Ziemia-pozy-2-1.png\" target=\"_blank\" rel=\"noopener\"><img alt=\"\" data-id=\"553\" width=\"343\" data-init-width=\"1688\" height=\"379\" data-init-height=\"1865\" title=\"Ziemia - pozy-2\" src=\"\/\/elemelingua.com\/wp-content\/uploads\/2020\/10\/Ziemia-pozy-2-1.png\" data-width=\"343\" data-height=\"379\" data-link-wrap=\"true\" style=\"\" ml-d=\"0\" loading=\"lazy\"><\/a><\/span><\/p>\n<p style=\"text-align: center;\"><span>Czy chcesz otrzyma\u0107 mini-kurs mailem, w kt\u00f3rym wyja\u015bnimy Ci, jak powiniene\u015b lub powinna\u015b si\u0119 uczy\u0107 jako <strong>ZIEMIA<\/strong>?Je\u017celi tak, okre\u015bl sw\u00f3j poziom j\u0119zykowy w ankiecie poni\u017cej i na nast\u0119pnej stronie zapisz si\u0119 na kurs mailowy.<\/span><\/p>\n","protected":false},"excerpt":{"rendered":"<p>Tw\u00f3j styl to&nbsp;ZIEMIA! Czy chcesz otrzyma\u0107 mini-kurs mailem, w kt\u00f3rym wyja\u015bnimy Ci, jak powiniene\u015b lub powinna\u015b si\u0119 uczy\u0107 jako ZIEMIA?Je\u017celi tak, okre\u015bl sw\u00f3j poziom j\u0119zykowy w ankiecie poni\u017cej i na nast\u0119pnej stronie zapisz si\u0119 na kurs mailowy.<\/p>\n","protected":false},"author":11,"featured_media":0,"parent":0,"menu_order":0,"comment_status":"closed","ping_status":"closed","template":"","meta":{"spay_email":""},"_links":{"self":[{"href":"https:\/\/elemelingua.com\/pl\/wp-json\/wp\/v2\/pages\/2395"}],"collection":[{"href":"https:\/\/elemelingua.com\/pl\/wp-json\/wp\/v2\/pages"}],"about":[{"href":"https:\/\/elemelingua.com\/pl\/wp-json\/wp\/v2\/types\/page"}],"author":[{"embeddable":true,"href":"https:\/\/elemelingua.com\/pl\/wp-json\/wp\/v2\/users\/11"}],"replies":[{"embeddable":true,"href":"https:\/\/elemelingua.com\/pl\/wp-json\/wp\/v2\/comments?post=2395"}],"version-history":[{"count":4,"href":"https:\/\/elemelingua.com\/pl\/wp-json\/wp\/v2\/pages\/2395\/revisions"}],"predecessor-version":[{"id":2541,"href":"https:\/\/elemelingua.com\/pl\/wp-json\/wp\/v2\/pages\/2395\/revisions\/2541"}],"wp:attachment":[{"href":"https:\/\/elemelingua.com\/pl\/wp-json\/wp\/v2\/media?parent=2395"}],"curies":[{"name":"wp","href":"https:\/\/api.w.org\/{rel}","templated":true}]}}