{"id":2396,"date":"2021-09-16T12:36:54","date_gmt":"2021-09-16T10:36:54","guid":{"rendered":"https:\/\/elemelingua.com\/clone-of-your-style-is-fire\/"},"modified":"2021-09-22T17:23:58","modified_gmt":"2021-09-22T15:23:58","slug":"twoj-styl-to-ogien","status":"publish","type":"page","link":"https:\/\/elemelingua.com\/pl\/twoj-styl-to-ogien\/","title":{"rendered":"Tw\u00f3j styl to OGIE\u0143!"},"content":{"rendered":"<h2 style=\"text-align: center;\"><span style=\"font-weight: normal;\">Tw\u00f3j styl to&nbsp;<\/span><span style=\"color: var(--tcb-color-1);\">O<\/span><span style=\"color: rgb(230, 140, 45);\">G<\/span><span style=\"color: rgb(127, 208, 51);\">I<\/span><span style=\"color: rgb(224, 37, 71);\">E<\/span><span style=\"color: var(--tcb-color-1);\">\u0143<\/span><span style=\"font-weight: normal;\">!<\/span><\/h2>\n<p><span><a href=\"https:\/\/elemelingua.com\/wp-content\/uploads\/2020\/10\/Ogien\u0301-2.png\" target=\"_blank\" rel=\"noopener\"><img alt=\"\" data-id=\"435\" width=\"267\" data-init-width=\"1313\" height=\"392\" data-init-height=\"1927\" title=\"Ogien\u0301-2\" src=\"\/\/elemelingua.com\/wp-content\/uploads\/2020\/10\/Ogien\u0301-2.png\" data-width=\"267\" data-height=\"392\" data-link-wrap=\"true\" ml-d=\"0\" style=\"\" loading=\"lazy\"><\/a><\/span><\/p>\n<p style=\"text-align: center;\"><span>Czy chcesz otrzyma\u0107 mini-kurs mailem, w kt\u00f3rym wyja\u015bnimy Ci, jak powiniene\u015b lub powinna\u015b si\u0119 uczy\u0107 jako <strong>OGIE\u0143<\/strong>?Je\u017celi tak, okre\u015bl sw\u00f3j poziom j\u0119zykowy w ankiecie poni\u017cej i na nast\u0119pnej stronie zapisz si\u0119 na kurs mailowy.<\/span><\/p>\n","protected":false},"excerpt":{"rendered":"<p>Tw\u00f3j styl to&nbsp;OGIE\u0143! Czy chcesz otrzyma\u0107 mini-kurs mailem, w kt\u00f3rym wyja\u015bnimy Ci, jak powiniene\u015b lub powinna\u015b si\u0119 uczy\u0107 jako OGIE\u0143?Je\u017celi tak, okre\u015bl sw\u00f3j poziom j\u0119zykowy w ankiecie poni\u017cej i na nast\u0119pnej stronie zapisz si\u0119 na kurs mailowy.<\/p>\n","protected":false},"author":11,"featured_media":0,"parent":0,"menu_order":0,"comment_status":"closed","ping_status":"closed","template":"","meta":{"spay_email":""},"_links":{"self":[{"href":"https:\/\/elemelingua.com\/pl\/wp-json\/wp\/v2\/pages\/2396"}],"collection":[{"href":"https:\/\/elemelingua.com\/pl\/wp-json\/wp\/v2\/pages"}],"about":[{"href":"https:\/\/elemelingua.com\/pl\/wp-json\/wp\/v2\/types\/page"}],"author":[{"embeddable":true,"href":"https:\/\/elemelingua.com\/pl\/wp-json\/wp\/v2\/users\/11"}],"replies":[{"embeddable":true,"href":"https:\/\/elemelingua.com\/pl\/wp-json\/wp\/v2\/comments?post=2396"}],"version-history":[{"count":4,"href":"https:\/\/elemelingua.com\/pl\/wp-json\/wp\/v2\/pages\/2396\/revisions"}],"predecessor-version":[{"id":2538,"href":"https:\/\/elemelingua.com\/pl\/wp-json\/wp\/v2\/pages\/2396\/revisions\/2538"}],"wp:attachment":[{"href":"https:\/\/elemelingua.com\/pl\/wp-json\/wp\/v2\/media?parent=2396"}],"curies":[{"name":"wp","href":"https:\/\/api.w.org\/{rel}","templated":true}]}}