{"id":2542,"date":"2021-09-22T17:26:04","date_gmt":"2021-09-22T15:26:04","guid":{"rendered":"https:\/\/elemelingua.com\/clone-of-homepage\/"},"modified":"2024-08-13T14:40:35","modified_gmt":"2024-08-13T12:40:35","slug":"strona-glowna","status":"publish","type":"page","link":"https:\/\/elemelingua.com\/pl\/","title":{"rendered":"Strona g\u0142\u00f3wna"},"content":{"rendered":"<p style=\"color: var(--tcb-skin-color-3) !important; --tcb-applied-color: var$(--tcb-skin-color-3) !important;\"><span><span><span><span><span><span><span><strong><span><span><span><span><span><span><span style=\"--tcb-applied-color: var$(--tcb-color-1) !important; color: var(--tcb-color-1) !important;\">T<\/span><span>w<\/span><span>\u00f3<\/span><span>j&nbsp;<\/span><span>s<\/span><span>p<\/span><span>o<\/span><span>s<\/span><span>\u00f3<\/span><span>b<\/span><span><\/span><\/span><\/span><\/span><\/span><\/span><\/span><\/strong><\/span><\/span><\/span><\/span><\/span><\/span><\/span><\/p>\n<p style=\"text-align: left; color: var(--tcb-skin-color-3) !important; --tcb-applied-color: var$(--tcb-skin-color-3) !important;\"><span><span><span><span><span><span><strong><span><span><span><span>na nauk\u0119 j\u0119zyk\u00f3w!<\/span><\/span><\/span><\/span><\/strong><\/span><\/span><\/span><\/span><\/span><\/span><\/p>\n<p style=\"color: var(--tcb-color-3) !important; --tcb-applied-color: var$(--tcb-color-3) !important;\"><strong><span><span>Szybko zaczniesz my\u015ble\u0107 i m\u00f3wi\u0107 w nowym j\u0119zyku!<\/span><\/span><\/strong><\/p>\n<p style=\"color: var(--tcb-color-3) !important; --tcb-applied-color: var$(--tcb-color-3) !important;\"><strong><span><span>Wystarczy, \u017ce wykorzystasz metod\u0119 Elemelingua stworzon\u0105 przez Konrada JvD, polskiego poliglot\u0119, kt\u00f3rego znajomo\u015b\u0107 14 j\u0119zyk\u00f3w przetestowano w programie telewizyjnym &#8222;The Brain&#8221;.<\/span><\/span><\/strong><\/p>\n<h2 style=\"text-align: center;\">Metoda El<span>emelingua<\/span><\/h2>\n<ul>\n<li style=\"\"><span data-aspect-ratio-default=\"0\" data-aspect-ratio=\"16:9\">Wykorzystuj\u0105c sposoby nauki j\u0119zyk\u00f3w, z kt\u00f3rych korzystaj\u0105 <strong>czo\u0142owi specjali\u015bci na \u015bwiecie<\/strong>, <strong>Konrad Jerzak vel Dobosz<\/strong> stworzy\u0142 <strong>metod\u0119 Elemelingua<\/strong>, aby pom\u00f3c ka\u017cdemu, kto ma trudno\u015bci z nauk\u0105 j\u0119zyka.<\/span><\/li>\n<li style=\"\"><span data-aspect-ratio-default=\"0\" data-aspect-ratio=\"16:9\">Dzi\u0119ki<strong> wieloletniemu do\u015bwiadczeniu i badaniom<\/strong> Konrada, nauczanie j\u0119zyk\u00f3w zosta\u0142o udoskonalone i zintegrowane z naszymi kursami z korzy\u015bci\u0105 dla wszystkich uczni\u00f3w.<\/span><\/li>\n<li><span data-aspect-ratio-default=\"0\" data-aspect-ratio=\"16:9\">W rezultacie pomogli\u015bmy <strong>ponad <span data-attr-id=\"19\" data-extra_key=\"4\" data-option-inline=\"1\" data-shortcode=\"thrive_global_fields\" data-shortcode-name=\"[Website] Students\">15.000<\/span> uczni\u00f3w<\/strong> \u2013 dzi\u0119ki nam<strong> w ci\u0105gu miesi\u0119cy, a nie lat<\/strong> spe\u0142nili swoje marzenie o m\u00f3wieniu i rozumieniu w j\u0119zyku obcym!<\/span><\/li>\n<li><span data-aspect-ratio-default=\"0\" data-aspect-ratio=\"16:9\">Nasz zesp\u00f3\u0142 to pasjonaci, kt\u00f3rzy kochaj\u0105 nauk\u0119 j\u0119zyk\u00f3w i chc\u0105 pomaga\u0107 innym osi\u0105gn\u0105\u0107 ten cel!<\/span><\/li>\n<\/ul>\n<h2 style=\"text-align: center;\">Co nas wyr\u00f3\u017cnia?<\/h2>\n<p><span><a href=\"https:\/\/elemelingua.com\/wp-content\/uploads\/2023\/10\/01-words-1.png\" target=\"_blank\" rel=\"noopener\"><img alt=\"\" data-id=\"8792\" width=\"166\" data-init-width=\"1080\" height=\"166\" data-init-height=\"1080\" title=\"01-words\" src=\"https:\/\/elemelingua.com\/wp-content\/uploads\/2023\/10\/01-words-1.png\" data-link-wrap=\"true\" data-width=\"166\" data-height=\"166\" style=\"aspect-ratio: auto 1080 \/ 1080;\" loading=\"lazy\"><\/a><\/span><\/p>\n<p style=\"text-align: center;\"><strong>Uczysz si\u0119 zda\u0144, nie s\u0142\u00f3wek!<\/strong><\/p>\n<p style=\"text-align: center;\">Zdradzi\u0107 ci tajemnic\u0119? Najlepszym sposobem nauki s\u0142ownictwa jest\u2026 nie uczy\u0107 si\u0119 s\u0142\u00f3wek! Zamiast tego powiniene\u015b uczy\u0107 si\u0119 zda\u0144. Dlatego na naszych kursach nie znajdziesz \u017cadnych list ze s\u0142\u00f3wkami do zapami\u0119tania. Mamy skuteczniejsze podej\u015bcie: z nami uczysz si\u0119 tylko poprzez zdania. W ten spos\u00f3b zapami\u0119tujesz nowe s\u0142owa i uczysz si\u0119 ich u\u017cywa\u0107 we w\u0142a\u015bciwych konstrukcjach.<\/p>\n<p><span><a href=\"https:\/\/elemelingua.com\/wp-content\/uploads\/2023\/10\/02-styles-1.png\" target=\"_blank\" rel=\"noopener\"><img alt=\"\" data-id=\"8803\" width=\"166\" data-init-width=\"1080\" height=\"166\" data-init-height=\"1080\" title=\"02-styles\" src=\"https:\/\/elemelingua.com\/wp-content\/uploads\/2023\/10\/02-styles-1.png\" data-link-wrap=\"true\" data-width=\"166\" data-height=\"166\" style=\"aspect-ratio: auto 1080 \/ 1080;\" loading=\"lazy\"><\/a><\/span><\/p>\n<p style=\"text-align: center; color: var(--tcb-color-1) !important; --tcb-applied-color: var$(--tcb-color-1) !important;\"><strong><strong>Uczysz si\u0119 zgodnie ze swoim stylem nauki<\/strong><\/strong><\/p>\n<p style=\"text-align: center;\">Ka\u017cdy z nas reprezentuje jeden z czterech styl\u00f3w uczenia si\u0119: wod\u0119, ziemi\u0119, wiatr lub ogie\u0144. Mo\u017ce nienawidzisz gramatyki? A mo\u017ce przeciwnie \u2013 uwielbiasz j\u0105? Dobry kurs powinien by\u0107 dostosowany do wszystkich czterech styl\u00f3w uczenia si\u0119. W ten spos\u00f3b uczysz si\u0119 na sw\u00f3j w\u0142asny spos\u00f3b i niczego nie przegapisz. To zr\u00f3wnowa\u017cone podej\u015bcie znajdziesz na naszych kursach.<\/p>\n<p><span><a href=\"https:\/\/elemelingua.com\/wp-content\/uploads\/2023\/10\/03-flex-1.png\" target=\"_blank\" rel=\"noopener\"><img alt=\"\" data-id=\"8814\" width=\"166\" data-init-width=\"1080\" height=\"166\" data-init-height=\"1080\" title=\"03-flex\" src=\"https:\/\/elemelingua.com\/wp-content\/uploads\/2023\/10\/03-flex-1.png\" data-link-wrap=\"true\" data-width=\"166\" data-height=\"166\" style=\"aspect-ratio: auto 1080 \/ 1080;\" loading=\"lazy\"><\/a><\/span><\/p>\n<p style=\"text-align: center; color: rgb(230, 140, 45) !important; --tcb-applied-color: rgb(230, 140, 45) !important;\"><strong>Uczysz si\u0119 kiedy chcesz i gdziekolwiek chcesz<\/strong><\/p>\n<p style=\"text-align: center;\">Naszym zdaniem chodzenie na zaj\u0119cia raz w tygodniu nie jest najlepszym i najskuteczniejszym sposobem na szybk\u0105 nauk\u0119 j\u0119zyka. <strong>Codzienna nauka<\/strong> jest wa\u017cna, ale musi by\u0107 elastyczna. Dlatego z nami mo\u017cesz uczy\u0107 si\u0119 zawsze i wsz\u0119dzie.<\/p>\n<p><span><a href=\"https:\/\/elemelingua.com\/wp-content\/uploads\/2023\/10\/04-brain-1.png\" target=\"_blank\" rel=\"noopener\"><img alt=\"\" data-id=\"8825\" width=\"166\" data-init-width=\"1080\" height=\"166\" data-init-height=\"1080\" title=\"04-brain\" src=\"https:\/\/elemelingua.com\/wp-content\/uploads\/2023\/10\/04-brain-1.png\" data-link-wrap=\"true\" data-width=\"166\" data-height=\"166\" style=\"aspect-ratio: auto 1080 \/ 1080;\" loading=\"lazy\"><\/a><\/span><\/p>\n<p style=\"text-align: center; color: rgb(127, 208, 51) !important; --tcb-applied-color: rgb(127, 208, 51) !important;\"><strong>Uczysz si\u0119 metod\u0105, kt\u00f3r\u0105 uwielbia tw\u00f3j m\u00f3zg<\/strong><\/p>\n<p style=\"text-align: center;\">Tw\u00f3j m\u00f3zg mo\u017ce opanowa\u0107 dowolny j\u0119zyk pod warunkiem, \u017ce b\u0119dziesz uczy\u0107 si\u0119 metod\u0105, kt\u00f3r\u0105 on uwielbia. Konrad sp\u0119dzi\u0142 lata badaj\u0105c, w jaki spos\u00f3b m\u00f3zg si\u0119 uczy, i razem z naszym zespo\u0142em w\u0142\u0105czy\u0142 t\u0119 wiedz\u0119 do naszych kurs\u00f3w. Tw\u00f3j m\u00f3zg zostanie odpowiednio pobudzony, wi\u0119c rezultaty zobaczysz ju\u017c w ci\u0105gu miesi\u0119cy, a nie lat!<\/p>\n<p><span><a href=\"https:\/\/elemelingua.com\/wp-content\/uploads\/2023\/10\/05-support-1.png\" target=\"_blank\" rel=\"noopener\"><img alt=\"\" data-id=\"8836\" width=\"166\" data-init-width=\"1080\" height=\"166\" data-init-height=\"1080\" title=\"05-support\" src=\"https:\/\/elemelingua.com\/wp-content\/uploads\/2023\/10\/05-support-1.png\" data-link-wrap=\"true\" data-width=\"166\" data-height=\"166\" style=\"aspect-ratio: auto 1080 \/ 1080;\" loading=\"lazy\"><\/a><\/span><\/p>\n<p style=\"text-align: center; color: rgb(224, 37, 71) !important; --tcb-applied-color: rgb(224, 37, 71) !important;\"><strong>Przez ca\u0142y czas otrzymujesz wsparcie<\/strong><\/p>\n<p style=\"text-align: center;\">Czy czasami czujesz si\u0119 zagubiony, ucz\u0105c si\u0119 nowego j\u0119zyka? Nie martw si\u0119. Nie b\u0119dziesz sam. Nasz zesp\u00f3\u0142 lektor\u00f3w i specjalist\u00f3w j\u0119zykowych daje ci pe\u0142ne wsparcie. B\u0142\u0119dne ko\u0144c\u00f3wki? Dziwne konstrukcje? Jeste\u015bmy tu\u017c obok, na wyci\u0105gni\u0119cie r\u0119ki. W ka\u017cdej chwili mo\u017cesz zadawa\u0107 pytania, poniewa\u017c zale\u017cy nam, aby\u015b w pe\u0142ni osi\u0105gn\u0105\u0142 sw\u00f3j cel!<\/p>\n<p><span><a href=\"https:\/\/elemelingua.com\/wp-content\/uploads\/2023\/10\/06-students-2.png\" target=\"_blank\" rel=\"noopener\"><img alt=\"\" data-id=\"8891\" width=\"230\" data-init-width=\"1080\" height=\"230\" data-init-height=\"1080\" title=\"06-students\" src=\"https:\/\/elemelingua.com\/wp-content\/uploads\/2023\/10\/06-students-2.png\" data-link-wrap=\"true\" data-width=\"230\" data-height=\"230\" style=\"aspect-ratio: auto 1080 \/ 1080;\" loading=\"lazy\"><\/a><\/span><\/p>\n<p style=\"text-align: center;\"><strong>Mamy ponad&nbsp;<span style=\"--tcb-applied-color: var$(--tcb-skin-color-3) !important; color: var(--tcb-skin-color-3) !important;\">15,000<\/span> uczni\u00f3w<\/strong><\/p>\n<p><span><a href=\"https:\/\/elemelingua.com\/wp-content\/uploads\/2023\/10\/07-calendar-1.png\" target=\"_blank\" rel=\"noopener\"><img alt=\"\" data-id=\"8858\" width=\"230\" data-init-width=\"1080\" height=\"230\" data-init-height=\"1080\" title=\"07-calendar\" src=\"https:\/\/elemelingua.com\/wp-content\/uploads\/2023\/10\/07-calendar-1.png\" data-link-wrap=\"true\" data-width=\"230\" data-height=\"230\" style=\"aspect-ratio: auto 1080 \/ 1080;\" loading=\"lazy\"><\/a><\/span><\/p>\n<p style=\"text-align: center;\"><strong><span style=\"--tcb-applied-color: var$(--tcb-skin-color-3) !important; color: var(--tcb-skin-color-3) !important;\"><span data-attr-id=\"42\" data-extra_key=\"4\" data-option-inline=\"1\" data-shortcode=\"thrive_global_fields\" data-shortcode-name=\"[Website] Percentage Learning\">81<\/span>%<\/span> uczni\u00f3w uczy si\u0119 minimum&nbsp;<span style=\"--tcb-applied-color: var$(--tcb-skin-color-3) !important; color: var(--tcb-skin-color-3) !important;\">5 dni<\/span> w tygodniu<\/strong><\/p>\n<p><span><a href=\"https:\/\/elemelingua.com\/wp-content\/uploads\/2023\/10\/08-globe-2.png\" target=\"_blank\" rel=\"noopener\"><img alt=\"\" data-id=\"8869\" width=\"297\" data-init-width=\"1080\" height=\"297\" data-init-height=\"1080\" title=\"08-globe\" src=\"https:\/\/elemelingua.com\/wp-content\/uploads\/2023\/10\/08-globe-2.png\" data-link-wrap=\"true\" data-width=\"297\" data-height=\"297\" style=\"aspect-ratio: auto 1080 \/ 1080;\" loading=\"lazy\"><\/a><\/span><\/p>\n<p style=\"text-align: center;\"><strong>Mamy uczni\u00f3w z ponad&nbsp;<span style=\"--tcb-applied-color: var$(--tcb-skin-color-3) !important; color: var(--tcb-skin-color-3) !important;\">50 kraj\u00f3w<\/span><\/strong><\/p>\n<p><span><a href=\"https:\/\/elemelingua.com\/wp-content\/uploads\/2023\/10\/09-charity-1.png\" target=\"_blank\" rel=\"noopener\"><img alt=\"\" data-id=\"8880\" width=\"297\" data-init-width=\"1080\" height=\"297\" data-init-height=\"1080\" title=\"09-charity\" src=\"https:\/\/elemelingua.com\/wp-content\/uploads\/2023\/10\/09-charity-1.png\" data-link-wrap=\"true\" data-width=\"297\" data-height=\"297\" style=\"aspect-ratio: auto 1080 \/ 1080;\" loading=\"lazy\"><\/a><\/span><\/p>\n<p style=\"text-align: center;\"><strong><span style=\"--tcb-applied-color: var$(--tcb-skin-color-3) !important; color: var(--tcb-skin-color-3) !important;\">\u20ac15,000.00<\/span> przekazujemy w imieniu uczni\u00f3w na cel charytatywny co roku<\/strong><\/p>\n<h2 style=\"text-align: center;\">Co m\u00f3wi\u0105 nasi uczniowie?<\/h2>\n<h2 style=\"text-align: center;\">\u015aled\u017a nas tutaj:<\/h2>\n<p><a href=\"https:\/\/www.facebook.com\/sekretypoliglotowpl\" target=\"_blank\" rel=\"nofollow noopener\" data-dynamic-link=\"thrive_global_fields_url\" data-shortcode-id=\"26\" data-id=\"icon-link\"><span> <\/span><\/a><a href=\"https:\/\/www.instagram.com\/elemelingua.pl\/\" target=\"_blank\" rel=\"nofollow noopener\" data-dynamic-link=\"thrive_global_fields_url\" data-shortcode-id=\"27\" data-id=\"icon-link\"><span> <\/span><\/a><a href=\"https:\/\/www.youtube.com\/channel\/UCmgWXti2X_9qjIoqU2wcmlA\" target=\"_blank\" rel=\"nofollow noopener\" data-dynamic-link=\"thrive_global_fields_url\" data-shortcode-id=\"yt\" data-id=\"icon-youtube\"><span>                     <\/span><\/a><a href=\"https:\/\/www.linkedin.com\/company\/elemelingua\/\" target=\"_blank\" rel=\"nofollow noopener\" data-id=\"icon-linkedin\"><span>                     <\/span><\/a><\/p>\n<p style=\"text-align: center;\"><!-- B\u0142\u0105d, og\u0142oszenie nie jest obecnie dost\u0119pne z powodu ogranicze\u0144 harmonogramu\/geolokalizacji! --><\/p>\n","protected":false},"excerpt":{"rendered":"<p>Tw\u00f3j&nbsp;spos\u00f3b na nauk\u0119 j\u0119zyk\u00f3w! Szybko zaczniesz my\u015ble\u0107 i m\u00f3wi\u0107 w nowym j\u0119zyku! Wystarczy, \u017ce wykorzystasz metod\u0119 Elemelingua stworzon\u0105 przez Konrada JvD, polskiego poliglot\u0119, kt\u00f3rego znajomo\u015b\u0107 14 j\u0119zyk\u00f3w przetestowano w programie telewizyjnym &#8222;The Brain&#8221;. Metoda Elemelingua Wykorzystuj\u0105c sposoby nauki j\u0119zyk\u00f3w, z kt\u00f3rych korzystaj\u0105 czo\u0142owi specjali\u015bci na \u015bwiecie, Konrad Jerzak vel Dobosz stworzy\u0142 metod\u0119 Elemelingua, aby pom\u00f3c [&hellip;]<\/p>\n","protected":false},"author":1,"featured_media":2194,"parent":0,"menu_order":0,"comment_status":"closed","ping_status":"closed","template":"","meta":{"spay_email":""},"_links":{"self":[{"href":"https:\/\/elemelingua.com\/pl\/wp-json\/wp\/v2\/pages\/2542"}],"collection":[{"href":"https:\/\/elemelingua.com\/pl\/wp-json\/wp\/v2\/pages"}],"about":[{"href":"https:\/\/elemelingua.com\/pl\/wp-json\/wp\/v2\/types\/page"}],"author":[{"embeddable":true,"href":"https:\/\/elemelingua.com\/pl\/wp-json\/wp\/v2\/users\/1"}],"replies":[{"embeddable":true,"href":"https:\/\/elemelingua.com\/pl\/wp-json\/wp\/v2\/comments?post=2542"}],"version-history":[{"count":81,"href":"https:\/\/elemelingua.com\/pl\/wp-json\/wp\/v2\/pages\/2542\/revisions"}],"predecessor-version":[{"id":10413,"href":"https:\/\/elemelingua.com\/pl\/wp-json\/wp\/v2\/pages\/2542\/revisions\/10413"}],"wp:featuredmedia":[{"embeddable":true,"href":"https:\/\/elemelingua.com\/pl\/wp-json\/wp\/v2\/media\/2194"}],"wp:attachment":[{"href":"https:\/\/elemelingua.com\/pl\/wp-json\/wp\/v2\/media?parent=2542"}],"curies":[{"name":"wp","href":"https:\/\/api.w.org\/{rel}","templated":true}]}}