{"id":1486,"date":"2021-07-12T15:23:37","date_gmt":"2021-07-12T13:23:37","guid":{"rendered":"https:\/\/elemelingua.com\/clone-of-learning-method\/"},"modified":"2021-10-06T00:24:57","modified_gmt":"2021-10-05T22:24:57","slug":"o-metodo-de-aprendizagem","status":"publish","type":"page","link":"https:\/\/elemelingua.com\/pt-br\/o-metodo-de-aprendizagem\/","title":{"rendered":"O m\u00e9todo de aprendizagem"},"content":{"rendered":"<h1 style=\"text-align: center;\"><strong>O m\u00e9todo de aprendizagem da <span style=\"color: var(--tcb-skin-color-0);\">E<\/span><span style=\"color: rgb(230, 140, 45);\">l<\/span><span style=\"color: rgb(127, 208, 51);\">e<\/span><span style=\"color: rgb(224, 37, 71);\">m<\/span><span style=\"color: var(--tcb-skin-color-0);\">e<\/span><span style=\"color: rgb(230, 140, 45);\">l<\/span><span style=\"color: rgb(127, 208, 51);\">i<\/span><span style=\"color: rgb(224, 37, 71);\">n<\/span><span style=\"color: var(--tcb-skin-color-0);\">g<\/span><span style=\"color: rgb(230, 140, 45);\">u<\/span><span style=\"color: rgb(127, 208, 51);\">a<\/span><\/strong><\/h1>\n<h6 style=\"\"><strong>Nosso m\u00e9todo de aprendizagem consiste em 5 pilares principais:<\/strong><\/h6>\n<p><span style=\"\"><a href=\"https:\/\/elemelingua.com\/wp-content\/uploads\/2021\/07\/words.png\" target=\"_blank\" rel=\"noopener\"><img alt=\"\" data-id=\"1461\" width=\"244\" data-init-width=\"500\" height=\"244\" data-init-height=\"500\" title=\"words\" src=\"https:\/\/elemelingua.com\/wp-content\/uploads\/2021\/07\/words.png\" data-width=\"244\" data-height=\"244\" data-link-wrap=\"true\" style=\"\" mt-d=\"-6.992000000000004\" center-v-d=\"false\" mt-t=\"-6.979200000000006\" mt-m=\"-1.3149999999999977\" ml-m=\"0\" loading=\"lazy\"><\/a><\/span><\/p>\n<h2 style=\"\"><strong>N\u00e3o aprenda palavras, aprenda <span style=\"color: rgb(224, 37, 71);\">frases<\/span><\/strong><\/h2>\n<p style=\"\">Usando nosso m\u00e9todo, voc\u00ea n\u00e3o aprende palavras isoladas. Voc\u00ea aprende <strong><span style=\"color: rgb(224, 37, 71);\">estruturas<\/span><\/strong> e palavras mais comuns em <strong><span style=\"color: rgb(224, 37, 71);\">frases<\/span><\/strong> com a ajuda de <strong><span style=\"color: rgb(224, 37, 71);\">flashcards<\/span><\/strong>.<\/p>\n<p><span style=\"\"><a href=\"https:\/\/elemelingua.com\/wp-content\/uploads\/2021\/07\/zywioly.png\" target=\"_blank\" rel=\"noopener\"><img alt=\"\" data-id=\"1415\" width=\"244\" data-init-width=\"500\" height=\"244\" data-init-height=\"500\" title=\"zywioly\" src=\"https:\/\/elemelingua.com\/wp-content\/uploads\/2021\/07\/zywioly.png\" data-width=\"244\" data-height=\"244\" data-link-wrap=\"true\" style=\"\" mt-d=\"0\" center-v-d=\"false\" mt-m=\"0\" loading=\"lazy\"><\/a><\/span><\/p>\n<h2 style=\"\"><strong>Quatro&nbsp;<span style=\"color: rgb(230, 140, 45);\">estilos de aprendizagem<\/span><\/strong><\/h2>\n<p style=\"\">Nossos cursos s\u00e3o adaptados a todos os quatro estilos de aprendizagem para oferecer uma <strong><span style=\"color: rgb(230, 140, 45);\">melhor experi\u00eancia de aprendizagem<\/span><\/strong>. Voc\u00ea come\u00e7a ouvindo, lendo e depois come\u00e7a a escrever e falar.<\/p>\n<ul>\n<li style=\"\"><span><a href=\"https:\/\/elemelingua.com\/pt-br\/categoria\/estilos-de-aprendizagem-pt-br\/\" style=\"outline: none;\">Clique aqui para saber mais sobre os estilos de aprendizagem<\/a><\/span><\/li>\n<li style=\"\"><span><a href=\"https:\/\/elemelingua.com\/pt-br\/teste-de-estilo-de-aprendizagem\/\" style=\"outline: none;\">Clique aqui para fazer o nosso teste e checar qual estilo de aprendizagem \u00e9 o seu.<\/a><\/span><\/li>\n<\/ul>\n<p><span style=\"\"><a href=\"https:\/\/elemelingua.com\/wp-content\/uploads\/2021\/07\/intelligence.png\" target=\"_blank\" rel=\"noopener\"><img alt=\"\" data-id=\"1450\" width=\"244\" data-init-width=\"500\" height=\"244\" data-init-height=\"500\" title=\"intelligence\" src=\"https:\/\/elemelingua.com\/wp-content\/uploads\/2021\/07\/intelligence.png\" data-width=\"244\" data-height=\"244\" data-link-wrap=\"true\" style=\"\" mt-d=\"0\" center-v-d=\"false\" ml-d=\"-0.8507000000000033\" mt-m=\"-1.3939999999999486\" mt-t=\"0\" loading=\"lazy\"><\/a><\/span><\/p>\n<h2 style=\"color: var(--tcb-skin-color-3)  !important; --tcb-applied-color:var$(--tcb-skin-color-3)  !important;\"><strong><span style=\"color: var(--tcb-skin-color-0);\">Intelig\u00eancia<\/span> artificial<\/strong><\/h2>\n<p style=\"\">Nossos cursos s\u00e3o hospedados no <strong><span style=\"color: var(--tcb-skin-color-0);\">Globott<\/span><\/strong>, um aplicativo personalizado que lembra como voc\u00ea aprende e planeja seu cronograma de repeti\u00e7\u00f5es de flashcards com base no seu comportamento (<strong><span style=\"color: var(--tcb-skin-color-0);\">repeti\u00e7\u00e3o espa\u00e7ada<\/span><\/strong>).<\/p>\n<p><span style=\"\"><a href=\"https:\/\/elemelingua.com\/wp-content\/uploads\/2021\/07\/social.png\" target=\"_blank\" rel=\"noopener\"><img alt=\"\" data-id=\"1438\" width=\"244\" data-init-width=\"500\" height=\"244\" data-init-height=\"500\" title=\"social\" src=\"https:\/\/elemelingua.com\/wp-content\/uploads\/2021\/07\/social.png\" data-width=\"244\" data-height=\"244\" data-link-wrap=\"true\" style=\"\" mt-d=\"-6.979000000000013\" center-v-d=\"false\" mt-m=\"-2.630999999999972\" mt-t=\"-6.99199999999999\" ml-d=\"0\" loading=\"lazy\"><\/a><\/span><\/p>\n<h2 style=\"color: var(--tcb-skin-color-3)  !important; --tcb-applied-color:var$(--tcb-skin-color-3)  !important;\"><strong><span style=\"color: var(--tcb-skin-color-3);\"><strong>Aprendizagem <\/strong><\/span><span style=\"color: rgb(127, 208, 51);\"><strong>social<\/strong><\/span>&nbsp;<\/strong><\/h2>\n<p>Estudar em grupo com <strong><span style=\"color: rgb(127, 208, 51);\">outros estudantes<\/span><\/strong> e <strong><span style=\"color: rgb(127, 208, 51);\">professores<\/span><\/strong> o ajudam a aprender mais r\u00e1pido e com mais efic\u00e1cia.<\/p>\n<p><span style=\"\"><a href=\"https:\/\/elemelingua.com\/wp-content\/uploads\/2021\/07\/gamification-1.png\" target=\"_blank\" rel=\"noopener\"><img alt=\"\" data-id=\"1426\" width=\"244\" data-init-width=\"500\" height=\"244\" data-init-height=\"500\" title=\"gamification\" src=\"https:\/\/elemelingua.com\/wp-content\/uploads\/2021\/07\/gamification-1.png\" data-width=\"244\" data-height=\"244\" data-link-wrap=\"true\" style=\"\" mt-d=\"0\" center-v-d=\"false\" mt-m=\"0\" ml-d=\"0\" loading=\"lazy\"><\/a><\/span><\/p>\n<h2 style=\"color: var(--tcb-skin-color-3)  !important; --tcb-applied-color:var$(--tcb-skin-color-3)  !important;\"><strong><strong>Motiva\u00e7\u00e3o por meio da&nbsp;<\/strong><span style=\"color: rgb(230, 140, 45);\">gamifica\u00e7\u00e3o<\/span><\/strong><\/h2>\n<p style=\"\">Adicionamos diferentes elementos que <strong><span style=\"color: rgb(230, 140, 45);\">aumentam a motiva\u00e7\u00e3o<\/span><\/strong> e formam bons <strong><span style=\"color: rgb(230, 140, 45);\">h\u00e1bitos de aprendizagem<\/span><\/strong>, por meio da gamifica\u00e7\u00e3o. Gra\u00e7as a isso nossos alunos aprendem em m\u00e9dia entre 4 a 5 dias por semana.<\/p>\n","protected":false},"excerpt":{"rendered":"<p>O m\u00e9todo de aprendizagem da Elemelingua Nosso m\u00e9todo de aprendizagem consiste em 5 pilares principais: N\u00e3o aprenda palavras, aprenda frases Usando nosso m\u00e9todo, voc\u00ea n\u00e3o aprende palavras isoladas. Voc\u00ea aprende estruturas e palavras mais comuns em frases com a ajuda de flashcards. Quatro&nbsp;estilos de aprendizagem Nossos cursos s\u00e3o adaptados a todos os quatro estilos de [&hellip;]<\/p>\n","protected":false},"author":1,"featured_media":1468,"parent":0,"menu_order":0,"comment_status":"closed","ping_status":"closed","template":"","meta":{"spay_email":""},"_links":{"self":[{"href":"https:\/\/elemelingua.com\/pt-br\/wp-json\/wp\/v2\/pages\/1486"}],"collection":[{"href":"https:\/\/elemelingua.com\/pt-br\/wp-json\/wp\/v2\/pages"}],"about":[{"href":"https:\/\/elemelingua.com\/pt-br\/wp-json\/wp\/v2\/types\/page"}],"author":[{"embeddable":true,"href":"https:\/\/elemelingua.com\/pt-br\/wp-json\/wp\/v2\/users\/1"}],"replies":[{"embeddable":true,"href":"https:\/\/elemelingua.com\/pt-br\/wp-json\/wp\/v2\/comments?post=1486"}],"version-history":[{"count":9,"href":"https:\/\/elemelingua.com\/pt-br\/wp-json\/wp\/v2\/pages\/1486\/revisions"}],"predecessor-version":[{"id":2937,"href":"https:\/\/elemelingua.com\/pt-br\/wp-json\/wp\/v2\/pages\/1486\/revisions\/2937"}],"wp:featuredmedia":[{"embeddable":true,"href":"https:\/\/elemelingua.com\/pt-br\/wp-json\/wp\/v2\/media\/1468"}],"wp:attachment":[{"href":"https:\/\/elemelingua.com\/pt-br\/wp-json\/wp\/v2\/media?parent=1486"}],"curies":[{"name":"wp","href":"https:\/\/api.w.org\/{rel}","templated":true}]}}