{"id":1489,"date":"2021-07-12T15:31:52","date_gmt":"2021-07-12T13:31:52","guid":{"rendered":"https:\/\/elemelingua.com\/clone-of-courses\/"},"modified":"2024-07-30T16:48:37","modified_gmt":"2024-07-30T14:48:37","slug":"cursos-ptbr","status":"publish","type":"page","link":"https:\/\/elemelingua.com\/pt-br\/cursos-ptbr\/","title":{"rendered":"Cursos"},"content":{"rendered":"<p><span><a href=\"https:\/\/elemelingua.com\/wp-content\/uploads\/2024\/07\/pl-ext.png\"><img alt=\"\" data-id=\"9617\" width=\"350\" data-init-width=\"800\" height=\"350\" data-init-height=\"800\" title=\"pl-ext\" src=\"https:\/\/elemelingua.com\/wp-content\/uploads\/2024\/07\/pl-ext.png\" data-width=\"350\" data-height=\"350\" data-link-wrap=\"true\" style=\"aspect-ratio: auto 800 \/ 800;\" loading=\"lazy\"><\/a><\/span><\/p>\n<h3 style=\"\"><a href=\"https:\/\/elemelingua.com\/pt-br\/curso-on-line-de-polones-para-iniciantes\/\" style=\"outline: none;\"><span style=\"color: var(--tcb-color-1);\">Curso de Polon\u00eas <img role=\"img\" alt=\"\ud83c\uddf5\ud83c\uddf1\" src=\"https:\/\/s.w.org\/images\/core\/emoji\/13.1.0\/svg\/1f1f5-1f1f1.svg\" loading=\"lazy\"> para brasileiros e portugueses<\/span><\/a><\/h3>\n<p style=\"\"><strong><span style=\"text-decoration: underline;\">Data de in\u00edcio:<\/span><\/strong><strong><span data-shortcode=\"thrive_global_fields\" data-shortcode-name=\"[Dates] Start Date PTBR\" data-extra_key=\"5\" data-attr-id=\"32\" data-option-inline=\"1\" style=\"\">6 de agosto de 2024<\/span><\/strong>&nbsp;<\/p>\n<p style=\"\"><strong><span style=\"text-decoration: underline;\">Inscri\u00e7\u00f5es terminam em:<\/span><\/strong><strong><span data-shortcode=\"thrive_global_fields\" data-shortcode-name=\"[Dates] Sign up PTBR\" data-extra_key=\"5\" data-attr-id=\"33\" data-option-inline=\"1\" style=\"\">4 de agosto de 2024<\/span><\/strong><\/p>\n<p><span><a href=\"https:\/\/elemelingua.com\/wp-content\/uploads\/2021\/12\/enus-ext.png\"><img alt=\"\" data-id=\"9573\" width=\"350\" data-init-width=\"500\" height=\"350\" data-init-height=\"500\" title=\"enus-ext\" src=\"https:\/\/elemelingua.com\/wp-content\/uploads\/2021\/12\/enus-ext.png\" data-width=\"350\" data-height=\"350\" data-link-wrap=\"true\" style=\"aspect-ratio: auto 500 \/ 500;\" loading=\"lazy\"><\/a><\/span><\/p>\n<h3 style=\"\"><a href=\"https:\/\/elemelingua.com\/pt-br\/curso-on-line-de-ingles-para-iniciantes\/\" style=\"outline: none;\"><span style=\"color: var(--tcb-color-1);\">Curso de Ingl\u00eas <img role=\"img\" alt=\"\ud83c\uddfa\ud83c\uddf8\" src=\"https:\/\/s.w.org\/images\/core\/emoji\/13.1.0\/svg\/1f1fa-1f1f8.svg\" loading=\"lazy\"><img role=\"img\" alt=\"\ud83c\uddec\ud83c\udde7\" src=\"https:\/\/s.w.org\/images\/core\/emoji\/13.1.0\/svg\/1f1ec-1f1e7.svg\" loading=\"lazy\"> para brasileiros e portugueses<\/span><\/a><\/h3>\n<p style=\"\"><strong><span style=\"text-decoration: underline;\">Data de in\u00edcio:<\/span><\/strong><strong><span data-shortcode=\"thrive_global_fields\" data-shortcode-name=\"[Dates] Start Date PTBR\" data-extra_key=\"5\" data-attr-id=\"32\" data-option-inline=\"1\" style=\"\">6 de agosto de 2024<\/span><\/strong>&nbsp;<\/p>\n<p style=\"\"><strong><span style=\"text-decoration: underline;\">Inscri\u00e7\u00f5es terminam em:<\/span><\/strong><strong><span data-shortcode=\"thrive_global_fields\" data-shortcode-name=\"[Dates] Sign up PTBR\" data-extra_key=\"5\" data-attr-id=\"33\" data-option-inline=\"1\" style=\"\">4 de agosto de 2024<\/span><\/strong><\/p>\n<p><span><a href=\"https:\/\/elemelingua.com\/wp-content\/uploads\/2022\/10\/de-ext.png\"><img alt=\"\" data-id=\"9584\" width=\"350\" data-init-width=\"500\" height=\"350\" data-init-height=\"500\" title=\"de-ext\" src=\"https:\/\/elemelingua.com\/wp-content\/uploads\/2022\/10\/de-ext.png\" data-width=\"350\" data-height=\"350\" data-link-wrap=\"true\" style=\"aspect-ratio: auto 500 \/ 500;\" loading=\"lazy\"><\/a><\/span><\/p>\n<h3 style=\"\"><a href=\"https:\/\/elemelingua.com\/pt-br\/curso-on-line-de-alemao-para-iniciantes\/\" style=\"outline: none;\"><span style=\"color: var(--tcb-color-1);\">Curso de Alem\u00e3o <img role=\"img\" alt=\"\ud83c\udde9\ud83c\uddea\" src=\"https:\/\/s.w.org\/images\/core\/emoji\/13.1.0\/svg\/1f1e9-1f1ea.svg\" loading=\"lazy\">&nbsp;para brasileiros e portugueses<\/span><\/a><\/h3>\n<p style=\"\"><strong><span style=\"text-decoration: underline;\">Data de in\u00edcio:<\/span><\/strong><strong><span data-shortcode=\"thrive_global_fields\" data-shortcode-name=\"[Dates] Start Date PTBR\" data-extra_key=\"5\" data-attr-id=\"32\" data-option-inline=\"1\" style=\"\">6 de agosto de 2024<\/span><\/strong>&nbsp;<\/p>\n<p style=\"\"><strong><span style=\"text-decoration: underline;\">Inscri\u00e7\u00f5es terminam em:<\/span><\/strong><strong><span data-shortcode=\"thrive_global_fields\" data-shortcode-name=\"[Dates] Sign up PTBR\" data-extra_key=\"5\" data-attr-id=\"33\" data-option-inline=\"1\" style=\"\">4 de agosto de 2024<\/span><\/strong><\/p>\n<p><span><a href=\"https:\/\/elemelingua.com\/wp-content\/uploads\/2022\/11\/fr-ext-2.png\"><img alt=\"\" data-id=\"9595\" width=\"350\" data-init-width=\"500\" height=\"350\" data-init-height=\"500\" title=\"fr-ext-2\" src=\"https:\/\/elemelingua.com\/wp-content\/uploads\/2022\/11\/fr-ext-2.png\" data-width=\"350\" data-height=\"350\" data-link-wrap=\"true\" style=\"aspect-ratio: auto 500 \/ 500;\" loading=\"lazy\"><\/a><\/span><\/p>\n<h3 style=\"\"><a href=\"https:\/\/elemelingua.com\/pt-br\/curso-on-line-de-frances-para-iniciantes\/\" style=\"outline: none;\"><span style=\"color: var(--tcb-color-1);\">Curso de Franc\u00eas <img role=\"img\" alt=\"\ud83c\uddeb\ud83c\uddf7\" src=\"https:\/\/s.w.org\/images\/core\/emoji\/13.1.0\/svg\/1f1eb-1f1f7.svg\" loading=\"lazy\"> para brasileiros e portugueses<\/span><\/a><\/h3>\n<p style=\"\"><strong><span style=\"text-decoration: underline;\">Data de in\u00edcio:<\/span><\/strong><strong><span data-shortcode=\"thrive_global_fields\" data-shortcode-name=\"[Dates] Start Date PTBR\" data-extra_key=\"5\" data-attr-id=\"32\" data-option-inline=\"1\" style=\"\">6 de agosto de 2024<\/span><\/strong>&nbsp;<\/p>\n<p style=\"\"><strong><span style=\"text-decoration: underline;\">Inscri\u00e7\u00f5es terminam em:<\/span><\/strong><strong><span data-shortcode=\"thrive_global_fields\" data-shortcode-name=\"[Dates] Sign up PTBR\" data-extra_key=\"5\" data-attr-id=\"33\" data-option-inline=\"1\" style=\"\">4 de agosto de 2024<\/span><\/strong><\/p>\n<h1 style=\"text-align: center;\"><span>A l\u00edngua que voc\u00ea gostaria de estudar est\u00e1 faltando?<\/span><\/h1>\n<p style=\"text-align: center;\">Se quiser ser avisado\/a quando outros cursos para falantes de portugu\u00eas forem lan\u00e7ados, preencha o formul\u00e1rio abaixo:<\/p>\n<p style=\"text-align: center;\">Tamb\u00e9m fa\u00e7a o teste para descobrir o seu estilo de aprendizagem e se matricule em um curso totalmente GR\u00c1TIS por e-mail.<\/p>\n","protected":false},"excerpt":{"rendered":"<p>Curso de Polon\u00eas para brasileiros e portugueses Data de in\u00edcio:6 de agosto de 2024&nbsp; Inscri\u00e7\u00f5es terminam em:4 de agosto de 2024 Curso de Ingl\u00eas para brasileiros e portugueses Data de in\u00edcio:6 de agosto de 2024&nbsp; Inscri\u00e7\u00f5es terminam em:4 de agosto de 2024 Curso de Alem\u00e3o &nbsp;para brasileiros e portugueses Data de in\u00edcio:6 de agosto de [&hellip;]<\/p>\n","protected":false},"author":1,"featured_media":0,"parent":0,"menu_order":0,"comment_status":"closed","ping_status":"closed","template":"","meta":{"spay_email":""},"_links":{"self":[{"href":"https:\/\/elemelingua.com\/pt-br\/wp-json\/wp\/v2\/pages\/1489"}],"collection":[{"href":"https:\/\/elemelingua.com\/pt-br\/wp-json\/wp\/v2\/pages"}],"about":[{"href":"https:\/\/elemelingua.com\/pt-br\/wp-json\/wp\/v2\/types\/page"}],"author":[{"embeddable":true,"href":"https:\/\/elemelingua.com\/pt-br\/wp-json\/wp\/v2\/users\/1"}],"replies":[{"embeddable":true,"href":"https:\/\/elemelingua.com\/pt-br\/wp-json\/wp\/v2\/comments?post=1489"}],"version-history":[{"count":28,"href":"https:\/\/elemelingua.com\/pt-br\/wp-json\/wp\/v2\/pages\/1489\/revisions"}],"predecessor-version":[{"id":9637,"href":"https:\/\/elemelingua.com\/pt-br\/wp-json\/wp\/v2\/pages\/1489\/revisions\/9637"}],"wp:attachment":[{"href":"https:\/\/elemelingua.com\/pt-br\/wp-json\/wp\/v2\/media?parent=1489"}],"curies":[{"name":"wp","href":"https:\/\/api.w.org\/{rel}","templated":true}]}}