{"id":1565,"date":"2021-07-13T16:39:11","date_gmt":"2021-07-13T14:39:11","guid":{"rendered":"https:\/\/elemelingua.com\/clone-of-learning-style-test\/"},"modified":"2021-11-01T14:54:15","modified_gmt":"2021-11-01T13:54:15","slug":"teste-de-estilo-de-aprendizagem","status":"publish","type":"page","link":"https:\/\/elemelingua.com\/pt-br\/teste-de-estilo-de-aprendizagem\/","title":{"rendered":"Teste de Estilo de Aprendizagem"},"content":{"rendered":"<p style=\"text-align: center;\"><strong><span>Qual o seu <\/span><span>e<\/span><span>s<\/span><span>t<\/span><span>i<\/span><span>l<\/span><span>o<\/span><span> <\/span><span>d<\/span><span>e<\/span><span> <\/span><span>a<\/span><span>p<\/span><span>r<\/span><span>e<\/span><span>n<\/span><span>d<\/span><span>i<\/span><span>z<\/span><span>a<\/span><span>g<\/span><span>e<\/span><span>m<\/span><span>?<\/span><\/strong><\/p>\n<p><span style=\"\"><a href=\"https:\/\/elemelingua.com\/wp-content\/uploads\/2020\/11\/elements-together.png\" target=\"_blank\" rel=\"noopener\"><img alt=\"\" data-id=\"607\" width=\"347\" data-init-width=\"1508\" height=\"313\" data-init-height=\"1360\" title=\"elements together\" src=\"\/\/elemelingua.com\/wp-content\/uploads\/2020\/11\/elements-together.png\" data-width=\"347\" data-height=\"313\" data-link-wrap=\"true\" style=\"\" ml-d=\"-1\" mt-d=\"0\" center-v-d=\"true\" ml-m=\"-2.9810000000000514\" loading=\"lazy\"><\/a><\/span><\/p>\n<p style=\"\">Abaixo voc\u00ea vai encontrar o nosso teste de <strong>Estilo de Aprendizagem<\/strong>. Preencha para descobrir qual a melhor forma para voc\u00ea aprender uma nova l\u00edngua. Tamb\u00e9m j\u00e1 escrevemos um artigo sobre os diferentes estilos de aprendizagem que voc\u00ea pode acessar <a href=\"https:\/\/elemelingua.com\/pt-br\/qual-a-melhor-forma-de-aprender-uma-lingua\/\" target=\"_blank\" style=\"outline: none;\" rel=\"noopener\"><strong>aqui<\/strong><\/a>.<\/p>\n","protected":false},"excerpt":{"rendered":"<p>Qual o seu estilo de aprendizagem? Abaixo voc\u00ea vai encontrar o nosso teste de Estilo de Aprendizagem. Preencha para descobrir qual a melhor forma para voc\u00ea aprender uma nova l\u00edngua. Tamb\u00e9m j\u00e1 escrevemos um artigo sobre os diferentes estilos de aprendizagem que voc\u00ea pode acessar aqui.<\/p>\n","protected":false},"author":1,"featured_media":614,"parent":0,"menu_order":0,"comment_status":"closed","ping_status":"closed","template":"","meta":{"spay_email":""},"_links":{"self":[{"href":"https:\/\/elemelingua.com\/pt-br\/wp-json\/wp\/v2\/pages\/1565"}],"collection":[{"href":"https:\/\/elemelingua.com\/pt-br\/wp-json\/wp\/v2\/pages"}],"about":[{"href":"https:\/\/elemelingua.com\/pt-br\/wp-json\/wp\/v2\/types\/page"}],"author":[{"embeddable":true,"href":"https:\/\/elemelingua.com\/pt-br\/wp-json\/wp\/v2\/users\/1"}],"replies":[{"embeddable":true,"href":"https:\/\/elemelingua.com\/pt-br\/wp-json\/wp\/v2\/comments?post=1565"}],"version-history":[{"count":7,"href":"https:\/\/elemelingua.com\/pt-br\/wp-json\/wp\/v2\/pages\/1565\/revisions"}],"predecessor-version":[{"id":3878,"href":"https:\/\/elemelingua.com\/pt-br\/wp-json\/wp\/v2\/pages\/1565\/revisions\/3878"}],"wp:featuredmedia":[{"embeddable":true,"href":"https:\/\/elemelingua.com\/pt-br\/wp-json\/wp\/v2\/media\/614"}],"wp:attachment":[{"href":"https:\/\/elemelingua.com\/pt-br\/wp-json\/wp\/v2\/media?parent=1565"}],"curies":[{"name":"wp","href":"https:\/\/api.w.org\/{rel}","templated":true}]}}