{"id":1786,"date":"2021-07-29T10:21:02","date_gmt":"2021-07-29T08:21:02","guid":{"rendered":"https:\/\/elemelingua.com\/clone-of-seu-estilo-e-ar\/"},"modified":"2021-07-29T10:22:27","modified_gmt":"2021-07-29T08:22:27","slug":"seu-estilo-e-fogo","status":"publish","type":"page","link":"https:\/\/elemelingua.com\/pt-br\/seu-estilo-e-fogo\/","title":{"rendered":"Seu estilo \u00e9 FOGO"},"content":{"rendered":"<h2 style=\"text-align: center;\"><span style=\"font-weight: normal;\">Seu estilo \u00e9&nbsp;<\/span><span style=\"color: var(--tcb-color-1);\">F<\/span><span style=\"color: rgb(230, 140, 45);\">O<\/span><span style=\"color: rgb(127, 208, 51);\">G<\/span><span style=\"color: rgb(224, 37, 71);\">O<\/span><span style=\"font-weight: normal;\">!<\/span><\/h2>\n<p><span><a href=\"https:\/\/elemelingua.com\/wp-content\/uploads\/2020\/10\/Ogien\u0301-2.png\" target=\"_blank\" rel=\"noopener\"><img alt=\"\" data-id=\"442\" width=\"395\" data-init-width=\"1313\" height=\"580\" data-init-height=\"1927\" title=\"Ogien\u0301-2\" src=\"https:\/\/elemelingua.com\/wp-content\/uploads\/2020\/10\/Ogien\u0301-2.png\" data-width=\"395\" data-height=\"580\" data-link-wrap=\"true\" ml-d=\"0\" style=\"\" loading=\"lazy\"><\/a><\/span><\/p>\n<p style=\"text-align: center;\"><span>Gostaria de receber um minicurso por e-mail no qual explicarei como voc\u00ea deve aprender como <strong>FOGO<\/strong>?Se sim, selecione seu n\u00edvel de idioma abaixo e se cadastre no e-mail do curso.<\/span><\/p>\n","protected":false},"excerpt":{"rendered":"<p>Seu estilo \u00e9&nbsp;FOGO! Gostaria de receber um minicurso por e-mail no qual explicarei como voc\u00ea deve aprender como FOGO?Se sim, selecione seu n\u00edvel de idioma abaixo e se cadastre no e-mail do curso.<\/p>\n","protected":false},"author":1,"featured_media":0,"parent":0,"menu_order":0,"comment_status":"closed","ping_status":"closed","template":"","meta":{"spay_email":""},"_links":{"self":[{"href":"https:\/\/elemelingua.com\/pt-br\/wp-json\/wp\/v2\/pages\/1786"}],"collection":[{"href":"https:\/\/elemelingua.com\/pt-br\/wp-json\/wp\/v2\/pages"}],"about":[{"href":"https:\/\/elemelingua.com\/pt-br\/wp-json\/wp\/v2\/types\/page"}],"author":[{"embeddable":true,"href":"https:\/\/elemelingua.com\/pt-br\/wp-json\/wp\/v2\/users\/1"}],"replies":[{"embeddable":true,"href":"https:\/\/elemelingua.com\/pt-br\/wp-json\/wp\/v2\/comments?post=1786"}],"version-history":[{"count":2,"href":"https:\/\/elemelingua.com\/pt-br\/wp-json\/wp\/v2\/pages\/1786\/revisions"}],"predecessor-version":[{"id":1788,"href":"https:\/\/elemelingua.com\/pt-br\/wp-json\/wp\/v2\/pages\/1786\/revisions\/1788"}],"wp:attachment":[{"href":"https:\/\/elemelingua.com\/pt-br\/wp-json\/wp\/v2\/media?parent=1786"}],"curies":[{"name":"wp","href":"https:\/\/api.w.org\/{rel}","templated":true}]}}