{"id":1811,"date":"2021-07-29T10:55:58","date_gmt":"2021-07-29T08:55:58","guid":{"rendered":"https:\/\/elemelingua.com\/clone-of-testimonials\/"},"modified":"2021-10-04T17:16:03","modified_gmt":"2021-10-04T15:16:03","slug":"testemunhos","status":"publish","type":"page","link":"https:\/\/elemelingua.com\/pt-br\/testemunhos\/","title":{"rendered":"Testemunhos"},"content":{"rendered":"<h1 style=\"color: var(--tcb-skin-color-2)  !important; --tcb-applied-color:var$(--tcb-skin-color-2)  !important;\"><span style=\"--tcb-applied-color:var$(--tcb-skin-color-2)  !important;\">Feedback<\/span><\/h1>\n<p><span style=\"font-family: Raleway; color: var(--tcb-skin-color-3); font-weight: 400;\"><\/span><\/p>\n<h4>Eu recomendo de olhos fechados esse curso intensivo, mas muito eficaz!<\/h4>\n<p><p><span style=\"font-weight: 400;\">Antes de me inscrever no curso, sentia que estava girando em um c\u00edrculo. Aparentemente eu j\u00e1 sabia muito, mas era dif\u00edcil, para mim, usar a l\u00edngua na pr\u00e1tica. N\u00e3o conseguia avan\u00e7ar e perder a vergonha de falar, queria enfim sentir que estava aprendendo algo novo, e n\u00e3o repetindo os padr\u00f5es batidos que n\u00e3o funcionam.<\/span><\/p>\n<p><span style=\"font-weight: 400;\"><strong>O que mais gostei \u00e9 que posso aprender a qualquer momento sem sair de casa<\/strong>. Inicialmente, parecia que era muito simples e n\u00e3o tinha muito para aprender, talvez para n\u00e3o nos desanimar no in\u00edcio? Talvez para nos sentirmos confiantes? Mas<\/span> <span style=\"font-weight: 400;\">decolou rapidamente. Tamb\u00e9m gostei da forma das tarefas e o trabalho em grupo \u00e9 muito interessante e envolvente. E por ter aprendido frases da l\u00edngua coloquial, n\u00e3o apenas palavras e regras, me sinto muito mais confiante na conversa, mas tamb\u00e9m motivada a continuar aprendendo. <strong>J\u00e1 comprei materiais recomendados por Konrad e ainda continuarei usando. <\/strong><\/span><\/p>\n<p><strong>Eu recomendo de olhos fechados esse curso intensivo, mas muito eficaz!<\/strong><\/p>\n<\/p>\n<p><img src=\"http:\/\/elemelingua.com\/wp-content\/plugins\/thrive-ovation\/admin\/img\/tvo-no-photo.png\" alt=\"profile-pic\"><span>Barbara \ud83c\uddfa\ud83c\uddf8\ud83c\uddec\ud83c\udde7<\/span><\/p>\n<h4>Sinceramente estou surpresa! nunca consegui tanto em t\u00e3o pouco tempo<\/h4>\n<p><p><span style=\"font-weight: 400;\"><strong>Qual era o meu maior desafio antes de me inscrever no curso:<\/strong> n\u00e3o conseguia usar os tempos verbais, sabia\/lembrava-me de poucas palavras e frases. N\u00e3o conseguia falar, tinha medo de falar. N\u00e3o sabia como aprender. <\/span><\/p>\n<p><span style=\"font-weight: 400;\"><strong>O que me fez realizar a inscri\u00e7\u00e3o no curso: <\/strong>eu estava em busca de uma solu\u00e7\u00e3o para o meu problema, ou seja, estava buscando uma oportunidade para aprender. Devo admitir que a participa\u00e7\u00e3o de Konrad no programa &#8220;Genialny umys\u0142&#8221; (da televis\u00e3o polonesa) foi de grande ajuda para escolher este curso. Para mim, uma pessoa que n\u00e3o domina uma l\u00edngua estrangeira, <strong>era quase inimagin\u00e1vel dominar v\u00e1rias delas<\/strong>, mesmo que fosse no n\u00edvel b\u00e1sico. N\u00e3o vou esconder que pensei que fosse encenado e para o \u201cp\u00fablico\u201d. Mas conforme continuei com meu argumento mental, descobri que mesmo que fosse combinado, algu\u00e9m tinha que preparar o curso e se fosse algu\u00e9m como eu, que n\u00e3o sabia o idioma, n\u00e3o conseguiria preparar o material para cada dia, ent\u00e3o se n\u00e3o fosse Konrad algu\u00e9m o ajudaria. <\/span><\/p>\n<p><span style=\"font-weight: 400;\"><strong>O segundo motivo foi que foi anunciado estudo di\u00e1rio<\/strong>, n\u00e3o sabia se conseguiria ou pouparia essa hora, mas pelo fato dessa hora poder ser dividida ao longo do dia, eu consegui! <\/span><\/p>\n<p><span style=\"font-weight: 400;\"><strong>O que mais gostei no curso:<\/strong> exatamente o estudo di\u00e1rio. O fato de voc\u00ea poder perguntar para o Konrad durante o curso, que voc\u00ea n\u00e3o foi abandonado com o problema, que havia grupos e voc\u00ea poderia fazer perguntas e ver que outros tamb\u00e9m t\u00eam os mesmos problemas. Mesmo que eu n\u00e3o tenha feito essas perguntas, outras pessoas as fizeram e voc\u00ea pode ler as respostas. Como avalio os resultados da aprendizagem&#8230; Sinceramente estou surpresa! Nunca consegui tanto em t\u00e3o pouco tempo, gostaria de manter esse ritmo e espero que Konrad me diga como continuar meu<\/span> <span style=\"font-weight: 400;\">aprendizado. Ainda n\u00e3o entendo tudo, n\u00e3o entendo quando algu\u00e9m fala r\u00e1pido, mas pelos flashcards consigo reconhecer facilmente tempos b\u00e1sicos, frases. Muita  coisa funcionou para mim, estou come\u00e7ando a buscar informa\u00e7\u00f5es por conta pr\u00f3pria, porque \u00e9 desta forma e n\u00e3o de outra forma. Parei de pensar para falar tudo super corretamente, basta que algu\u00e9m me entenda, mas sabemos o que significa &#8220;Kali querer comer&#8221;. Para mim, esse m\u00e9todo de aprendizagem \u00e9 isso mesmo! Obrigada!<\/span><\/p>\n<\/p>\n<p><img src=\"http:\/\/elemelingua.com\/wp-content\/plugins\/thrive-ovation\/admin\/img\/tvo-no-photo.png\" alt=\"profile-pic\"><span>Ma\u0142gorzata \ud83c\uddfa\ud83c\uddf8\ud83c\uddec\ud83c\udde7<\/span><\/p>\n<h4>Gostei da possibilidade de estudar por flashcards. Pude aprender tudo que aparecia ou dividir o que eu aprendia<\/h4>\n<p><p><span style=\"font-weight: 400;\"><strong>O que me causava mais problemas antes de me inscrever no curso:<\/strong> antes de come\u00e7ar o curso, pron\u00fancia e entendimento de escuta das respostas eram meus principais problemas. <\/span><\/p>\n<p><span style=\"font-weight: 400;\"><strong>O que me fez realizar a inscri\u00e7\u00e3o no curso:<\/strong> a minha pr\u00f3xima viagem com a l\u00edngua no curso do Konrad. Gosto do m\u00e9todo de aprender frases inteiras de ouvido e pron\u00fancia. Nas edi\u00e7\u00f5es anteriores aprendi alem\u00e3o e russo. <\/span><\/p>\n<p><span style=\"font-weight: 400;\"><strong>O que mais me agradou no curso:<\/strong> uma forma de aprender muito curiosa que ajuda a matar o t\u00e9dio de estudar os flashcards. As frases que aprendi s\u00e3o pr\u00e1ticas e \u00e9 poss\u00edvel us\u00e1-las no dia a dia. As \u201cilhas\u201d de l\u00ednguas s\u00e3o uma forma curiosa para praticar a l\u00edngua. Ajudam no momento onde me perco ou choro. <\/span><\/p>\n<p><span style=\"font-weight: 400;\"><strong>Outra ideia curiosa \u00e9 a troca de pap\u00e9is entre ser um ouvinte para ser quem pergunta.<\/strong> Fazendo perguntas eu conduzo a conversa e posso usar as minhas ilhas. \ud83d\ude42 Gostei da possibilidade de estudar por flashcards. Pude aprender tudo que aparecia ou dividir o aprendizado de novos flashcards e depois voltar a repeti-los. <\/span><\/p>\n<p><span style=\"font-weight: 400;\"><strong>Como eu avalio os efeitos do que eu aprendi depois de tr\u00eas meses:<\/strong> depois de passar tr\u00eas meses escutando as frases todos os dias, come\u00e7o a entender melhor os falantes :). Um b\u00f4nus extra \u00e9 descobrir a ordem da frase. De alguma forma natural na maioria dos casos sei onde qual palavra deve estar. Sensacional!<\/span><\/p>\n<\/p>\n<p><img src=\"http:\/\/elemelingua.com\/wp-content\/plugins\/thrive-ovation\/admin\/img\/tvo-no-photo.png\" alt=\"profile-pic\"><span>Agnieszka B. \ud83c\uddfa\ud83c\uddf8<\/span><\/p>\n<h4>Tudo vai no autom\u00e1tico, o c\u00e9rebro se lembra das express\u00f5es, termos e frases praticadas<\/h4>\n<p><p><span style=\"font-weight: 400;\"><strong>Problemas antes de iniciar o curso:<\/strong> falta de motiva\u00e7\u00e3o. Demorava muito tempo para montar uma frase com as palavras isoladas que aprendi. Efeitos muito lentos. <\/span><\/p>\n<p><span style=\"font-weight: 400;\"><strong>Por que voc\u00ea se inscreveu exatamente nesse curso?:<\/strong> te conhe\u00e7o, Konrad, pessoalmente de um treinamento presencial na Bresl\u00e1via, sei que um produto preparado por voc\u00ea tem um grande valor em si. Escutei muitas avalia\u00e7\u00f5es positivas das \u00faltimas edi\u00e7\u00f5es dos cursos. Um curso bem preparado para todos os tipos de elementos. <\/span><\/p>\n<p><span style=\"font-weight: 400;\"><strong>O que mais te agradou no curso:<\/strong> o trabalho em grupos. Gosto do sistema inteligente de repeti\u00e7\u00f5es e em um m\u00eas n\u00e3o esque\u00e7o o que aprendi no come\u00e7o. <\/span><span style=\"font-weight: 400;\">Aprender com esse curso n\u00e3o \u00e9 um bicho de sete cabe\u00e7as<\/span><span style=\"font-weight: 400;\">, voc\u00ea v\u00ea os efeitos e o progresso continua o tempo todo. Uso as frases na conversa muito mais facilmente e n\u00e3o penso por 5 minutos qual tempo usar na frase e como construir a frase com palavras apropriadas. <\/span><\/p>\n<p><span style=\"font-weight: 400;\"><strong>Tudo vai no autom\u00e1tico, o c\u00e9rebro se lembra das express\u00f5es<\/strong>, termos e frases praticadas. Muito obrigado, Konrad, por ter criado este curso. Gra\u00e7as a voc\u00ea \u00e9 poss\u00edvel que no futuro a Pol\u00f4nia esteja \u00e0 frente<\/span> <span style=\"font-weight: 400;\">dos pa\u00edses em rela\u00e7\u00e3o ao conhecimento de l\u00ednguas estrangeiras. J\u00e1 estou pensando no pr\u00f3ximo curso que voc\u00ea tem em oferta.<\/span><\/p>\n<\/p>\n<p><img src=\"http:\/\/elemelingua.com\/wp-content\/plugins\/thrive-ovation\/admin\/img\/tvo-no-photo.png\" alt=\"profile-pic\"><span>Rafa\u0142 Cygan \ud83c\uddfa\ud83c\uddf8<\/span><\/p>\n<h4>Depois de tr\u00eas meses, vejo os efeitos, n\u00e3o tenho medo de falar<\/h4>\n<p><p><span style=\"font-weight: 400;\">Eu tinha um problema<\/span> <span style=\"font-weight: 400;\">para falar. Eu sou perfeccionista e queria falar como um falante nativo imediatamente. Konrad me mostrou m\u00e9todos para chegar l\u00e1 lentamente &#8211; por exemplo, o m\u00e9todo com ilhas. <\/span><\/p>\n<p><span style=\"font-weight: 400;\"><strong>Depois de tr\u00eas meses, vejo os efeitos, n\u00e3o tenho medo de falar<\/strong> &#8211; mesmo com erros. O fundamental \u00e9 que tentamos, gra\u00e7as a isso estamos avan\u00e7ando. Fiz um treinamento de dois dias com os poliglotas (Konrad e Marlon) h\u00e1 alguns anos, li livros publicados no website e quando fiquei sabendo do curso on-line, me inscrevi. <\/span><\/p>\n<p><span style=\"font-weight: 400;\"><strong>Eu queria ter motiva\u00e7\u00e3o e o curso tem uma boa mec\u00e2nica e realmente te puxa para os pr\u00f3ximos est\u00e1gios<\/strong>. O m\u00e9todo da ilha e o fato de que ousei gravar um v\u00eddeo &#8211; isso foi um marco. De repente, tive uma evid\u00eancia tang\u00edvel de que estava falando (e como aconteceu &#8211; muito bom) e comecei a falar sem hesitar. Vou continuar meus estudos. <\/span><\/p>\n<\/p>\n<p><img src=\"http:\/\/elemelingua.com\/wp-content\/plugins\/thrive-ovation\/admin\/img\/tvo-no-photo.png\" alt=\"profile-pic\"><span>Kasia \ud83c\uddfa\ud83c\uddf8\ud83c\uddec\ud83c\udde7<\/span><\/p>\n<h4>Gostei do fato de estarmos sempre em contato com um professor e ter respostas r\u00e1pidas para nossas d\u00favidas<\/h4>\n<p><p><span style=\"font-weight: 400;\">Tinha muita dificuldade em entender os falantes nativos de ingl\u00eas, n\u00e3o conseguia ouvir o idioma, <strong>a forma como este curso foi conduzido me conv\u00e9m muito bem<\/strong>. Al\u00e9m disso, um leitor que l\u00ea as frases de forma natural (n\u00e3o &#8220;esticando&#8221;). <\/span><\/p>\n<p><span style=\"font-weight: 400;\"><strong>Gostei do fato de estarmos sempre em contato com um professor e ter respostas r\u00e1pidas para nossas d\u00favidas<\/strong>. O curso foi muito intenso, mas vale a pena porque os efeitos s\u00e3o vis\u00edveis. &#8220;Eu me acostumei muito&#8221; com a pron\u00fancia do ingl\u00eas. <strong>Realmente valeu a pena<\/strong>.<\/span><\/p>\n<\/p>\n<p><img src=\"http:\/\/elemelingua.com\/wp-content\/plugins\/thrive-ovation\/admin\/img\/tvo-no-photo.png\" alt=\"profile-pic\"><span>Iwona \ud83c\uddfa\ud83c\uddf8\ud83c\uddec\ud83c\udde7<\/span><\/p>\n<h4>Entendo muito mais das conversas em ingl\u00eas e sozinha posso formar muitas frases<\/h4>\n<p><p><span style=\"font-weight: 400;\">Estudei ingl\u00eas h\u00e1 muito tempo, mas como n\u00e3o tive contato com essa l\u00edngua por muitos anos, praticamente me esqueci,  fui incentivada a fazer o curso por viagens mais frequentes e mais longas<\/span> <span style=\"font-weight: 400;\">a outros pa\u00edses, onde o ingl\u00eas \u00e9 muito \u00fatil. Meus filhos adultos que vivem fora da Pol\u00f4nia foram e ainda s\u00e3o uma motiva\u00e7\u00e3o importante para mim &#8211; eu queria surpreend\u00ea-los e me comunicar em ingl\u00eas quando eu os visitasse. Al\u00e9m disso, gosto de ser independente nas minhas viagens. <\/span><\/p>\n<p><span style=\"font-weight: 400;\"><strong>Eu estava procurando um curso que pudesse usar com meu estilo de vida<\/strong> &#8211; o curso on-line foi uma \u00f3tima solu\u00e7\u00e3o para mim. Antes de me inscrever no curso de ingl\u00eas, comprei o acesso ao curso \u201cPerca a vergonha de falar j\u00e1\u201d e ap\u00f3s a conclus\u00e3o tive a certeza de que era a escolha certa. Para mim, a confian\u00e7a no l\u00edder<\/span> <span style=\"font-weight: 400;\">\u00e9 a base da minha decis\u00e3o. <\/span><\/p>\n<p><span style=\"font-weight: 400;\"><strong>O curso exige regularidade e trabalho (de prefer\u00eancia diariamente) de materiais regularmente &#8220;dosados&#8221;<\/strong> &#8211; flashcards, tarefas especiais&#8230; Apoio e acesso ao criador do curso, Konrad, foram importantes. Durante o curso, fomos divididos em pequenos grupos de 8 a 10 pessoas &#8211; isso ajuda muito no aprendizado, especialmente quando os participantes est\u00e3o engajados no aprendizado do idioma &#8211; a realiza\u00e7\u00e3o conjunta de tarefas e o apoio d\u00e3o motiva\u00e7\u00e3o extra. <\/span><\/p>\n<p><span style=\"font-weight: 400;\"><strong>Gra\u00e7as ao curso, entendo muito mais das conversas em ingl\u00eas e sozinha posso formar muitas frases<\/strong> <\/span><span style=\"font-weight: 400;\">\ud83d\ude42<\/span><span style=\"font-weight: 400;\"> Claro, isso \u00e9 s\u00f3 o come\u00e7o, eu tenho que &#8220;praticar&#8221; ingl\u00eas na pr\u00e1tica e j\u00e1 estou esperando de forma impaciente pelo pr\u00f3ximo n\u00edvel do curso. <\/span><\/p>\n<p><span style=\"font-weight: 400;\"><strong>Enquanto isso, me inscrevo no curso de espanhol<\/strong>, porque \u00e9 uma segunda l\u00edngua que n\u00e3o s\u00f3 gosto, mas tamb\u00e9m ser\u00e1 muito \u00fatil para mim &#8211; adoro climas quentes (escrevendo essas palavras, estou em Sevilha).<\/span><\/p>\n<\/p>\n<p><img src=\"http:\/\/elemelingua.com\/wp-content\/plugins\/thrive-ovation\/admin\/img\/tvo-no-photo.png\" alt=\"profile-pic\"><span>Hanna \ud83c\uddfa\ud83c\uddf8\ud83c\uddec\ud83c\udde7<\/span><\/p>\n<h4>Estou muito feliz com os resultados, n\u00e3o esperava esse progresso.<\/h4>\n<p><p><span style=\"font-weight: 400;\">Eu nunca tinha estudado franc\u00eas antes, ent\u00e3o com este curso comecei a aprender completamente do zero. Em retrospectiva, comparando a aprendizagem do franc\u00eas com este curso ao aprendizado do ingl\u00eas e do alem\u00e3o mais cedo &#8211; <strong>parece-me que com este curso eu dominei o b\u00e1sico muito mais r\u00e1pido<\/strong> \ud83d\ude42 Eu queria come\u00e7ar a aprender uma nova l\u00edngua completamente do zero. Por um lado, eu n\u00e3o queria ir \u00e0 escola de l\u00ednguas, por outro &#8211; sei que n\u00e3o me motivaria estudar em casa todos os dias. Portanto, eu estava procurando um curso onde algu\u00e9m me desse um programa\/plano pronto para ser conclu\u00eddo em casa. Encontrei este curso e assumi o risco de n\u00e3o acreditar totalmente nos resultados, <strong>mas tenho que admitir que eles superaram minhas expectativas<\/strong> \ud83d\ude42 <\/span><\/p>\n<p><span style=\"font-weight: 400;\"><strong>O que eu mais gostei foi de poder aprender nos momentos mais apropriados para mim<\/strong>. \u00c0s vezes durante a manh\u00e3, \u00e0s vezes durante o dia, \u00e0s vezes \u00e0 noite. N\u00e3o h\u00e1 limites quando se tem um momento de tempo livre, abrimos o aplicativo e aprendemos coisas novas. <\/span><\/p>\n<p><span style=\"font-weight: 400;\"><strong>Estou muito feliz com os resultados, eu n\u00e3o esperava tal progresso<\/strong>. Mas devo admitir que durante esses 3 meses eu dediquei uma hora por dia em m\u00e9dia para estudar &#8211; n\u00e3o perdi um \u00fanico dia, \u00e0s vezes levava at\u00e9 uma hora e meia, mas consegui.<\/span><\/p>\n<\/p>\n<p><img src=\"http:\/\/elemelingua.com\/wp-content\/plugins\/thrive-ovation\/admin\/img\/tvo-no-photo.png\" alt=\"profile-pic\"><span>Agnieszka \ud83c\uddeb\ud83c\uddf7<\/span><\/p>\n<h4>Aprender me deu alegria e satisfa\u00e7\u00e3o. Foi um tempo agitado e agrad\u00e1vel<\/h4>\n<p><p><span style=\"font-weight: 400;\"><strong>Problemas antes de come\u00e7ar o curso:<\/strong> compreens\u00e3o auditiva, \u00e0s vezes tinha problema em construir frases longas e na ordem da frase. <\/span><\/p>\n<p><span style=\"font-weight: 400;\"><strong>Por que voc\u00ea se inscreveu exatamente nesse curso?<\/strong> Faz tempo que estudava sozinha, embora a regularidade tenha sido alcan\u00e7ada (talvez tenha sido muito pouco tempo que me dediquei 15-45 minutos di\u00e1rios) os efeitos n\u00e3o me satisfizeram. Estudava todos os dias e estava convencida de que ainda estava no n\u00edvel iniciante. Elaborei um plano de repeti\u00e7\u00f5es sozinha e talvez n\u00e3o tenha sido t\u00e3o correto. Encontrei no website &#8211; interessei-me e comprei o guia \u201cPerca a vergonha de falar j\u00e1\u201d<\/span> <span style=\"font-weight: 400;\">&#8211; utilizei v\u00e1rios conselhos valiosos e descobri que parte dos m\u00e9todos apresentados eu desenvolvi em mim de forma intuitiva (mas isso levou bastante tempo). E j\u00e1 sabia que me encontrava no local mais adequado para mim, onde o m\u00e9todo de ensino se adequaria perfeitamente \u00e0s minhas necessidades e estilo de aprendizagem. N\u00e3o tinha quaisquer d\u00favidas em come\u00e7ar o curso. <\/span><\/p>\n<p><span style=\"font-weight: 400;\"><strong>O que mais te agradou no curso?<\/strong> A possibilidade de planejamento de trabalho ao longo do dia. Uma divis\u00e3o clara na aplica\u00e7\u00e3o do novo material e repeti\u00e7\u00f5es permitiu um gerenciamento de tempo adequado. Se eu usasse cada per\u00edodo de tempo menor entre as atividades, poderia dedicar mais tempo ao novo material. Gosto de trabalhar sozinha, mas tamb\u00e9m consulto outras pessoas quando tenho um problema ou d\u00favidas. A possibilidade de fazer perguntas a cada frase. As instru\u00e7\u00f5es detalhadas sobre como trabalhar com novo material &#8211; um v\u00eddeo com Konrad. No caso de tradu\u00e7\u00f5es do polon\u00eas para o ingl\u00eas, foi muito \u00fatil escrever a frase a ser traduzida literalmente. Fiquei um pouco confusa com isso no in\u00edcio, mas depois funcionou muito bem.  As tarefas interessantes para trabalhar em grupo e sozinho. Embora o curso tenha sido realizado \u00e0 dist\u00e2ncia, tenho a sensa\u00e7\u00e3o de pertencer a um grupo e ser cuidado por um bom especialista. <\/span><\/p>\n<p><span style=\"font-weight: 400;\"><strong>Como voc\u00ea avalia os efeitos ap\u00f3s o t\u00e9rmino do curso?<\/strong> Fiquei muito satisfeita com a decis\u00e3o de iniciar o curso e sei que foi o correto. Aprender me deu alegria e satisfa\u00e7\u00e3o. Foi um tempo agitado e agrad\u00e1vel. Recentemente assisti a um filme com trilha sonora em ingl\u00eas, sem legendas. Meu entendimento melhorou muito. Eu escrevo melhor, me lembro das frases com mais facilidade. Fiquei confiante que poderia aprender bem um idioma. Vou continuar meus estudos e provavelmente n\u00e3o vou parar com um idioma, mas tamb\u00e9m vou aprender outros.<\/span><\/p>\n<\/p>\n<p><img src=\"http:\/\/elemelingua.com\/wp-content\/plugins\/thrive-ovation\/admin\/img\/tvo-no-photo.png\" alt=\"profile-pic\"><span>Dorota Gill Tarnowska \ud83c\uddfa\ud83c\uddf8\ud83c\uddec\ud83c\udde7<\/span><\/p>\n<h4>O que eu mais gostei foi a forma gradual que a l\u00edngua entrou na minha cabe\u00e7a<\/h4>\n<p><p><span style=\"font-weight: 400;\"><strong>O que me causava mais problemas antes de me inscrever no curso:<\/strong> a pron\u00fancia brit\u00e2nica de algumas palavras era, para mim, um problema. <\/span><\/p>\n<p><span style=\"font-weight: 400;\"><strong>O que me fez realizar a inscri\u00e7\u00e3o no curso:<\/strong> queria come\u00e7ar a estudar a l\u00edngua, mas n\u00e3o tinha motiva\u00e7\u00e3o. A inscri\u00e7\u00e3o foi um impulso, mas fui motivado pela facilidade de me inscrever no curso e pelo aprendizado em si. <\/span><\/p>\n<p><span style=\"font-weight: 400;\"><strong>O que mais me agradou no curso:<\/strong> o que eu mais gostei foi a forma gradual que a l\u00edngua entrou na minha cabe\u00e7a. Me concentrei em completar os flashcards e de repente comecei a entender muitas palavras. <\/span><\/p>\n<p><span style=\"font-weight: 400;\"><strong>Como eu avalio os efeitos do que eu aprendi depois de tr\u00eas meses:<\/strong> durante o curso estive no exterior viajando. Em compara\u00e7\u00e3o com as viagens anteriores, eu percebi uma grande facilidade em entender o que me cercava.<\/span><\/p>\n<\/p>\n<p><img src=\"http:\/\/elemelingua.com\/wp-content\/plugins\/thrive-ovation\/admin\/img\/tvo-no-photo.png\" alt=\"profile-pic\"><span>Piotr U\u015bniacki \ud83c\uddfa\ud83c\uddf8<\/span><\/p>\n<h4>O mais importante, por\u00e9m, \u00e9 que n\u00e3o sinto muito medo<\/h4>\n<p><p><span style=\"font-weight: 400;\">Estudei de maneiras diferentes mas ainda tinha a sensa\u00e7\u00e3o de que n\u00e3o sabia nada. Tinha medo de falar com estrangeiros. <\/span><\/p>\n<p><strong>Por que voc\u00ea se inscreveu exatamente nesse curso? <\/strong><span style=\"font-weight: 400;\">Konrad. Como ele aprendeu tantos idiomas, isso significa que ele sabe como fazer acontecer. <\/span><\/p>\n<p><span style=\"font-weight: 400;\"><strong>O que voc\u00ea mais gostou no curso?<\/strong> As mini-ilhas. Depois de estudar um pouco, procurar maneiras para responder \u00e0s perguntas do dia a dia me deixou confiante para construir minhas frases. Tive o apoio de um dicion\u00e1rio e, \u00e0s vezes, de um tradutor autom\u00e1tico, mas quando consegui responder na \u00edntegra \u00e0 pergunta do Globott, tive grande satisfa\u00e7\u00e3o. \ud83d\ude09 Tenho uma viagem de f\u00e9rias pela frente para um lugar onde n\u00e3o haver\u00e1 poloneses. Poderei dizer quando voltar se consegui \ud83d\ude09 <\/span><\/p>\n<p><span style=\"font-weight: 400;\"><strong>O mais importante, por\u00e9m, \u00e9 que n\u00e3o sinto muito medo<\/strong>. Aprendi a entender o que outras pessoas falam e a construir respostas simples para perguntas \ud83d\ude09<\/span><\/p>\n<\/p>\n<p><img src=\"http:\/\/elemelingua.com\/wp-content\/plugins\/thrive-ovation\/admin\/img\/tvo-no-photo.png\" alt=\"profile-pic\"><span>Zbigniew Kali\u0144ski \ud83c\uddfa\ud83c\uddf8<\/span><\/p>\n<h4>O curso \u00e9 bem planejado.<\/h4>\n<p><p><span style=\"font-weight: 400;\"><strong>O curso \u00e9 muito bem planejado<\/strong>. Voc\u00ea aprende os elementos pr\u00e1ticos do idioma que permitem que voc\u00ea comece a falar muito rapidamente. As pessoas que falam franc\u00eas me perguntam com desconfian\u00e7a se eu n\u00e3o aprendi o idioma antes, porque<strong> podem ver um progresso muito r\u00e1pido<\/strong>. <strong>Eu o recomendo muito<\/strong>.<\/span><\/p>\n<\/p>\n<p><img src=\"http:\/\/elemelingua.com\/wp-content\/plugins\/thrive-ovation\/admin\/img\/tvo-no-photo.png\" alt=\"profile-pic\"><span>Krystian \ud83c\uddeb\ud83c\uddf7<\/span><\/p>\n","protected":false},"excerpt":{"rendered":"<p>Feedback Eu recomendo de olhos fechados esse curso intensivo, mas muito eficaz! Antes de me inscrever no curso, sentia que estava girando em um c\u00edrculo. Aparentemente eu j\u00e1 sabia muito, mas era dif\u00edcil, para mim, usar a l\u00edngua na pr\u00e1tica. N\u00e3o conseguia avan\u00e7ar e perder a vergonha de falar, queria enfim sentir que estava aprendendo [&hellip;]<\/p>\n","protected":false},"author":1,"featured_media":0,"parent":0,"menu_order":0,"comment_status":"closed","ping_status":"closed","template":"","meta":{"spay_email":""},"_links":{"self":[{"href":"https:\/\/elemelingua.com\/pt-br\/wp-json\/wp\/v2\/pages\/1811"}],"collection":[{"href":"https:\/\/elemelingua.com\/pt-br\/wp-json\/wp\/v2\/pages"}],"about":[{"href":"https:\/\/elemelingua.com\/pt-br\/wp-json\/wp\/v2\/types\/page"}],"author":[{"embeddable":true,"href":"https:\/\/elemelingua.com\/pt-br\/wp-json\/wp\/v2\/users\/1"}],"replies":[{"embeddable":true,"href":"https:\/\/elemelingua.com\/pt-br\/wp-json\/wp\/v2\/comments?post=1811"}],"version-history":[{"count":7,"href":"https:\/\/elemelingua.com\/pt-br\/wp-json\/wp\/v2\/pages\/1811\/revisions"}],"predecessor-version":[{"id":2881,"href":"https:\/\/elemelingua.com\/pt-br\/wp-json\/wp\/v2\/pages\/1811\/revisions\/2881"}],"wp:attachment":[{"href":"https:\/\/elemelingua.com\/pt-br\/wp-json\/wp\/v2\/media?parent=1811"}],"curies":[{"name":"wp","href":"https:\/\/api.w.org\/{rel}","templated":true}]}}