{"id":2471,"date":"2021-09-21T14:37:17","date_gmt":"2021-09-21T12:37:17","guid":{"rendered":"https:\/\/elemelingua.com\/clone-of-about-us\/"},"modified":"2023-02-28T16:17:23","modified_gmt":"2023-02-28T15:17:23","slug":"sobre-nos","status":"publish","type":"page","link":"https:\/\/elemelingua.com\/pt-br\/sobre-nos\/","title":{"rendered":"Sobre n\u00f3s"},"content":{"rendered":"<h1>A hist\u00f3ria da Elemelingua<\/h1>\n<h2>2018<\/h2>\n<ul>\n<li><span>Em abril, inauguramos a primeira temporada dos nossos cursos online para falantes de polon\u00eas no site <a href=\"https:\/\/www.sekretypoliglotow.pl\/\" style=\"outline: none;\">sekretypoliglotow.pl<\/a>. 138 estudantes frequentaram os cursos de <strong>espanhol <img alt=\"\ud83c\uddea\ud83c\uddf8\" src=\"https:\/\/s.w.org\/images\/core\/emoji\/13.0.1\/svg\/1f1ea-1f1f8.svg\" loading=\"lazy\"><\/strong>&nbsp;e&nbsp;<strong>franc\u00eas&nbsp;<img alt=\"\ud83c\uddeb\ud83c\uddf7\" src=\"https:\/\/s.w.org\/images\/core\/emoji\/13.0.1\/svg\/1f1eb-1f1f7.svg\" loading=\"lazy\">&nbsp;<\/strong>para iniciantes.<\/span><\/li>\n<li><span><strong>Ingl\u00eas brit\u00e2nico <img alt=\"\ud83c\uddec\ud83c\udde7\" src=\"https:\/\/s.w.org\/images\/core\/emoji\/13.0.1\/svg\/1f1ec-1f1e7.svg\" loading=\"lazy\"><\/strong><span style=\"font-weight: normal;\">,<\/span><strong>&nbsp;ingl\u00eas americano <img alt=\"\ud83c\uddfa\ud83c\uddf8\" src=\"https:\/\/s.w.org\/images\/core\/emoji\/13.0.1\/svg\/1f1fa-1f1f8.svg\" loading=\"lazy\"><\/strong>, <strong>alem\u00e3o <img alt=\"\ud83c\udde9\ud83c\uddea\" src=\"https:\/\/s.w.org\/images\/core\/emoji\/13.0.1\/svg\/1f1e9-1f1ea.svg\" loading=\"lazy\">&nbsp;<\/strong>e <strong>italiano<\/strong><img alt=\"\ud83c\uddee\ud83c\uddf9\" src=\"https:\/\/s.w.org\/images\/core\/emoji\/13.0.1\/svg\/1f1ee-1f1f9.svg\" loading=\"lazy\">&nbsp;foram inclu\u00eddos na segunda temporada, que contou com 245 estudantes.<\/span><\/li>\n<li><span>Em 2018, ajudamos <strong>383 estudantes<\/strong> a aprender novas l\u00ednguas.<\/span><\/li>\n<\/ul>\n<h2>2019<\/h2>\n<ul>\n<li><span>Adicionamos mais tr\u00eas l\u00ednguas: <strong>portugu\u00eas brasileiro&nbsp;<img role=\"img\" alt=\"\ud83c\udde7\ud83c\uddf7\" src=\"https:\/\/s.w.org\/images\/core\/emoji\/13.1.0\/svg\/1f1e7-1f1f7.svg\" loading=\"lazy\"><\/strong>, <strong>russo<\/strong><img role=\"img\" alt=\"\ud83c\uddf7\ud83c\uddfa\" src=\"https:\/\/s.w.org\/images\/core\/emoji\/13.0.1\/svg\/1f1f7-1f1fa.svg\" loading=\"lazy\"> e <strong>sueco&nbsp;<img role=\"img\" alt=\"\ud83c\uddf8\ud83c\uddea\" src=\"https:\/\/s.w.org\/images\/core\/emoji\/13.0.1\/svg\/1f1f8-1f1ea.svg\" loading=\"lazy\"><\/strong>.<\/span><\/li>\n<li><span>Criamos o nosso aplicativo, <em>Globott<\/em>.<\/span><\/li>\n<li><span>Por demanda popular, come\u00e7amos a oferecer cursos de n\u00edvel <strong>intermedi\u00e1rio<\/strong>.<\/span><\/li>\n<li><span>Em 2019, ajudamos <strong>482 estudantes<\/strong> a aprenderem novas l\u00ednguas.<\/span><\/li>\n<\/ul>\n<h2>2020<\/h2>\n<ul>\n<li><span>Adicionamos 6 novas l\u00ednguas: <strong>portugu\u00eas europeu <img alt=\"\ud83c\uddf5\ud83c\uddf9\" src=\"https:\/\/s.w.org\/images\/core\/emoji\/13.0.1\/svg\/1f1f5-1f1f9.svg\" loading=\"lazy\"><\/strong>,&nbsp;<strong>h\u00fangaro <img alt=\"\ud83c\udded\ud83c\uddfa\" src=\"https:\/\/s.w.org\/images\/core\/emoji\/13.0.1\/svg\/1f1ed-1f1fa.svg\" loading=\"lazy\"><\/strong>,&nbsp;<strong>noruegu\u00eas <img alt=\"\ud83c\uddf3\ud83c\uddf4\" src=\"https:\/\/s.w.org\/images\/core\/emoji\/13.0.1\/svg\/1f1f3-1f1f4.svg\" loading=\"lazy\"><\/strong>,&nbsp;<strong>holand\u00eas<\/strong><strong> <img alt=\"\ud83c\uddf3\ud83c\uddf1\" src=\"https:\/\/s.w.org\/images\/core\/emoji\/13.0.1\/svg\/1f1f3-1f1f1.svg\" loading=\"lazy\"><\/strong>,&nbsp;<strong>hindi <img role=\"img\" alt=\"\ud83c\uddee\ud83c\uddf3\" src=\"https:\/\/s.w.org\/images\/core\/emoji\/13.0.1\/svg\/1f1ee-1f1f3.svg\" loading=\"lazy\">&nbsp;<\/strong>e <strong>persa <img role=\"img\" alt=\"\ud83c\uddee\ud83c\uddf7\" src=\"https:\/\/s.w.org\/images\/core\/emoji\/13.0.1\/svg\/1f1ee-1f1f7.svg\" loading=\"lazy\"><\/strong>.<\/span><\/li>\n<li><span>Devido \u00e0 popularidade dos cursos, come\u00e7amos a abrir matr\u00edculas todos os meses, em vez de a cada tr\u00eas meses.<\/span><\/li>\n<li><span>Come\u00e7amos a trabalhar no rebranding de <em>Sekrety Poliglot\u00f3w<\/em> a <em>Elemelingua<\/em> para aumentar a nossa oferta de cursos a n\u00edvel internacional.<\/span><\/li>\n<li><span>Em 2020, ajudamos <strong>1060 estudantes<\/strong> a aprenderem novas l\u00ednguas.<\/span><\/li>\n<\/ul>\n<h2>2021<\/h2>\n<ul>\n<li><span>Adicionamos \u00e0 nossa oferta cursos de <strong>japon\u00eas <img role=\"img\" alt=\"\ud83c\uddef\ud83c\uddf5\" src=\"https:\/\/s.w.org\/images\/core\/emoji\/13.0.1\/svg\/1f1ef-1f1f5.svg\" loading=\"lazy\">&nbsp;<\/strong>e&nbsp;<strong>chin\u00eas<\/strong><img role=\"img\" alt=\"\ud83c\udde8\ud83c\uddf3\" src=\"https:\/\/s.w.org\/images\/core\/emoji\/13.0.1\/svg\/1f1e8-1f1f3.svg\" loading=\"lazy\">&nbsp;para falantes de polon\u00eas.<\/span><\/li>\n<li><span>Inauguramos o nosso site internacional, <a href=\"https:\/\/elemelingua.com\/\" style=\"outline: none;\"><span style=\"text-decoration: underline;\">Elemelingua.com<\/span><\/a>, em&nbsp;<strong>ingl\u00eas<\/strong>, <strong>espanhol<\/strong>,<strong>&nbsp;polon\u00eas<\/strong> e <strong>portugu\u00eas brasileiro<\/strong>.<\/span><\/li>\n<li><span>Em novembro, lan\u00e7amos a 1\u00aa edi\u00e7\u00e3o do nosso <strong>curso de Polon\u00eas<\/strong><img role=\"img\" alt=\"\ud83c\uddf5\ud83c\uddf1\" src=\"https:\/\/s.w.org\/images\/core\/emoji\/13.1.0\/svg\/1f1f5-1f1f1.svg\" loading=\"lazy\">para iniciantes com a participa\u00e7\u00e3o de mais de 40 alunos!<\/span><\/li>\n<li><span>Em 2021, ajudamos mais de <strong>2000<\/strong><strong>estudantes<\/strong> a aprenderem novas l\u00ednguas.<\/span><\/li>\n<\/ul>\n<h2>2022<\/h2>\n<ul>\n<li><span>Para os falantes de ingl\u00eas, lan\u00e7amos os cursos de <strong>Espanhol<\/strong> <img role=\"img\" alt=\"\ud83c\uddea\ud83c\uddf8\" src=\"https:\/\/s.w.org\/images\/core\/emoji\/13.1.0\/svg\/1f1ea-1f1f8.svg\" loading=\"lazy\">, <strong>Portugu\u00eas Brasileiro<\/strong> <img role=\"img\" alt=\"\ud83c\udde7\ud83c\uddf7\" src=\"https:\/\/s.w.org\/images\/core\/emoji\/13.1.0\/svg\/1f1e7-1f1f7.svg\" loading=\"lazy\">&nbsp;e <strong>Franc\u00eas<\/strong> <img role=\"img\" alt=\"\ud83c\uddeb\ud83c\uddf7\" src=\"https:\/\/s.w.org\/images\/core\/emoji\/13.1.0\/svg\/1f1eb-1f1f7.svg\" loading=\"lazy\">.<\/span><\/li>\n<li><span>Para falantes de polon\u00eas, lan\u00e7amos cursos de <strong>Turco<\/strong> <img role=\"img\" alt=\"\ud83c\uddf9\ud83c\uddf7\" src=\"https:\/\/s.w.org\/images\/core\/emoji\/13.1.0\/svg\/1f1f9-1f1f7.svg\" loading=\"lazy\">, <strong>Tcheco<\/strong> <img role=\"img\" alt=\"\ud83c\udde8\ud83c\uddff\" src=\"https:\/\/s.w.org\/images\/core\/emoji\/13.1.0\/svg\/1f1e8-1f1ff.svg\" loading=\"lazy\">, <strong>Dinamarqu\u00eas<\/strong> <img role=\"img\" alt=\"\ud83c\udde9\ud83c\uddf0\" src=\"https:\/\/s.w.org\/images\/core\/emoji\/13.1.0\/svg\/1f1e9-1f1f0.svg\" loading=\"lazy\">&nbsp;e <strong>Ucraniano<\/strong> <img role=\"img\" alt=\"\ud83c\uddfa\ud83c\udde6\" src=\"https:\/\/s.w.org\/images\/core\/emoji\/13.1.0\/svg\/1f1fa-1f1e6.svg\" loading=\"lazy\">.<\/span><\/li>\n<li><span>Para os falantes de portugu\u00eas, lan\u00e7amos os cursos de <strong>Ingl\u00eas<\/strong> <img role=\"img\" alt=\"\ud83c\uddfa\ud83c\uddf8\" src=\"https:\/\/s.w.org\/images\/core\/emoji\/13.1.0\/svg\/1f1fa-1f1f8.svg\" loading=\"lazy\"><img role=\"img\" alt=\"\ud83c\uddec\ud83c\udde7\" src=\"https:\/\/s.w.org\/images\/core\/emoji\/13.1.0\/svg\/1f1ec-1f1e7.svg\" loading=\"lazy\">, <strong>Franc\u00eas<\/strong> <img role=\"img\" alt=\"\ud83c\uddeb\ud83c\uddf7\" src=\"https:\/\/s.w.org\/images\/core\/emoji\/13.1.0\/svg\/1f1eb-1f1f7.svg\" loading=\"lazy\">&nbsp;e <strong>Alem\u00e3o<\/strong> <img role=\"img\" alt=\"\ud83c\udde9\ud83c\uddea\" src=\"https:\/\/s.w.org\/images\/core\/emoji\/13.1.0\/svg\/1f1e9-1f1ea.svg\" loading=\"lazy\">.<\/span><\/li>\n<li><span>Para falantes de espanhol, lan\u00e7amos o curso de <strong>Ingl\u00eas<\/strong> <img role=\"img\" alt=\"\ud83c\uddfa\ud83c\uddf8\" src=\"https:\/\/s.w.org\/images\/core\/emoji\/13.1.0\/svg\/1f1fa-1f1f8.svg\" loading=\"lazy\"><img role=\"img\" alt=\"\ud83c\uddec\ud83c\udde7\" src=\"https:\/\/s.w.org\/images\/core\/emoji\/13.1.0\/svg\/1f1ec-1f1e7.svg\" loading=\"lazy\">.<\/span><\/li>\n<li><span>Em 2022, ajudamos mais de <strong>5800 alunos<\/strong> a aprender novos idiomas.<\/span><\/li>\n<\/ul>\n<h2>2023<\/h2>\n<ul>\n<li><span>Para falantes de polon\u00eas, lan\u00e7amos os cursos de Grego <img alt=\"\ud83c\uddec\ud83c\uddf7\" src=\"https:\/\/s.w.org\/images\/core\/emoji\/13.1.0\/svg\/1f1ec-1f1f7.svg\"> e Croata <img alt=\"\ud83c\udded\ud83c\uddf7\" src=\"https:\/\/s.w.org\/images\/core\/emoji\/13.1.0\/svg\/1f1ed-1f1f7.svg\">.<\/span><\/li>\n<li><span>Ajudamos mais de <strong>8800 alunos<\/strong> a aprender novos idiomas desde nossa primeira temporada em 2018!<\/span><\/li>\n<\/ul>\n","protected":false},"excerpt":{"rendered":"<p>A hist\u00f3ria da Elemelingua 2018 Em abril, inauguramos a primeira temporada dos nossos cursos online para falantes de polon\u00eas no site sekretypoliglotow.pl. 138 estudantes frequentaram os cursos de espanhol &nbsp;e&nbsp;franc\u00eas&nbsp;&nbsp;para iniciantes. Ingl\u00eas brit\u00e2nico ,&nbsp;ingl\u00eas americano , alem\u00e3o &nbsp;e italiano&nbsp;foram inclu\u00eddos na segunda temporada, que contou com 245 estudantes. Em 2018, ajudamos 383 estudantes a aprender [&hellip;]<\/p>\n","protected":false},"author":1,"featured_media":0,"parent":0,"menu_order":0,"comment_status":"closed","ping_status":"closed","template":"","meta":{"spay_email":""},"_links":{"self":[{"href":"https:\/\/elemelingua.com\/pt-br\/wp-json\/wp\/v2\/pages\/2471"}],"collection":[{"href":"https:\/\/elemelingua.com\/pt-br\/wp-json\/wp\/v2\/pages"}],"about":[{"href":"https:\/\/elemelingua.com\/pt-br\/wp-json\/wp\/v2\/types\/page"}],"author":[{"embeddable":true,"href":"https:\/\/elemelingua.com\/pt-br\/wp-json\/wp\/v2\/users\/1"}],"replies":[{"embeddable":true,"href":"https:\/\/elemelingua.com\/pt-br\/wp-json\/wp\/v2\/comments?post=2471"}],"version-history":[{"count":17,"href":"https:\/\/elemelingua.com\/pt-br\/wp-json\/wp\/v2\/pages\/2471\/revisions"}],"predecessor-version":[{"id":6626,"href":"https:\/\/elemelingua.com\/pt-br\/wp-json\/wp\/v2\/pages\/2471\/revisions\/6626"}],"wp:attachment":[{"href":"https:\/\/elemelingua.com\/pt-br\/wp-json\/wp\/v2\/media?parent=2471"}],"curies":[{"name":"wp","href":"https:\/\/api.w.org\/{rel}","templated":true}]}}