{"id":2557,"date":"2021-09-22T20:00:13","date_gmt":"2021-09-22T18:00:13","guid":{"rendered":"https:\/\/elemelingua.com\/clone-of-homepage\/"},"modified":"2024-08-13T14:42:03","modified_gmt":"2024-08-13T12:42:03","slug":"home","status":"publish","type":"page","link":"https:\/\/elemelingua.com\/pt-br\/","title":{"rendered":"Home"},"content":{"rendered":"<p style=\"color: var(--tcb-skin-color-3) !important; --tcb-applied-color: var$(--tcb-skin-color-3) !important;\"><span><span><span><span><span><span><span><strong><span><span><span><span><span><span><span style=\"--tcb-applied-color: var$(--tcb-color-1) !important; color: var(--tcb-color-1) !important;\">A<\/span><span>p<\/span><span>r<\/span><span>e<\/span><span>n<\/span><span>d<\/span><span>a&nbsp;<\/span><span>l<\/span><span>\u00ed<\/span><span>n<\/span><span>g<\/span><span>u<\/span><span>a<\/span><span>s<\/span><\/span><\/span><\/span><\/span><\/span><\/span><\/strong><\/span><\/span><\/span><\/span><\/span><\/span><\/span><\/p>\n<p style=\"text-align: left; color: var(--tcb-skin-color-3) !important; --tcb-applied-color: var$(--tcb-skin-color-3) !important;\"><span><span><span><span><span><span><strong><span><span><span><span>do seu jeito!<\/span><\/span><\/span><\/span><\/strong><\/span><\/span><\/span><\/span><\/span><\/span><\/p>\n<p style=\"color: var(--tcb-color-3) !important; --tcb-applied-color: var$(--tcb-color-3) !important;\"><strong><span><span>Comece a entender e falar um novo idioma rapidamente!<\/span><\/span><\/strong><\/p>\n<p style=\"color: var(--tcb-color-3) !important; --tcb-applied-color: var$(--tcb-color-3) !important;\"><strong><span><span>Basta seguir o m\u00e9todo Elemelingua, criado por Konrad JvD, um poliglota polon\u00eas que foi testado em suas habilidades em 14 idiomas no programa de TV &#8220;The Brain&#8221;.<\/span><\/span><\/strong><\/p>\n<h2 style=\"text-align: center;\">O M\u00e9todo Elemelingua<\/h2>\n<ul>\n<li style=\"\"><span data-aspect-ratio-default=\"0\" data-aspect-ratio=\"16:9\">Usando<strong> pesquisas sobre como os principais especialistas em l\u00ednguas do mundo<\/strong> aprendem idiomas, o <strong>m\u00e9todo Elemelingua<\/strong> foi criado por <strong>Konrad JvD<\/strong> para ajudar aqueles que t\u00eam dificuldades em aprender uma l\u00edngua estrangeira.<\/span><\/li>\n<li style=\"\"><span data-aspect-ratio-default=\"0\" data-aspect-ratio=\"16:9\">Os <strong>muitos anos de experi\u00eancia e pesquisa<\/strong> de Konrad em aprendizado de l\u00ednguas foram refinados e integrados aos nossos cursos para o benef\u00edcio de todos os aprendizes de idiomas.<\/span><\/li>\n<li><span data-aspect-ratio-default=\"0\" data-aspect-ratio=\"16:9\">Como resultado, <strong>conseguimos ajudar mais de <span data-attr-id=\"19\" data-extra_key=\"4\" data-option-inline=\"1\" data-shortcode=\"thrive_global_fields\" data-shortcode-name=\"[Website] Students\">15.000<\/span> alunos<\/strong> a finalmente realizar o sonho de falar e ser capaz de entender um idioma estrangeiro <strong>em meses, n\u00e3o anos<\/strong>!<\/span><\/li>\n<li><span data-aspect-ratio-default=\"0\" data-aspect-ratio=\"16:9\">Somos uma equipe de pessoas apaixonadas que amam aprender idiomas e que querem ajudar outros a alcan\u00e7arem esse objetivo tamb\u00e9m!<\/span><\/li>\n<\/ul>\n<h2 style=\"text-align: center;\">Qual o nosso diferencial?<\/h2>\n<p><span><a href=\"https:\/\/elemelingua.com\/wp-content\/uploads\/2023\/10\/01-words-1.png\" target=\"_blank\" rel=\"noopener\"><img alt=\"\" data-id=\"8792\" width=\"166\" data-init-width=\"1080\" height=\"166\" data-init-height=\"1080\" title=\"01-words\" src=\"https:\/\/elemelingua.com\/wp-content\/uploads\/2023\/10\/01-words-1.png\" data-link-wrap=\"true\" data-width=\"166\" data-height=\"166\" style=\"aspect-ratio: auto 1080 \/ 1080;\" loading=\"lazy\"><\/a><\/span><\/p>\n<p style=\"text-align: center;\"><strong>Voc\u00ea aprende frases, n\u00e3o palavras<\/strong><\/p>\n<p style=\"text-align: center;\">Quer que a gente conte o segredo? A melhor maneira de aprender vocabul\u00e1rio n\u00e3o \u00e9 aprender vocabul\u00e1rio. Voc\u00ea deve aprender frases ao inv\u00e9s disso. \u00c9 por isso que nenhum aluno encontrar\u00e1 listas de palavras para memorizar nos nossos cursos. Temos uma abordagem mais eficiente: o aluno aprender\u00e1 apenas por meio de frases. Dessa forma, ele memorizar\u00e1 novas palavras e aprender\u00e1 a us\u00e1-las nas estruturas de frases corretas.<\/p>\n<p><span><a href=\"https:\/\/elemelingua.com\/wp-content\/uploads\/2023\/10\/02-styles-1.png\" target=\"_blank\" rel=\"noopener\"><img alt=\"\" data-id=\"8803\" width=\"166\" data-init-width=\"1080\" height=\"166\" data-init-height=\"1080\" title=\"02-styles\" src=\"https:\/\/elemelingua.com\/wp-content\/uploads\/2023\/10\/02-styles-1.png\" data-link-wrap=\"true\" data-width=\"166\" data-height=\"166\" style=\"aspect-ratio: auto 1080 \/ 1080;\" loading=\"lazy\"><\/a><\/span><\/p>\n<p style=\"text-align: center; color: var(--tcb-color-1) !important; --tcb-applied-color: var$(--tcb-color-1) !important;\"><strong><strong>Voc\u00ea aprende de acordo com seu Estilo de Aprendizagem<\/strong><\/strong><\/p>\n<p style=\"text-align: center;\">Cada um de n\u00f3s pode ser representado por um dos quatro estilos de aprendizagem: \u00e1gua, terra, vento e fogo. Talvez voc\u00ea odeie gram\u00e1tica? Ou talvez ame? Um bom curso deve ser adaptado a todos os quatro estilos de aprendizagem. Assim, voc\u00ea aprender\u00e1 do seu pr\u00f3prio jeito e n\u00e3o perder\u00e1 nada. Voc\u00ea encontrar\u00e1 essa abordagem equilibrada nos nossos cursos.<\/p>\n<p><span><a href=\"https:\/\/elemelingua.com\/wp-content\/uploads\/2023\/10\/03-flex-1.png\" target=\"_blank\" rel=\"noopener\"><img alt=\"\" data-id=\"8814\" width=\"166\" data-init-width=\"1080\" height=\"166\" data-init-height=\"1080\" title=\"03-flex\" src=\"https:\/\/elemelingua.com\/wp-content\/uploads\/2023\/10\/03-flex-1.png\" data-link-wrap=\"true\" data-width=\"166\" data-height=\"166\" style=\"aspect-ratio: auto 1080 \/ 1080;\" loading=\"lazy\"><\/a><\/span><\/p>\n<p style=\"text-align: center; color: rgb(230, 140, 45) !important; --tcb-applied-color: rgb(230, 140, 45) !important;\"><strong>Voc\u00ea estuda quando e onde quiser<\/strong><\/p>\n<p style=\"text-align: center;\">N\u00e3o acreditamos que ir a uma sala de aula uma vez por semana seja a melhor solu\u00e7\u00e3o e a mais eficaz para aprender um idioma rapidamente. <strong>Estudar diariamente<\/strong> \u00e9 importante, mas precisa ser flex\u00edvel. \u00c9 por isso que, conosco, voc\u00ea pode estudar a qualquer hora e em qualquer lugar.<\/p>\n<p><span><a href=\"https:\/\/elemelingua.com\/wp-content\/uploads\/2023\/10\/04-brain-1.png\" target=\"_blank\" rel=\"noopener\"><img alt=\"\" data-id=\"8825\" width=\"166\" data-init-width=\"1080\" height=\"166\" data-init-height=\"1080\" title=\"04-brain\" src=\"https:\/\/elemelingua.com\/wp-content\/uploads\/2023\/10\/04-brain-1.png\" data-link-wrap=\"true\" data-width=\"166\" data-height=\"166\" style=\"aspect-ratio: auto 1080 \/ 1080;\" loading=\"lazy\"><\/a><\/span><\/p>\n<p style=\"text-align: center; color: rgb(127, 208, 51) !important; --tcb-applied-color: rgb(127, 208, 51) !important;\"><strong>Estude da forma que seu c\u00e9rebro adora<\/strong><\/p>\n<p style=\"text-align: center;\">Seu c\u00e9rebro pode aprender qualquer idioma. Mas, para isso, voc\u00ea deve estudar da maneira que seu c\u00e9rebro adora. Konrad passou anos pesquisando como o c\u00e9rebro aprende e, juntamente com nossa equipe, adaptou isso aos cursos. Seu c\u00e9rebro ser\u00e1 estimulado da maneira correta e voc\u00ea ver\u00e1 resultados em meses &#8211; n\u00e3o anos!<\/p>\n<p><span><a href=\"https:\/\/elemelingua.com\/wp-content\/uploads\/2023\/10\/05-support-1.png\" target=\"_blank\" rel=\"noopener\"><img alt=\"\" data-id=\"8836\" width=\"166\" data-init-width=\"1080\" height=\"166\" data-init-height=\"1080\" title=\"05-support\" src=\"https:\/\/elemelingua.com\/wp-content\/uploads\/2023\/10\/05-support-1.png\" data-link-wrap=\"true\" data-width=\"166\" data-height=\"166\" style=\"aspect-ratio: auto 1080 \/ 1080;\" loading=\"lazy\"><\/a><\/span><\/p>\n<p style=\"text-align: center; color: rgb(224, 37, 71) !important; --tcb-applied-color: rgb(224, 37, 71) !important;\"><strong>Voc\u00ea recebe suporte o tempo todo<\/strong><\/p>\n<p style=\"text-align: center;\">\u00c0s vezes voc\u00ea se sente perdido ao estudar um novo idioma? N\u00e3o se preocupe. Voc\u00ea n\u00e3o estar\u00e1 sozinho. Nossos alunos recebem total apoio de nossa equipe de professores e especialistas em idiomas. Termina\u00e7\u00f5es confusas? Estruturas estranhas? Estamos aqui para ajudar. Voc\u00ea pode fazer perguntas a qualquer momento, porque queremos que voc\u00ea alcance seu objetivo com sucesso!<\/p>\n<p><span><a href=\"https:\/\/elemelingua.com\/wp-content\/uploads\/2023\/10\/06-students-2.png\" target=\"_blank\" rel=\"noopener\"><img alt=\"\" data-id=\"8891\" width=\"230\" data-init-width=\"1080\" height=\"230\" data-init-height=\"1080\" title=\"06-students\" src=\"https:\/\/elemelingua.com\/wp-content\/uploads\/2023\/10\/06-students-2.png\" data-link-wrap=\"true\" data-width=\"230\" data-height=\"230\" style=\"aspect-ratio: auto 1080 \/ 1080;\" loading=\"lazy\"><\/a><\/span><\/p>\n<p style=\"text-align: center;\"><strong>Temos mais de <span style=\"--tcb-applied-color: var$(--tcb-skin-color-3) !important; color: var(--tcb-skin-color-3) !important;\">15,000<\/span> alunos<\/strong><\/p>\n<p><span><a href=\"https:\/\/elemelingua.com\/wp-content\/uploads\/2023\/10\/07-calendar-1.png\" target=\"_blank\" rel=\"noopener\"><img alt=\"\" data-id=\"8858\" width=\"230\" data-init-width=\"1080\" height=\"230\" data-init-height=\"1080\" title=\"07-calendar\" src=\"https:\/\/elemelingua.com\/wp-content\/uploads\/2023\/10\/07-calendar-1.png\" data-link-wrap=\"true\" data-width=\"230\" data-height=\"230\" style=\"aspect-ratio: auto 1080 \/ 1080;\" loading=\"lazy\"><\/a><\/span><\/p>\n<p style=\"text-align: center;\"><strong><span style=\"--tcb-applied-color: var$(--tcb-skin-color-3) !important; color: var(--tcb-skin-color-3) !important;\"><span data-attr-id=\"42\" data-extra_key=\"4\" data-option-inline=\"1\" data-shortcode=\"thrive_global_fields\" data-shortcode-name=\"[Website] Percentage Learning\">81<\/span>%<\/span> <span style=\"--tcb-applied-color: var$(--tcb-skin-color-5) !important; color: var(--tcb-skin-color-5) !important;\">dos nossos alunos estudam por mais de<\/span>&nbsp;<span style=\"--tcb-applied-color: var$(--tcb-skin-color-3) !important; color: var(--tcb-skin-color-3) !important;\">5 dias<\/span> por semana&nbsp;<\/strong><\/p>\n<p><span><a href=\"https:\/\/elemelingua.com\/wp-content\/uploads\/2023\/10\/08-globe-2.png\" target=\"_blank\" rel=\"noopener\"><img alt=\"\" data-id=\"8869\" width=\"297\" data-init-width=\"1080\" height=\"297\" data-init-height=\"1080\" title=\"08-globe\" src=\"https:\/\/elemelingua.com\/wp-content\/uploads\/2023\/10\/08-globe-2.png\" data-link-wrap=\"true\" data-width=\"297\" data-height=\"297\" style=\"aspect-ratio: auto 1080 \/ 1080;\" loading=\"lazy\"><\/a><\/span><\/p>\n<p><strong>Temos alunos de <span>50 pa\u00edses<\/span><\/strong><\/p>\n<p><span><a href=\"https:\/\/elemelingua.com\/wp-content\/uploads\/2023\/10\/09-charity-1.png\" target=\"_blank\" rel=\"noopener\"><img alt=\"\" data-id=\"8880\" width=\"297\" data-init-width=\"1080\" height=\"297\" data-init-height=\"1080\" title=\"09-charity\" src=\"https:\/\/elemelingua.com\/wp-content\/uploads\/2023\/10\/09-charity-1.png\" data-link-wrap=\"true\" data-width=\"297\" data-height=\"297\" style=\"aspect-ratio: auto 1080 \/ 1080;\" loading=\"lazy\"><\/a><\/span><\/p>\n<p style=\"text-align: center;\"><strong><span style=\"--tcb-applied-color: var$(--tcb-skin-color-3) !important; color: var(--tcb-skin-color-3) !important;\">\u20ac15,000.00<\/span> doados para a caridade por ano<\/strong><\/p>\n<h2 style=\"text-align: center;\">O que os nossos alunos dizem?<\/h2>\n<h2 style=\"text-align: center;\">Siga-nos aqui:<\/h2>\n<p><a href=\"https:\/\/www.facebook.com\/ElemelinguaBrasilPortugal\" target=\"_blank\" rel=\"nofollow noopener\" data-dynamic-link=\"thrive_global_fields_url\" data-shortcode-id=\"24\" data-id=\"icon-link\"><span> <\/span><\/a><a href=\"https:\/\/www.instagram.com\/elemelingua.pt\/\" target=\"_blank\" rel=\"nofollow noopener\" data-dynamic-link=\"thrive_global_fields_url\" data-shortcode-id=\"29\" data-id=\"icon-link\"><span> <\/span><\/a><a href=\"https:\/\/www.youtube.com\/channel\/UCmgWXti2X_9qjIoqU2wcmlA\" target=\"_blank\" rel=\"nofollow noopener\" data-dynamic-link=\"thrive_global_fields_url\" data-shortcode-id=\"yt\" data-id=\"icon-youtube\"><span>                     <\/span><\/a><a href=\"https:\/\/www.linkedin.com\/company\/elemelingua\/\" target=\"_blank\" rel=\"nofollow noopener\" data-id=\"icon-linkedin\"><span>                     <\/span><\/a><\/p>\n<p style=\"text-align: center;\"><!-- Erro, o An\u00fancio n\u00e3o est\u00e1 dispon\u00edvel neste momento devido \u00e0s restri\u00e7\u00f5es de agendamento\/geolocaliza\u00e7\u00e3o! --><\/p>\n","protected":false},"excerpt":{"rendered":"<p>Aprenda&nbsp;l\u00ednguas do seu jeito! Comece a entender e falar um novo idioma rapidamente! Basta seguir o m\u00e9todo Elemelingua, criado por Konrad JvD, um poliglota polon\u00eas que foi testado em suas habilidades em 14 idiomas no programa de TV &#8220;The Brain&#8221;. O M\u00e9todo Elemelingua Usando pesquisas sobre como os principais especialistas em l\u00ednguas do mundo aprendem [&hellip;]<\/p>\n","protected":false},"author":1,"featured_media":2195,"parent":0,"menu_order":0,"comment_status":"closed","ping_status":"closed","template":"","meta":{"spay_email":""},"_links":{"self":[{"href":"https:\/\/elemelingua.com\/pt-br\/wp-json\/wp\/v2\/pages\/2557"}],"collection":[{"href":"https:\/\/elemelingua.com\/pt-br\/wp-json\/wp\/v2\/pages"}],"about":[{"href":"https:\/\/elemelingua.com\/pt-br\/wp-json\/wp\/v2\/types\/page"}],"author":[{"embeddable":true,"href":"https:\/\/elemelingua.com\/pt-br\/wp-json\/wp\/v2\/users\/1"}],"replies":[{"embeddable":true,"href":"https:\/\/elemelingua.com\/pt-br\/wp-json\/wp\/v2\/comments?post=2557"}],"version-history":[{"count":85,"href":"https:\/\/elemelingua.com\/pt-br\/wp-json\/wp\/v2\/pages\/2557\/revisions"}],"predecessor-version":[{"id":10415,"href":"https:\/\/elemelingua.com\/pt-br\/wp-json\/wp\/v2\/pages\/2557\/revisions\/10415"}],"wp:featuredmedia":[{"embeddable":true,"href":"https:\/\/elemelingua.com\/pt-br\/wp-json\/wp\/v2\/media\/2195"}],"wp:attachment":[{"href":"https:\/\/elemelingua.com\/pt-br\/wp-json\/wp\/v2\/media?parent=2557"}],"curies":[{"name":"wp","href":"https:\/\/api.w.org\/{rel}","templated":true}]}}