{"id":4383,"date":"2021-12-20T10:15:28","date_gmt":"2021-12-20T09:15:28","guid":{"rendered":"https:\/\/elemelingua.com\/clone-of-online-beginner-polish-course\/"},"modified":"2024-07-29T16:32:29","modified_gmt":"2024-07-29T14:32:29","slug":"curso-on-line-de-ingles-para-iniciantes","status":"publish","type":"page","link":"https:\/\/elemelingua.com\/pt-br\/curso-on-line-de-ingles-para-iniciantes\/","title":{"rendered":"Curso on-line de Ingl\u00eas para iniciantes"},"content":{"rendered":"<h1 style=\"text-align: center;\">Curso on-line de Ingl\u00eas para iniciantes<\/h1>\n<p><span><a href=\"https:\/\/elemelingua.com\/wp-content\/uploads\/2023\/09\/enus-kurs.png\"><img alt=\"\" data-id=\"7871\" width=\"239\" data-init-width=\"800\" height=\"239\" data-init-height=\"800\" title=\"enus-kurs\" src=\"https:\/\/elemelingua.com\/wp-content\/uploads\/2023\/09\/enus-kurs.png\" data-width=\"239\" data-height=\"239\" data-link-wrap=\"true\" style=\"aspect-ratio: auto 800 \/ 800;\" loading=\"lazy\"><\/a><\/span><\/p>\n<p><strong>Para come\u00e7ar, este curso on-line de <span style=\"color: rgb(224, 37, 71);\">Ingl\u00eas para iniciantes<\/span> \u00e9 o ideal para voc\u00ea se:<\/strong><\/p>\n<ul>\n<li style=\"\"><span><strong>Voc\u00ea mora em um pa\u00eds que fala ingl\u00eas<\/strong> e se sente perdido por n\u00e3o falar a l\u00edngua, mas percebe que falar ingl\u00eas abriria muitas portas e facilitaria a vida no exterior, mas ainda n\u00e3o se sente totalmente independente sem a ajuda de algu\u00e9m pr\u00f3ximo.<\/span><\/li>\n<li style=\"\"><span><strong>Voc\u00ea acha a l\u00edngua muito complicada<\/strong> e precisa de algu\u00e9m para simplificar!<\/span><\/li>\n<li style=\"\"><span><strong>Voc\u00ea j\u00e1 tentou estudar ingl\u00eas<\/strong> em uma escola de l\u00ednguas, mas n\u00e3o surtiu efeito, porque tudo se resumia a uma decoreba de regras gramaticais que mais pareciam grego do que ingl\u00eas para voc\u00ea!<\/span><\/li>\n<li style=\"\"><span><strong>Voc\u00ea quer se mudar, estudar ou trabalhar em um pa\u00eds que fala ingl\u00eas<\/strong> e gostaria de aproveitar melhor as oportunidades que a vida oferece!<\/span><\/li>\n<li><span><strong>Voc\u00ea sempre quis aprender ingl\u00eas<\/strong>, mas por v\u00e1rios motivos nunca teve essa oportunidade.<\/span><\/li>\n<\/ul>\n<h3 style=\"text-align: center;\">Se estivermos falando de voc\u00ea, ent\u00e3o se matricule no nosso curso de Ingl\u00eas para iniciantes!<\/h3>\n<h4 style=\"text-align: center;\">R\u00e1pido! O registro para a pr\u00f3xima temporada do Curso de Ingl\u00eas para iniciantes vai se encerrar no dia&nbsp;<span data-attr-id=\"33\" data-extra_key=\"5\" data-option-inline=\"1\" data-shortcode=\"thrive_global_fields\" data-shortcode-name=\"[Dates] Sign up PTBR\" style=\"\">4 de agosto de 2024<\/span><\/h4>\n","protected":false},"excerpt":{"rendered":"<p>Curso on-line de Ingl\u00eas para iniciantes Para come\u00e7ar, este curso on-line de Ingl\u00eas para iniciantes \u00e9 o ideal para voc\u00ea se: Voc\u00ea mora em um pa\u00eds que fala ingl\u00eas e se sente perdido por n\u00e3o falar a l\u00edngua, mas percebe que falar ingl\u00eas abriria muitas portas e facilitaria a vida no exterior, mas ainda n\u00e3o [&hellip;]<\/p>\n","protected":false},"author":11,"featured_media":9573,"parent":0,"menu_order":0,"comment_status":"closed","ping_status":"closed","template":"","meta":{"spay_email":""},"_links":{"self":[{"href":"https:\/\/elemelingua.com\/pt-br\/wp-json\/wp\/v2\/pages\/4383"}],"collection":[{"href":"https:\/\/elemelingua.com\/pt-br\/wp-json\/wp\/v2\/pages"}],"about":[{"href":"https:\/\/elemelingua.com\/pt-br\/wp-json\/wp\/v2\/types\/page"}],"author":[{"embeddable":true,"href":"https:\/\/elemelingua.com\/pt-br\/wp-json\/wp\/v2\/users\/11"}],"replies":[{"embeddable":true,"href":"https:\/\/elemelingua.com\/pt-br\/wp-json\/wp\/v2\/comments?post=4383"}],"version-history":[{"count":38,"href":"https:\/\/elemelingua.com\/pt-br\/wp-json\/wp\/v2\/pages\/4383\/revisions"}],"predecessor-version":[{"id":9612,"href":"https:\/\/elemelingua.com\/pt-br\/wp-json\/wp\/v2\/pages\/4383\/revisions\/9612"}],"wp:featuredmedia":[{"embeddable":true,"href":"https:\/\/elemelingua.com\/pt-br\/wp-json\/wp\/v2\/media\/9573"}],"wp:attachment":[{"href":"https:\/\/elemelingua.com\/pt-br\/wp-json\/wp\/v2\/media?parent=4383"}],"curies":[{"name":"wp","href":"https:\/\/api.w.org\/{rel}","templated":true}]}}