{"id":6258,"date":"2022-10-31T14:58:07","date_gmt":"2022-10-31T13:58:07","guid":{"rendered":"https:\/\/elemelingua.com\/clone-of-curso-on-line-de-ingles-para-iniciantes\/"},"modified":"2024-07-29T16:33:09","modified_gmt":"2024-07-29T14:33:09","slug":"curso-on-line-de-alemao-para-iniciantes","status":"publish","type":"page","link":"https:\/\/elemelingua.com\/pt-br\/curso-on-line-de-alemao-para-iniciantes\/","title":{"rendered":"Curso on-line de Alem\u00e3o para iniciantes"},"content":{"rendered":"<h1 style=\"text-align: center;\">Curso on-line de Alem\u00e3o para iniciantes<\/h1>\n<p><span><a href=\"https:\/\/elemelingua.com\/wp-content\/uploads\/2022\/11\/de_ptbr2.png\"><img alt=\"\" data-id=\"6319\" width=\"230\" data-init-width=\"1080\" height=\"408\" data-init-height=\"1920\" title=\"de_ptbr2\" src=\"https:\/\/elemelingua.com\/wp-content\/uploads\/2022\/11\/de_ptbr2.png\" data-width=\"230\" data-height=\"408\" data-link-wrap=\"true\" style=\"\" loading=\"lazy\"><\/a><\/span><\/p>\n<p><strong>Para come\u00e7ar, este curso on-line de <span style=\"color: rgb(224, 37, 71);\">Alem\u00e3o para iniciantes<\/span> \u00e9 o ideal para voc\u00ea se:<\/strong><\/p>\n<ul>\n<li style=\"\"><span><strong>Voc\u00ea mora em um pa\u00eds que fala alem\u00e3o<\/strong> e se sente perdido por n\u00e3o falar a l\u00edngua, mas percebe que falar alem\u00e3o abriria muitas portas e facilitaria a vida no exterior, mas ainda n\u00e3o se sente totalmente independente sem a ajuda de algu\u00e9m pr\u00f3ximo.<\/span><\/li>\n<li style=\"\"><span><strong>Voc\u00ea acha a l\u00edngua muito complicada<\/strong> e precisa de algu\u00e9m para simplificar!<\/span><\/li>\n<li style=\"\"><span><strong>Voc\u00ea j\u00e1 tentou estudar alem\u00e3o<\/strong> em uma escola de l\u00ednguas, mas n\u00e3o surtiu efeito, porque tudo se resumia a uma decoreba de regras gramaticais que mais pareciam grego do que alem\u00e3o para voc\u00ea!<\/span><\/li>\n<li style=\"\"><span><strong>Voc\u00ea quer se mudar, estudar ou trabalhar em um pa\u00eds que fala alem\u00e3o<\/strong> e gostaria de aproveitar melhor as oportunidades que a vida oferece!<\/span><\/li>\n<li><span><strong>Voc\u00ea sempre quis aprender alem\u00e3o<\/strong>, mas por v\u00e1rios motivos nunca teve essa oportunidade.<\/span><\/li>\n<\/ul>\n<h3 style=\"text-align: center;\">Se estivermos falando de voc\u00ea, ent\u00e3o se matricule no nosso curso de Alem\u00e3o para iniciantes!<\/h3>\n<h4 style=\"text-align: center;\">R\u00e1pido! O registro para a pr\u00f3xima temporada do Curso de Alem\u00e3o para iniciantes vai se encerrar no dia <span data-attr-id=\"33\" data-extra_key=\"5\" data-option-inline=\"1\" data-shortcode=\"thrive_global_fields\" data-shortcode-name=\"[Dates] Sign up PTBR\" style=\"\">27 de agosto de 2023<\/span><\/h4>\n","protected":false},"excerpt":{"rendered":"<p>Curso on-line de Alem\u00e3o para iniciantes Para come\u00e7ar, este curso on-line de Alem\u00e3o para iniciantes \u00e9 o ideal para voc\u00ea se: Voc\u00ea mora em um pa\u00eds que fala alem\u00e3o e se sente perdido por n\u00e3o falar a l\u00edngua, mas percebe que falar alem\u00e3o abriria muitas portas e facilitaria a vida no exterior, mas ainda n\u00e3o [&hellip;]<\/p>\n","protected":false},"author":5,"featured_media":9584,"parent":0,"menu_order":0,"comment_status":"closed","ping_status":"closed","template":"","meta":{"spay_email":""},"_links":{"self":[{"href":"https:\/\/elemelingua.com\/pt-br\/wp-json\/wp\/v2\/pages\/6258"}],"collection":[{"href":"https:\/\/elemelingua.com\/pt-br\/wp-json\/wp\/v2\/pages"}],"about":[{"href":"https:\/\/elemelingua.com\/pt-br\/wp-json\/wp\/v2\/types\/page"}],"author":[{"embeddable":true,"href":"https:\/\/elemelingua.com\/pt-br\/wp-json\/wp\/v2\/users\/5"}],"replies":[{"embeddable":true,"href":"https:\/\/elemelingua.com\/pt-br\/wp-json\/wp\/v2\/comments?post=6258"}],"version-history":[{"count":12,"href":"https:\/\/elemelingua.com\/pt-br\/wp-json\/wp\/v2\/pages\/6258\/revisions"}],"predecessor-version":[{"id":9611,"href":"https:\/\/elemelingua.com\/pt-br\/wp-json\/wp\/v2\/pages\/6258\/revisions\/9611"}],"wp:featuredmedia":[{"embeddable":true,"href":"https:\/\/elemelingua.com\/pt-br\/wp-json\/wp\/v2\/media\/9584"}],"wp:attachment":[{"href":"https:\/\/elemelingua.com\/pt-br\/wp-json\/wp\/v2\/media?parent=6258"}],"curies":[{"name":"wp","href":"https:\/\/api.w.org\/{rel}","templated":true}]}}