{"id":6284,"date":"2022-11-02T15:11:20","date_gmt":"2022-11-02T14:11:20","guid":{"rendered":"https:\/\/elemelingua.com\/clone-of-curso-on-line-de-alemao-para-iniciantes\/"},"modified":"2024-07-29T16:36:03","modified_gmt":"2024-07-29T14:36:03","slug":"curso-on-line-de-frances-para-iniciantes","status":"publish","type":"page","link":"https:\/\/elemelingua.com\/pt-br\/curso-on-line-de-frances-para-iniciantes\/","title":{"rendered":"Curso on-line de Franc\u00eas para iniciantes"},"content":{"rendered":"<h1 style=\"text-align: center;\">Curso on-line de Franc\u00eas para iniciantes<\/h1>\n<p><span><a href=\"https:\/\/elemelingua.com\/wp-content\/uploads\/2023\/09\/fr-kurs.png\"><img alt=\"\" data-id=\"7774\" width=\"239\" data-init-width=\"800\" height=\"239\" data-init-height=\"800\" title=\"fr-kurs\" src=\"https:\/\/elemelingua.com\/wp-content\/uploads\/2023\/09\/fr-kurs.png\" data-width=\"239\" data-height=\"239\" data-link-wrap=\"true\" style=\"aspect-ratio: auto 800 \/ 800;\" loading=\"lazy\"><\/a><\/span><\/p>\n<p><b>Para come\u00e7ar, este curso on-line de&nbsp;<\/b><span style=\"\"><b>Franc\u00eas&nbsp;para iniciantes<\/b><\/span><b> \u00e9 o ideal para voc\u00ea se:<\/b><\/p>\n<ul>\n<li style=\"\"><span><strong>Voc\u00ea mora em um pa\u00eds que fala franc\u00eas<\/strong> e se sente perdido por n\u00e3o falar a l\u00edngua, mas percebe que falar franc\u00eas abriria muitas portas e facilitaria a vida no exterior, mas ainda n\u00e3o se sente totalmente independente sem a ajuda de algu\u00e9m pr\u00f3ximo.<\/span><\/li>\n<li style=\"\"><span><strong>Voc\u00ea acha a l\u00edngua muito complicada<\/strong> e precisa de algu\u00e9m para simplificar!<\/span><\/li>\n<li style=\"\"><span><strong>Voc\u00ea j\u00e1 tentou estudar franc\u00eas<\/strong> em uma escola de l\u00ednguas, mas n\u00e3o surtiu efeito, porque tudo se resumia a uma decoreba de regras gramaticais que mais pareciam grego do que franc\u00eas para voc\u00ea!<\/span><\/li>\n<li style=\"\"><span><strong>Voc\u00ea quer se mudar, estudar ou trabalhar em um pa\u00eds que fala franc\u00eas<\/strong> e gostaria de aproveitar melhor as oportunidades que a vida oferece!<\/span><\/li>\n<li><span><strong>Voc\u00ea sempre quis aprender franc\u00eas<\/strong>, mas por v\u00e1rios motivos nunca teve essa oportunidade.<\/span><\/li>\n<\/ul>\n<h3 style=\"text-align: center;\">Se estivermos falando de voc\u00ea, ent\u00e3o se matricule no nosso curso de Franc\u00eas para iniciantes!<\/h3>\n<h4 style=\"text-align: center;\">R\u00e1pido! O registro para a pr\u00f3xima temporada do Curso de Franc\u00eas para iniciantes vai se encerrar no dia <span data-attr-id=\"33\" data-extra_key=\"5\" data-option-inline=\"1\" data-shortcode=\"thrive_global_fields\" data-shortcode-name=\"[Dates] Sign up PTBR\" style=\"\">4 de agosto de 2024<\/span><\/h4>\n","protected":false},"excerpt":{"rendered":"<p>Curso on-line de Franc\u00eas para iniciantes Para come\u00e7ar, este curso on-line de&nbsp;Franc\u00eas&nbsp;para iniciantes \u00e9 o ideal para voc\u00ea se: Voc\u00ea mora em um pa\u00eds que fala franc\u00eas e se sente perdido por n\u00e3o falar a l\u00edngua, mas percebe que falar franc\u00eas abriria muitas portas e facilitaria a vida no exterior, mas ainda n\u00e3o se sente [&hellip;]<\/p>\n","protected":false},"author":5,"featured_media":9595,"parent":0,"menu_order":0,"comment_status":"closed","ping_status":"closed","template":"","meta":{"spay_email":""},"_links":{"self":[{"href":"https:\/\/elemelingua.com\/pt-br\/wp-json\/wp\/v2\/pages\/6284"}],"collection":[{"href":"https:\/\/elemelingua.com\/pt-br\/wp-json\/wp\/v2\/pages"}],"about":[{"href":"https:\/\/elemelingua.com\/pt-br\/wp-json\/wp\/v2\/types\/page"}],"author":[{"embeddable":true,"href":"https:\/\/elemelingua.com\/pt-br\/wp-json\/wp\/v2\/users\/5"}],"replies":[{"embeddable":true,"href":"https:\/\/elemelingua.com\/pt-br\/wp-json\/wp\/v2\/comments?post=6284"}],"version-history":[{"count":15,"href":"https:\/\/elemelingua.com\/pt-br\/wp-json\/wp\/v2\/pages\/6284\/revisions"}],"predecessor-version":[{"id":9615,"href":"https:\/\/elemelingua.com\/pt-br\/wp-json\/wp\/v2\/pages\/6284\/revisions\/9615"}],"wp:featuredmedia":[{"embeddable":true,"href":"https:\/\/elemelingua.com\/pt-br\/wp-json\/wp\/v2\/media\/9595"}],"wp:attachment":[{"href":"https:\/\/elemelingua.com\/pt-br\/wp-json\/wp\/v2\/media?parent=6284"}],"curies":[{"name":"wp","href":"https:\/\/api.w.org\/{rel}","templated":true}]}}