{"id":9455,"date":"2024-01-07T12:21:59","date_gmt":"2024-01-07T11:21:59","guid":{"rendered":"https:\/\/elemelingua.com\/?page_id=9455"},"modified":"2024-01-07T12:31:39","modified_gmt":"2024-01-07T11:31:39","slug":"palavras","status":"publish","type":"page","link":"https:\/\/elemelingua.com\/pt-br\/palavras\/","title":{"rendered":"Curso gratuito: Como aprender vocabul\u00e1rio"},"content":{"rendered":"<p style=\"\">Voc\u00ea quer aprender vocabul\u00e1rio de forma mais eficaz em qualquer idioma?<\/p>\n<p>Inscreva-se em um curso por e-mail <strong><span style=\"--tcb-applied-color: var$(--tcb-skin-color-22) !important; color: var(--tcb-skin-color-22) !important; --tcb-text-highlight-color: rgb(11, 169, 77) !important;\">gratuito<\/span><\/strong> no qual o poliglota polon\u00eas&nbsp;<strong>Konrad Jerzak vel Dobosz<\/strong>, fundador do m\u00e9todo <strong>Elemelingua<\/strong> para aprendizado de idiomas e participante do programa de TV polonesa \u201c<strong>The Brain &#8211; Mente Genial<\/strong>\u201d, explicar os m\u00e9todos que o ajudaram a dominar v\u00e1rios idiomas estrangeiros (inclusive o portugu\u0207s).<\/p>\n<p>O curso consiste em <strong>5 li\u00e7\u00f5es<\/strong> que voc\u00ea vai receber por e-mail ao longo de<strong> 5 dias<\/strong>.<\/p>\n<p><span><img alt=\"\" data-id=\"4819\" width=\"275\" data-init-width=\"428\" height=\"214\" data-init-height=\"333\" title=\"konrad-jvd\" src=\"https:\/\/elemelingua.com\/wp-content\/uploads\/2022\/02\/konrad-jvd.png\" data-link-wrap=\"true\" data-width=\"275\" data-height=\"214\" style=\"aspect-ratio: auto 428 \/ 333;\" loading=\"lazy\"><\/span><\/p>\n","protected":false},"excerpt":{"rendered":"<p>Voc\u00ea quer aprender vocabul\u00e1rio de forma mais eficaz em qualquer idioma? Inscreva-se em um curso por e-mail gratuito no qual o poliglota polon\u00eas&nbsp;Konrad Jerzak vel Dobosz, fundador do m\u00e9todo Elemelingua para aprendizado de idiomas e participante do programa de TV polonesa \u201cThe Brain &#8211; Mente Genial\u201d, explicar os m\u00e9todos que o ajudaram a dominar v\u00e1rios [&hellip;]<\/p>\n","protected":false},"author":1,"featured_media":0,"parent":0,"menu_order":0,"comment_status":"closed","ping_status":"closed","template":"","meta":{"spay_email":""},"_links":{"self":[{"href":"https:\/\/elemelingua.com\/pt-br\/wp-json\/wp\/v2\/pages\/9455"}],"collection":[{"href":"https:\/\/elemelingua.com\/pt-br\/wp-json\/wp\/v2\/pages"}],"about":[{"href":"https:\/\/elemelingua.com\/pt-br\/wp-json\/wp\/v2\/types\/page"}],"author":[{"embeddable":true,"href":"https:\/\/elemelingua.com\/pt-br\/wp-json\/wp\/v2\/users\/1"}],"replies":[{"embeddable":true,"href":"https:\/\/elemelingua.com\/pt-br\/wp-json\/wp\/v2\/comments?post=9455"}],"version-history":[{"count":1,"href":"https:\/\/elemelingua.com\/pt-br\/wp-json\/wp\/v2\/pages\/9455\/revisions"}],"predecessor-version":[{"id":9456,"href":"https:\/\/elemelingua.com\/pt-br\/wp-json\/wp\/v2\/pages\/9455\/revisions\/9456"}],"wp:attachment":[{"href":"https:\/\/elemelingua.com\/pt-br\/wp-json\/wp\/v2\/media?parent=9455"}],"curies":[{"name":"wp","href":"https:\/\/api.w.org\/{rel}","templated":true}]}}