{"id":9555,"date":"2024-07-15T13:39:54","date_gmt":"2024-07-15T11:39:54","guid":{"rendered":"https:\/\/elemelingua.com\/?page_id=9555"},"modified":"2024-09-30T20:44:47","modified_gmt":"2024-09-30T18:44:47","slug":"curso-on-line-de-polones-para-iniciantes","status":"publish","type":"page","link":"https:\/\/elemelingua.com\/pt-br\/curso-on-line-de-polones-para-iniciantes\/","title":{"rendered":"Curso on-line de Polon\u00eas para iniciantes"},"content":{"rendered":"<h1 style=\"text-align: center;\">Curso on-line de Polon\u00eas para iniciantes<\/h1>\n<p><span><a href=\"https:\/\/elemelingua.com\/wp-content\/uploads\/2022\/11\/p_ptbr2.png\"><img alt=\"\" data-id=\"6319\" width=\"239\" data-init-width=\"1080\" height=\"424\" data-init-height=\"1920\" title=\"de_ptbr2\" src=\"https:\/\/elemelingua.com\/wp-content\/uploads\/2022\/11\/de_ptbr2.png\" data-width=\"239\" data-height=\"424\" data-link-wrap=\"true\" style=\"aspect-ratio: auto 1080 \/ 1920;\" loading=\"lazy\"><\/a><\/span><\/p>\n<p><strong>Para come\u00e7ar, este curso on-line de <span style=\"color: rgb(224, 37, 71);\">Polon\u00eas para iniciantes<\/span> \u00e9 o ideal para voc\u00ea se:<\/strong><\/p>\n<ul>\n<li style=\"\"><span><strong>Voc\u00ea mora em um pa\u00eds que fala polon\u00eas<\/strong> e se sente perdido por n\u00e3o falar a l\u00edngua, mas percebe que falar <strong>polon\u00eas<\/strong> abriria muitas portas e facilitaria a vida no exterior, mas ainda n\u00e3o se sente totalmente independente sem a ajuda de algu\u00e9m pr\u00f3ximo.<\/span><\/li>\n<li style=\"\"><span><strong>Voc\u00ea acha a l\u00edngua muito complicada<\/strong> e precisa de algu\u00e9m para simplificar!<\/span><\/li>\n<li style=\"\"><span><strong>Voc\u00ea j\u00e1 tentou estudar <strong>polon\u00eas<\/strong><\/strong> em uma escola de l\u00ednguas, mas n\u00e3o surtiu efeito, porque tudo se resumia a uma decoreba de regras gramaticais que mais pareciam grego do que <strong>polon\u00eas<\/strong> para voc\u00ea!<\/span><\/li>\n<li style=\"\"><span><strong>Voc\u00ea quer se mudar, estudar ou trabalhar em um pa\u00eds que fala <strong>polon\u00eas<\/strong><\/strong> e gostaria de aproveitar melhor as oportunidades que a vida oferece!<\/span><\/li>\n<li><span><strong>Voc\u00ea sempre quis aprender <strong>polon\u00eas<\/strong><\/strong>, mas por v\u00e1rios motivos nunca teve essa oportunidade.<\/span><\/li>\n<\/ul>\n<h3 style=\"text-align: center;\">Se estivermos falando de voc\u00ea, ent\u00e3o se matricule no nosso curso de <strong>Polon\u00eas<\/strong> para iniciantes!<\/h3>\n<h4 style=\"text-align: center;\">R\u00e1pido! O registro para a pr\u00f3xima temporada do Curso de <strong>Polon\u00eas<\/strong> para iniciantes vai se encerrar no dia <span data-attr-id=\"33\" data-extra_key=\"5\" data-option-inline=\"1\" data-shortcode=\"thrive_global_fields\" data-shortcode-name=\"[Dates] Sign up PTBR\" style=\"\">21 de julho de 2024<\/span><\/h4>\n","protected":false},"excerpt":{"rendered":"<p>Curso on-line de Polon\u00eas para iniciantes Para come\u00e7ar, este curso on-line de Polon\u00eas para iniciantes \u00e9 o ideal para voc\u00ea se: Voc\u00ea mora em um pa\u00eds que fala polon\u00eas e se sente perdido por n\u00e3o falar a l\u00edngua, mas percebe que falar polon\u00eas abriria muitas portas e facilitaria a vida no exterior, mas ainda n\u00e3o [&hellip;]<\/p>\n","protected":false},"author":11,"featured_media":9617,"parent":0,"menu_order":0,"comment_status":"closed","ping_status":"closed","template":"","meta":{"spay_email":""},"_links":{"self":[{"href":"https:\/\/elemelingua.com\/pt-br\/wp-json\/wp\/v2\/pages\/9555"}],"collection":[{"href":"https:\/\/elemelingua.com\/pt-br\/wp-json\/wp\/v2\/pages"}],"about":[{"href":"https:\/\/elemelingua.com\/pt-br\/wp-json\/wp\/v2\/types\/page"}],"author":[{"embeddable":true,"href":"https:\/\/elemelingua.com\/pt-br\/wp-json\/wp\/v2\/users\/11"}],"replies":[{"embeddable":true,"href":"https:\/\/elemelingua.com\/pt-br\/wp-json\/wp\/v2\/comments?post=9555"}],"version-history":[{"count":6,"href":"https:\/\/elemelingua.com\/pt-br\/wp-json\/wp\/v2\/pages\/9555\/revisions"}],"predecessor-version":[{"id":9628,"href":"https:\/\/elemelingua.com\/pt-br\/wp-json\/wp\/v2\/pages\/9555\/revisions\/9628"}],"wp:featuredmedia":[{"embeddable":true,"href":"https:\/\/elemelingua.com\/pt-br\/wp-json\/wp\/v2\/media\/9617"}],"wp:attachment":[{"href":"https:\/\/elemelingua.com\/pt-br\/wp-json\/wp\/v2\/media?parent=9555"}],"curies":[{"name":"wp","href":"https:\/\/api.w.org\/{rel}","templated":true}]}}