{"id":6250,"date":"2022-10-31T14:43:15","date_gmt":"2022-10-31T13:43:15","guid":{"rendered":"https:\/\/elemelingua.com\/?post_type=product&#038;p=6250"},"modified":"2024-07-29T16:25:46","modified_gmt":"2024-07-29T14:25:46","slug":"alemao-para-iniciantes","status":"publish","type":"product","link":"https:\/\/elemelingua.com\/pt-br\/produto\/alemao-para-iniciantes\/","title":{"rendered":"Alem\u00e3o para iniciantes"},"content":{"rendered":"<p dir=\"ltr\">Voc\u00ea quer aprender alem\u00e3o, mas n\u00e3o sabe como dar o pontap\u00e9 inicial? Estamos aqui para ajudar! J\u00e1 preparamos e organizamos o curso para voc\u00ea, ent\u00e3o s\u00f3 \u00e9 preciso se focar em aprender! Se inscreva no nosso curso de Alem\u00e3o para iniciantes e comece a falar desde j\u00e1!<\/p>\n<ul>\n<li>A pr\u00f3xima temporada para o curso de <strong>A<\/strong><strong>lem\u00e3o para iniciantes<\/strong> come\u00e7ar\u00e1 em <strong><span data-shortcode=\"thrive_global_fields\" data-shortcode-name=\"[Dates] Start Date PTBR\" data-extra_key=\"5\" data-attr-id=\"32\" data-option-inline=\"1\">5 de setembro de 2023<\/span><\/strong><\/li>\n<li>Prazo para inscri\u00e7\u00e3o: at\u00e9 <strong><span data-shortcode=\"thrive_global_fields\" data-shortcode-name=\"[Dates] Sign up PTBR\" data-extra_key=\"5\" data-attr-id=\"33\" data-option-inline=\"1\">3 de setembro de 2023<\/span><\/strong><\/li>\n<li>Curso dispon\u00edvel para <strong><span style=\"color: #e68c2d;\">falantes de portugu\u00eas<\/span><\/strong><\/li>\n<\/ul>\n<p><a href=\"https:\/\/elemelingua.com\/wp-content\/uploads\/2021\/10\/globott-attention.png\"><img loading=\"lazy\" title=\"globott-attention\" src=\"https:\/\/elemelingua.com\/wp-content\/uploads\/2021\/10\/globott-attention.png\" alt=\"\" width=\"81\" height=\"101\" data-id=\"3483\" data-init-width=\"213\" data-init-height=\"266\" data-width=\"81\" data-height=\"101\" data-link-wrap=\"true\" \/><\/a><\/p>\n<ul>\n<li><strong>N\u00c3O DEIXE para se inscrever no <span style=\"color: var(--tcb-color-1);\">curso de Alem\u00e3o<\/span> aos 45 do segundo tempo!\u00a0<\/strong><\/li>\n<li><strong>Depois de passar do momento das inscri\u00e7\u00f5es, n\u00e3o colocamos mais ningu\u00e9m na lista de participantes.<\/strong><\/li>\n<\/ul>\n<h1>Quanto custa?<\/h1>\n<ul>\n<li>Nosso curso de <strong>Alem\u00e3o para iniciantes<\/strong> custa apenas <strong>EUR 300<\/strong> (cerca de R$ 1600,00).<\/li>\n<li>Voc\u00ea pode pagar em 6 parcelas de <strong>EUR 50<\/strong> (cerca de R$ 260,00) cada.<\/li>\n<li>Voc\u00ea pode pagar em quaisquer moedas dispon\u00edveis (<strong>EUR, USD, GBP, PLN, BRL<\/strong>). Use o \u00edcone \u00e0 direita para mudar a moeda que \u00e9 mais conveniente para voc\u00ea.<\/li>\n<li><strong>O pre\u00e7o base \u00e9 em EUR (euros).<\/strong> Quando voc\u00ea escolher outra moeda, o pre\u00e7o ser\u00e1 convertido para a cota\u00e7\u00e3o daquele dia em quest\u00e3o<\/li>\n<\/ul>\n<h1 style=\"color: #e68c2d !important; --tcb-applied-color: #e68c2d !important;\">Formas de Pagamento<\/h1>\n<ul>\n<li><strong>Cart\u00e3o de d\u00e9bito ou cr\u00e9dito<\/strong> (usamos <strong>Stripe<\/strong> para processar com seguran\u00e7a todos os pagamentos feitos na nossa plataforma)<\/li>\n<li><strong>PayPal<\/strong><\/li>\n<li><strong>Google Pay<\/strong><\/li>\n<li><strong>Apple Pay<\/strong><\/li>\n<li><strong>Meios de pagamento locais<\/strong> (dispon\u00edvel em alguns pa\u00edses e em algumas moedas)<\/li>\n<\/ul>\n<h1>Como posso me matricular?<\/h1>\n<ul>\n<li>Depois de efetuar o pagamento, voc\u00ea receber\u00e1 um e-mail de confirma\u00e7\u00e3o do seu pedido. \u00c9 tamb\u00e9m uma confirma\u00e7\u00e3o da sua reserva.<\/li>\n<li>O curso vai come\u00e7ar em <strong><span data-shortcode=\"thrive_global_fields\" data-shortcode-name=\"[Dates] Start Date PTBR\" data-extra_key=\"5\" data-attr-id=\"32\" data-option-inline=\"1\">5 de setembro de 2023<\/span><\/strong>, mas voc\u00ea vai receber as instru\u00e7\u00f5es por e-mail depois de encerrarmos a fase de inscri\u00e7\u00f5es (em <strong><span data-shortcode=\"thrive_global_fields\" data-shortcode-name=\"[Dates] Sign up PTBR\" data-extra_key=\"5\" data-attr-id=\"33\" data-option-inline=\"1\">3 de setembro de 2023<\/span><\/strong>).<\/li>\n<li>Voc\u00ea vai receber todos os acessos necess\u00e1rios e ser\u00e1 colocado no seu grupo de estudo entre <strong><span data-shortcode=\"thrive_global_fields\" data-shortcode-name=\"[Dates] Sign up PTBR\" data-extra_key=\"5\" data-attr-id=\"33\" data-option-inline=\"1\">3 de setembro de 2023<\/span><\/strong> e <strong><span data-shortcode=\"thrive_global_fields\" data-shortcode-name=\"[Dates] Start Date PTBR\" data-extra_key=\"5\" data-attr-id=\"32\" data-option-inline=\"1\">5 de setembro de 2023<\/span><\/strong>.<\/li>\n<li>Se tiver quaisquer d\u00favidas ou problemas, entre em contato com a nossa equipe em <strong><span data-attr-id=\"5\" data-extra_key=\"1\" data-option-inline=\"1\" data-shortcode=\"thrive_global_fields\" data-shortcode-name=\"[Company] Email address\">info@elemelingua.com<\/span><\/strong><\/li>\n<\/ul>\n<h1>Perguntas Frequentes<\/h1>\n","protected":false},"excerpt":{"rendered":"<p>Voc\u00ea quer aprender alem\u00e3o, mas n\u00e3o sabe como dar o pontap\u00e9 inicial? Estamos aqui para ajudar! J\u00e1 preparamos e organizamos o curso para voc\u00ea, ent\u00e3o s\u00f3 \u00e9 preciso se focar em aprender! Se inscreva no nosso curso de Alem\u00e3o para iniciantes e comece a falar desde j\u00e1! A pr\u00f3xima temporada para o curso de Alem\u00e3o [&hellip;]<\/p>\n","protected":false},"featured_media":9584,"comment_status":"open","ping_status":"closed","template":"","meta":{"spay_email":""},"product_cat":[241,260,258],"product_tag":[252],"_links":{"self":[{"href":"https:\/\/elemelingua.com\/pt-br\/wp-json\/wp\/v2\/product\/6250"}],"collection":[{"href":"https:\/\/elemelingua.com\/pt-br\/wp-json\/wp\/v2\/product"}],"about":[{"href":"https:\/\/elemelingua.com\/pt-br\/wp-json\/wp\/v2\/types\/product"}],"replies":[{"embeddable":true,"href":"https:\/\/elemelingua.com\/pt-br\/wp-json\/wp\/v2\/comments?post=6250"}],"wp:featuredmedia":[{"embeddable":true,"href":"https:\/\/elemelingua.com\/pt-br\/wp-json\/wp\/v2\/media\/9584"}],"wp:attachment":[{"href":"https:\/\/elemelingua.com\/pt-br\/wp-json\/wp\/v2\/media?parent=6250"}],"wp:term":[{"taxonomy":"product_cat","embeddable":true,"href":"https:\/\/elemelingua.com\/pt-br\/wp-json\/wp\/v2\/product_cat?post=6250"},{"taxonomy":"product_tag","embeddable":true,"href":"https:\/\/elemelingua.com\/pt-br\/wp-json\/wp\/v2\/product_tag?post=6250"}],"curies":[{"name":"wp","href":"https:\/\/api.w.org\/{rel}","templated":true}]}}